{"id":86,"date":"2018-01-11T12:14:46","date_gmt":"2018-01-11T11:14:46","guid":{"rendered":"http:\/\/webgrapher.fr\/tradissima\/?page_id=86"},"modified":"2018-06-04T20:44:03","modified_gmt":"2018-06-04T18:44:03","slug":"processus","status":"publish","type":"page","link":"https:\/\/www.tradissima.com\/en\/expertise\/processus\/","title":{"rendered":"At Tradissima, we implement a tried and tested process that is a token of high-quality"},"content":{"rendered":"<p><img loading=\"lazy\" decoding=\"async\" class=\"alignnone size-full wp-image-511\" src=\"https:\/\/www.tradissima.com\/wp-content\/uploads\/2018\/04\/PEN-normal-EN.jpg\" alt=\"\" width=\"800\" height=\"861\" srcset=\"https:\/\/www.tradissima.com\/wp-content\/uploads\/2018\/04\/PEN-normal-EN.jpg 800w, https:\/\/www.tradissima.com\/wp-content\/uploads\/2018\/04\/PEN-normal-EN-279x300.jpg 279w, https:\/\/www.tradissima.com\/wp-content\/uploads\/2018\/04\/PEN-normal-EN-768x827.jpg 768w\" sizes=\"auto, (max-width: 800px) 100vw, 800px\" \/><\/p>\n<h2>Our work process, or the key to success<\/h2>\n<p>Translation means transposing content that has been written in a given (source) language into another (target) language. First and foremost, it involves understanding and re-phrasing ideas, which implies linguistic and specific knowledge.<\/p>\n<p>At Tradissima, we have developed a rigorous methodological process, which we apply to all our projects and which guarantees the efficiency and excellence of all our work, no matter what the specialist field is.<\/p>\n<h2>Identifying needs<\/h2>\n<p>Guidelines, deadline and budget: preparation is a major step of the translation process. It is essential to check content upstream of the process and to gather the various requirements and expectations expressed by the client. We must also prepare the files in a format that is compatible with terminology and translation tools, and create a translation memory based on any existing reference documents\/glossaries or previously translated content. All these parameters are defined in detail with the client when the quote is first drafted.<\/p>\n<h2>Professional translation<\/h2>\n<p>Translation is carried out with great care using CAT tools: linguists use various physical and online dictionaries; they also address any questions they may have to the client and carry out extensive research depending on the line of business concerned.<\/p>\n<p>The translator generally seeks support from dictionaries; not so much to find the appropriate word or expression but rather to overcome a deadlock. Most of the time, the goal is to find an equivalent expression and to select the most suitable word, taking into account cultural, contextual, technical as well as stylistic aspects. Translators also rely on translation memories, which are databases that contain all previous missions carried out for the clients. These are enriched each time a new project is finalised.<\/p>\n<p>Maintaining these memories guarantees a consistent and uniform translation style, as well as the standardisation of company-specific terminology. This data centralisation also enables us to maintain unfailing responsiveness and optimal execution speeds.<\/p>\n<h2>Translation proofreading<\/h2>\n<p>The translator always proofreads their document with great care. This quality-assurance mission involves going over the translation and rephrasing sections when needed in order to improve flow, correcting any typos, spelling or grammatical errors (using the powerful \u201cAntidote\u201d software), checking formatting elements such as tags as well as the final layout. If necessary, or at the client\u2019s request, a second translator can be called upon (\u201cdual approval\u201d principle).<\/p>\n<h2>Delivery of the translated documents<\/h2>\n<p>The translator sends the translated material (by email) to the client, in strict keeping with the agreed deadline and requesting confirmation of receipt. At Tradissima, we make it a point of honour to deliver at the specific date and time stated in the quote and in the purchase order, as well as to make sure the client has received their order.<\/p>\n<h2>Corrections<\/h2>\n<p>At Tradissima, we encourage our clients to communicate any alterations, corrections and possible improvements they make to the delivered file, particularly in view of updating their translation memory. Constant communication with our clients is the key to guaranteeing the success of each and every project.\u00a0Regular updates on both sides enable us to avoid mistakes and misunderstandings while saving time when dealing with future projects.<\/p>\n<p>Customer satisfaction is our utmost priority and is guaranteed by open communication and unmatched flexibility.<\/p>\n<h2>Final document delivery<\/h2>\n<p>Once these changes have been made, the translator carries out one last overall quality check (spelling, layout), still in keeping with the second deadline communicated to the client. The final material is delivered by email, again with a request to confirm receipt.<\/p>\n<h2>Archiving of final documents<\/h2>\n<p>The last step of a project involves archiving the final documents, both in a client file and on a secure server. Security is also at the heart of our preoccupations and we regularly sign confidentiality agreements and non-disclosure agreements before taking on translation projects.<\/p>\n<p>In addition to this, the confidentiality of your documents is guaranteed by a sophisticated protection system: files are password protected and real-time back-ups are performed on all our computers.<\/p>","protected":false},"excerpt":{"rendered":"<p>Our work process, or the key to success Translation means transposing content that has been written in a given (source) language into another (target) language. First and foremost, it involves understanding and re-phrasing ideas, which implies linguistic and specific knowledge. At Tradissima, we have developed a rigorous methodological process, which we apply to all our [&hellip;]<\/p>\n","protected":false},"author":2,"featured_media":0,"parent":84,"menu_order":0,"comment_status":"closed","ping_status":"closed","template":"","meta":{"_acf_changed":false,"footnotes":""},"class_list":["post-86","page","type-page","status-publish","hentry"],"acf":[],"yoast_head":"<!-- This site is optimized with the Yoast SEO plugin v27.4 - https:\/\/yoast.com\/product\/yoast-seo-wordpress\/ -->\n<title>Un processus de travail parfaitement organis\u00e9, gage d\u2019excellence<\/title>\n<meta name=\"description\" content=\"Tradissima r\u00e9pond \u00e0 toutes vos demandes en appliquant un processus bien d\u00e9fini, int\u00e9grant traduction, correction, dialogue avec le client et archivage.\" \/>\n<meta name=\"robots\" content=\"index, follow, max-snippet:-1, max-image-preview:large, max-video-preview:-1\" \/>\n<link rel=\"canonical\" href=\"https:\/\/www.tradissima.com\/expertise\/processus\/\" \/>\n<meta property=\"og:locale\" content=\"en_US\" \/>\n<meta property=\"og:type\" content=\"article\" \/>\n<meta property=\"og:title\" content=\"Un processus de travail parfaitement organis\u00e9, gage d\u2019excellence\" \/>\n<meta property=\"og:description\" content=\"Tradissima r\u00e9pond \u00e0 toutes vos demandes en appliquant un processus bien d\u00e9fini, int\u00e9grant traduction, correction, dialogue avec le client et archivage.\" \/>\n<meta property=\"og:url\" content=\"https:\/\/www.tradissima.com\/expertise\/processus\/\" \/>\n<meta property=\"og:site_name\" content=\"Traduction professionnelle multilingue de qualit\u00e9, devis en ligne\" \/>\n<meta property=\"article:modified_time\" content=\"2018-06-04T18:44:03+00:00\" \/>\n<meta property=\"og:image\" content=\"https:\/\/www.tradissima.com\/wp-content\/uploads\/2018\/01\/Graph-Tradissima-REWORK.jpg\" \/>\n<meta name=\"twitter:card\" content=\"summary_large_image\" \/>\n<meta name=\"twitter:label1\" content=\"Est. reading time\" \/>\n\t<meta name=\"twitter:data1\" content=\"7 minutes\" \/>\n<script type=\"application\/ld+json\" class=\"yoast-schema-graph\">{\"@context\":\"https:\\\/\\\/schema.org\",\"@graph\":[{\"@type\":\"WebPage\",\"@id\":\"https:\\\/\\\/www.tradissima.com\\\/expertise\\\/processus\\\/\",\"url\":\"https:\\\/\\\/www.tradissima.com\\\/expertise\\\/processus\\\/\",\"name\":\"Un processus de travail parfaitement organis\u00e9, gage d\u2019excellence\",\"isPartOf\":{\"@id\":\"https:\\\/\\\/www.tradissima.com\\\/#website\"},\"primaryImageOfPage\":{\"@id\":\"https:\\\/\\\/www.tradissima.com\\\/expertise\\\/processus\\\/#primaryimage\"},\"image\":{\"@id\":\"https:\\\/\\\/www.tradissima.com\\\/expertise\\\/processus\\\/#primaryimage\"},\"thumbnailUrl\":\"https:\\\/\\\/www.tradissima.com\\\/wp-content\\\/uploads\\\/2018\\\/01\\\/Graph-Tradissima-REWORK.jpg\",\"datePublished\":\"2018-01-11T11:14:46+00:00\",\"dateModified\":\"2018-06-04T18:44:03+00:00\",\"description\":\"Tradissima r\u00e9pond \u00e0 toutes vos demandes en appliquant un processus bien d\u00e9fini, int\u00e9grant traduction, correction, dialogue avec le client et archivage.\",\"breadcrumb\":{\"@id\":\"https:\\\/\\\/www.tradissima.com\\\/expertise\\\/processus\\\/#breadcrumb\"},\"inLanguage\":\"en-US\",\"potentialAction\":[{\"@type\":\"ReadAction\",\"target\":[\"https:\\\/\\\/www.tradissima.com\\\/expertise\\\/processus\\\/\"]}]},{\"@type\":\"ImageObject\",\"inLanguage\":\"en-US\",\"@id\":\"https:\\\/\\\/www.tradissima.com\\\/expertise\\\/processus\\\/#primaryimage\",\"url\":\"https:\\\/\\\/www.tradissima.com\\\/wp-content\\\/uploads\\\/2018\\\/01\\\/Graph-Tradissima-REWORK.jpg\",\"contentUrl\":\"https:\\\/\\\/www.tradissima.com\\\/wp-content\\\/uploads\\\/2018\\\/01\\\/Graph-Tradissima-REWORK.jpg\"},{\"@type\":\"BreadcrumbList\",\"@id\":\"https:\\\/\\\/www.tradissima.com\\\/expertise\\\/processus\\\/#breadcrumb\",\"itemListElement\":[{\"@type\":\"ListItem\",\"position\":1,\"name\":\"Accueil\",\"item\":\"https:\\\/\\\/www.tradissima.com\\\/\"},{\"@type\":\"ListItem\",\"position\":2,\"name\":\"Expertise\",\"item\":\"https:\\\/\\\/www.tradissima.com\\\/expertise\\\/\"},{\"@type\":\"ListItem\",\"position\":3,\"name\":\"Tradissima d\u00e9ploie un processus \u00e9prouv\u00e9 et gage de qualit\u00e9\"}]},{\"@type\":\"WebSite\",\"@id\":\"https:\\\/\\\/www.tradissima.com\\\/#website\",\"url\":\"https:\\\/\\\/www.tradissima.com\\\/\",\"name\":\"Traduction professionnelle multilingue de qualit\u00e9, devis en ligne\",\"description\":\"Services de traduction et de relecture multilingues par des experts natifs sp\u00e9cialis\u00e9s dans de nombreux domaines, devis comp\u00e9titif adress\u00e9 sous 2 heures\",\"potentialAction\":[{\"@type\":\"SearchAction\",\"target\":{\"@type\":\"EntryPoint\",\"urlTemplate\":\"https:\\\/\\\/www.tradissima.com\\\/?s={search_term_string}\"},\"query-input\":{\"@type\":\"PropertyValueSpecification\",\"valueRequired\":true,\"valueName\":\"search_term_string\"}}],\"inLanguage\":\"en-US\"}]}<\/script>\n<!-- \/ Yoast SEO plugin. -->","yoast_head_json":{"title":"Un processus de travail parfaitement organis\u00e9, gage d\u2019excellence","description":"Tradissima r\u00e9pond \u00e0 toutes vos demandes en appliquant un processus bien d\u00e9fini, int\u00e9grant traduction, correction, dialogue avec le client et archivage.","robots":{"index":"index","follow":"follow","max-snippet":"max-snippet:-1","max-image-preview":"max-image-preview:large","max-video-preview":"max-video-preview:-1"},"canonical":"https:\/\/www.tradissima.com\/expertise\/processus\/","og_locale":"en_US","og_type":"article","og_title":"Un processus de travail parfaitement organis\u00e9, gage d\u2019excellence","og_description":"Tradissima r\u00e9pond \u00e0 toutes vos demandes en appliquant un processus bien d\u00e9fini, int\u00e9grant traduction, correction, dialogue avec le client et archivage.","og_url":"https:\/\/www.tradissima.com\/expertise\/processus\/","og_site_name":"Traduction professionnelle multilingue de qualit\u00e9, devis en ligne","article_modified_time":"2018-06-04T18:44:03+00:00","og_image":[{"url":"https:\/\/www.tradissima.com\/wp-content\/uploads\/2018\/01\/Graph-Tradissima-REWORK.jpg","type":"","width":"","height":""}],"twitter_card":"summary_large_image","twitter_misc":{"Est. reading time":"7 minutes"},"schema":{"@context":"https:\/\/schema.org","@graph":[{"@type":"WebPage","@id":"https:\/\/www.tradissima.com\/expertise\/processus\/","url":"https:\/\/www.tradissima.com\/expertise\/processus\/","name":"Un processus de travail parfaitement organis\u00e9, gage d\u2019excellence","isPartOf":{"@id":"https:\/\/www.tradissima.com\/#website"},"primaryImageOfPage":{"@id":"https:\/\/www.tradissima.com\/expertise\/processus\/#primaryimage"},"image":{"@id":"https:\/\/www.tradissima.com\/expertise\/processus\/#primaryimage"},"thumbnailUrl":"https:\/\/www.tradissima.com\/wp-content\/uploads\/2018\/01\/Graph-Tradissima-REWORK.jpg","datePublished":"2018-01-11T11:14:46+00:00","dateModified":"2018-06-04T18:44:03+00:00","description":"Tradissima r\u00e9pond \u00e0 toutes vos demandes en appliquant un processus bien d\u00e9fini, int\u00e9grant traduction, correction, dialogue avec le client et archivage.","breadcrumb":{"@id":"https:\/\/www.tradissima.com\/expertise\/processus\/#breadcrumb"},"inLanguage":"en-US","potentialAction":[{"@type":"ReadAction","target":["https:\/\/www.tradissima.com\/expertise\/processus\/"]}]},{"@type":"ImageObject","inLanguage":"en-US","@id":"https:\/\/www.tradissima.com\/expertise\/processus\/#primaryimage","url":"https:\/\/www.tradissima.com\/wp-content\/uploads\/2018\/01\/Graph-Tradissima-REWORK.jpg","contentUrl":"https:\/\/www.tradissima.com\/wp-content\/uploads\/2018\/01\/Graph-Tradissima-REWORK.jpg"},{"@type":"BreadcrumbList","@id":"https:\/\/www.tradissima.com\/expertise\/processus\/#breadcrumb","itemListElement":[{"@type":"ListItem","position":1,"name":"Accueil","item":"https:\/\/www.tradissima.com\/"},{"@type":"ListItem","position":2,"name":"Expertise","item":"https:\/\/www.tradissima.com\/expertise\/"},{"@type":"ListItem","position":3,"name":"Tradissima d\u00e9ploie un processus \u00e9prouv\u00e9 et gage de qualit\u00e9"}]},{"@type":"WebSite","@id":"https:\/\/www.tradissima.com\/#website","url":"https:\/\/www.tradissima.com\/","name":"Traduction professionnelle multilingue de qualit\u00e9, devis en ligne","description":"Services de traduction et de relecture multilingues par des experts natifs sp\u00e9cialis\u00e9s dans de nombreux domaines, devis comp\u00e9titif adress\u00e9 sous 2 heures","potentialAction":[{"@type":"SearchAction","target":{"@type":"EntryPoint","urlTemplate":"https:\/\/www.tradissima.com\/?s={search_term_string}"},"query-input":{"@type":"PropertyValueSpecification","valueRequired":true,"valueName":"search_term_string"}}],"inLanguage":"en-US"}]}},"_links":{"self":[{"href":"https:\/\/www.tradissima.com\/en\/wp-json\/wp\/v2\/pages\/86","targetHints":{"allow":["GET"]}}],"collection":[{"href":"https:\/\/www.tradissima.com\/en\/wp-json\/wp\/v2\/pages"}],"about":[{"href":"https:\/\/www.tradissima.com\/en\/wp-json\/wp\/v2\/types\/page"}],"author":[{"embeddable":true,"href":"https:\/\/www.tradissima.com\/en\/wp-json\/wp\/v2\/users\/2"}],"replies":[{"embeddable":true,"href":"https:\/\/www.tradissima.com\/en\/wp-json\/wp\/v2\/comments?post=86"}],"version-history":[{"count":17,"href":"https:\/\/www.tradissima.com\/en\/wp-json\/wp\/v2\/pages\/86\/revisions"}],"predecessor-version":[{"id":536,"href":"https:\/\/www.tradissima.com\/en\/wp-json\/wp\/v2\/pages\/86\/revisions\/536"}],"up":[{"embeddable":true,"href":"https:\/\/www.tradissima.com\/en\/wp-json\/wp\/v2\/pages\/84"}],"wp:attachment":[{"href":"https:\/\/www.tradissima.com\/en\/wp-json\/wp\/v2\/media?parent=86"}],"curies":[{"name":"wp","href":"https:\/\/api.w.org\/{rel}","templated":true}]}}