{"id":82,"date":"2018-01-11T12:08:43","date_gmt":"2018-01-11T11:08:43","guid":{"rendered":"http:\/\/webgrapher.fr\/tradissima\/?page_id=82"},"modified":"2018-06-04T20:49:14","modified_gmt":"2018-06-04T18:49:14","slug":"valeurs","status":"publish","type":"page","link":"https:\/\/www.tradissima.com\/en\/valeurs\/","title":{"rendered":"Quality, reactivity, punctuality, confidentiality and security"},"content":{"rendered":"<p>Here at Tradissima, we are happy to support all your linguistic projects, regardless of language, line of business or scope.<br \/>\nDrawing on our passion, our expertise in various fields, our extensive experience and our values, we commit to meeting all your needs while remaining attentive, open-minded and guaranteeing high-quality and accuracy, responsiveness and confidentiality.<\/p>\n<h2>Quality is at the heart of our mission<\/h2>\n<p>We begin upstream, by seeking to understand and identify your needs (definition of a budget\/deadline).<br \/>\nThen the translation is carried out and terminology questions are asked if necessary. This guarantees that the translator uses the right words in the right place and remains true to the company\u2019s culture and philosophy. The translation is carefully and thoroughly proofread: a real and essential QA process is carried out.<\/p>\n<p>To guarantee consistency from one project to another, we create translation memories and terminology bases, which also enables us to gain customer loyalty. We welcome all constructive comments and feedback in order to promote constant and continued improvement.<\/p>\n<p><img loading=\"lazy\" decoding=\"async\" class=\"alignnone size-full wp-image-129\" src=\"https:\/\/www.tradissima.com\/wp-content\/uploads\/2018\/01\/qualite\u0301-e1516208050342.jpg\" alt=\"\" width=\"770\" height=\"509\" \/><\/p>\n<h2>Responsiveness: one of our guiding principles at Tradissima<\/h2>\n<p>Client requests are often urgent and require a great deal of flexibility. We commit to answering all your queries within 2 hours, along with providing a very precise estimate and deadline. Both will be kept to at all costs.<br \/>\nDeadlines depend on the length of the text and its degree of technicality and are always agreed on in advance with the client.<\/p>\n<p>We are also able to process emergency translation projects in view of quickly delivering documents that meet your requirements.<\/p>\n<p><img loading=\"lazy\" decoding=\"async\" class=\"alignnone size-full wp-image-130\" src=\"https:\/\/www.tradissima.com\/wp-content\/uploads\/2018\/01\/re\u0301activite\u0301-e1516208095456.jpg\" alt=\"\" width=\"770\" height=\"578\" \/><\/p>\n<h2>Security and confidentiality guarantee<\/h2>\n<p>Security and confidentiality are key aspects of the business world. All translations carried out by us are saved and archived on dedicated backup drives.<\/p>\n<p>This means we are able to provide you with a copy of your documents on request. Moreover, we commit to doing all we can to guarantee the utmost confidentiality regarding the nature of the translation mission as well as all texts and personal information you entrust us with.<\/p>\n<p>We use professional anti-virus software and secure data transmission systems.<\/p>\n<p><img loading=\"lazy\" decoding=\"async\" class=\"alignnone size-full wp-image-133\" src=\"https:\/\/www.tradissima.com\/wp-content\/uploads\/2018\/01\/securite\u0301-garantie-e1516208251282.jpg\" alt=\"\" width=\"770\" height=\"545\" \/><\/p>\n<p>&nbsp;<\/p>","protected":false},"excerpt":{"rendered":"<p>Here at Tradissima, we are happy to support all your linguistic projects, regardless of language, line of business or scope. Drawing on our passion, our expertise in various fields, our extensive experience and our values, we commit to meeting all your needs while remaining attentive, open-minded and guaranteeing high-quality and accuracy, responsiveness and confidentiality. Quality [&hellip;]<\/p>\n","protected":false},"author":2,"featured_media":0,"parent":0,"menu_order":0,"comment_status":"closed","ping_status":"closed","template":"","meta":{"_acf_changed":false,"footnotes":""},"class_list":["post-82","page","type-page","status-publish","hentry"],"acf":[],"yoast_head":"<!-- This site is optimized with the Yoast SEO plugin v27.4 - https:\/\/yoast.com\/product\/yoast-seo-wordpress\/ -->\n<title>Tradissima, la garantie qualit\u00e9, r\u00e9activit\u00e9 et confidentialit\u00e9<\/title>\n<meta name=\"description\" content=\"Tradissima d\u00e9ploie tous ses efforts pour r\u00e9aliser des prestations de qualit\u00e9, dans le plus grand respect des d\u00e9lais, de la confidentialit\u00e9 et de la s\u00e9curit\u00e9.\" \/>\n<meta name=\"robots\" content=\"index, follow, max-snippet:-1, max-image-preview:large, max-video-preview:-1\" \/>\n<link rel=\"canonical\" href=\"https:\/\/www.tradissima.com\/valeurs\/\" \/>\n<meta property=\"og:locale\" content=\"en_US\" \/>\n<meta property=\"og:type\" content=\"article\" \/>\n<meta property=\"og:title\" content=\"Tradissima, la garantie qualit\u00e9, r\u00e9activit\u00e9 et confidentialit\u00e9\" \/>\n<meta property=\"og:description\" content=\"Tradissima d\u00e9ploie tous ses efforts pour r\u00e9aliser des prestations de qualit\u00e9, dans le plus grand respect des d\u00e9lais, de la confidentialit\u00e9 et de la s\u00e9curit\u00e9.\" \/>\n<meta property=\"og:url\" content=\"https:\/\/www.tradissima.com\/valeurs\/\" \/>\n<meta property=\"og:site_name\" content=\"Traduction professionnelle multilingue de qualit\u00e9, devis en ligne\" \/>\n<meta property=\"article:modified_time\" content=\"2018-06-04T18:49:14+00:00\" \/>\n<meta property=\"og:image\" content=\"https:\/\/www.tradissima.com\/wp-content\/uploads\/2018\/01\/qualite\u0301-e1516208050342.jpg\" \/>\n<meta name=\"twitter:card\" content=\"summary_large_image\" \/>\n<meta name=\"twitter:label1\" content=\"Est. reading time\" \/>\n\t<meta name=\"twitter:data1\" content=\"4 minutes\" \/>\n<script type=\"application\/ld+json\" class=\"yoast-schema-graph\">{\"@context\":\"https:\\\/\\\/schema.org\",\"@graph\":[{\"@type\":\"WebPage\",\"@id\":\"https:\\\/\\\/www.tradissima.com\\\/valeurs\\\/\",\"url\":\"https:\\\/\\\/www.tradissima.com\\\/valeurs\\\/\",\"name\":\"Tradissima, la garantie qualit\u00e9, r\u00e9activit\u00e9 et confidentialit\u00e9\",\"isPartOf\":{\"@id\":\"https:\\\/\\\/www.tradissima.com\\\/#website\"},\"datePublished\":\"2018-01-11T11:08:43+00:00\",\"dateModified\":\"2018-06-04T18:49:14+00:00\",\"description\":\"Tradissima d\u00e9ploie tous ses efforts pour r\u00e9aliser des prestations de qualit\u00e9, dans le plus grand respect des d\u00e9lais, de la confidentialit\u00e9 et de la s\u00e9curit\u00e9.\",\"breadcrumb\":{\"@id\":\"https:\\\/\\\/www.tradissima.com\\\/valeurs\\\/#breadcrumb\"},\"inLanguage\":\"en-US\",\"potentialAction\":[{\"@type\":\"ReadAction\",\"target\":[\"https:\\\/\\\/www.tradissima.com\\\/valeurs\\\/\"]}]},{\"@type\":\"BreadcrumbList\",\"@id\":\"https:\\\/\\\/www.tradissima.com\\\/valeurs\\\/#breadcrumb\",\"itemListElement\":[{\"@type\":\"ListItem\",\"position\":1,\"name\":\"Accueil\",\"item\":\"https:\\\/\\\/www.tradissima.com\\\/\"},{\"@type\":\"ListItem\",\"position\":2,\"name\":\"Qualit\u00e9, r\u00e9activit\u00e9, ponctualit\u00e9, confidentialit\u00e9 et s\u00e9curit\u00e9\"}]},{\"@type\":\"WebSite\",\"@id\":\"https:\\\/\\\/www.tradissima.com\\\/#website\",\"url\":\"https:\\\/\\\/www.tradissima.com\\\/\",\"name\":\"Traduction professionnelle multilingue de qualit\u00e9, devis en ligne\",\"description\":\"Services de traduction et de relecture multilingues par des experts natifs sp\u00e9cialis\u00e9s dans de nombreux domaines, devis comp\u00e9titif adress\u00e9 sous 2 heures\",\"potentialAction\":[{\"@type\":\"SearchAction\",\"target\":{\"@type\":\"EntryPoint\",\"urlTemplate\":\"https:\\\/\\\/www.tradissima.com\\\/?s={search_term_string}\"},\"query-input\":{\"@type\":\"PropertyValueSpecification\",\"valueRequired\":true,\"valueName\":\"search_term_string\"}}],\"inLanguage\":\"en-US\"}]}<\/script>\n<!-- \/ Yoast SEO plugin. -->","yoast_head_json":{"title":"Tradissima, la garantie qualit\u00e9, r\u00e9activit\u00e9 et confidentialit\u00e9","description":"Tradissima d\u00e9ploie tous ses efforts pour r\u00e9aliser des prestations de qualit\u00e9, dans le plus grand respect des d\u00e9lais, de la confidentialit\u00e9 et de la s\u00e9curit\u00e9.","robots":{"index":"index","follow":"follow","max-snippet":"max-snippet:-1","max-image-preview":"max-image-preview:large","max-video-preview":"max-video-preview:-1"},"canonical":"https:\/\/www.tradissima.com\/valeurs\/","og_locale":"en_US","og_type":"article","og_title":"Tradissima, la garantie qualit\u00e9, r\u00e9activit\u00e9 et confidentialit\u00e9","og_description":"Tradissima d\u00e9ploie tous ses efforts pour r\u00e9aliser des prestations de qualit\u00e9, dans le plus grand respect des d\u00e9lais, de la confidentialit\u00e9 et de la s\u00e9curit\u00e9.","og_url":"https:\/\/www.tradissima.com\/valeurs\/","og_site_name":"Traduction professionnelle multilingue de qualit\u00e9, devis en ligne","article_modified_time":"2018-06-04T18:49:14+00:00","og_image":[{"url":"https:\/\/www.tradissima.com\/wp-content\/uploads\/2018\/01\/qualite\u0301-e1516208050342.jpg","type":"","width":"","height":""}],"twitter_card":"summary_large_image","twitter_misc":{"Est. reading time":"4 minutes"},"schema":{"@context":"https:\/\/schema.org","@graph":[{"@type":"WebPage","@id":"https:\/\/www.tradissima.com\/valeurs\/","url":"https:\/\/www.tradissima.com\/valeurs\/","name":"Tradissima, la garantie qualit\u00e9, r\u00e9activit\u00e9 et confidentialit\u00e9","isPartOf":{"@id":"https:\/\/www.tradissima.com\/#website"},"datePublished":"2018-01-11T11:08:43+00:00","dateModified":"2018-06-04T18:49:14+00:00","description":"Tradissima d\u00e9ploie tous ses efforts pour r\u00e9aliser des prestations de qualit\u00e9, dans le plus grand respect des d\u00e9lais, de la confidentialit\u00e9 et de la s\u00e9curit\u00e9.","breadcrumb":{"@id":"https:\/\/www.tradissima.com\/valeurs\/#breadcrumb"},"inLanguage":"en-US","potentialAction":[{"@type":"ReadAction","target":["https:\/\/www.tradissima.com\/valeurs\/"]}]},{"@type":"BreadcrumbList","@id":"https:\/\/www.tradissima.com\/valeurs\/#breadcrumb","itemListElement":[{"@type":"ListItem","position":1,"name":"Accueil","item":"https:\/\/www.tradissima.com\/"},{"@type":"ListItem","position":2,"name":"Qualit\u00e9, r\u00e9activit\u00e9, ponctualit\u00e9, confidentialit\u00e9 et s\u00e9curit\u00e9"}]},{"@type":"WebSite","@id":"https:\/\/www.tradissima.com\/#website","url":"https:\/\/www.tradissima.com\/","name":"Traduction professionnelle multilingue de qualit\u00e9, devis en ligne","description":"Services de traduction et de relecture multilingues par des experts natifs sp\u00e9cialis\u00e9s dans de nombreux domaines, devis comp\u00e9titif adress\u00e9 sous 2 heures","potentialAction":[{"@type":"SearchAction","target":{"@type":"EntryPoint","urlTemplate":"https:\/\/www.tradissima.com\/?s={search_term_string}"},"query-input":{"@type":"PropertyValueSpecification","valueRequired":true,"valueName":"search_term_string"}}],"inLanguage":"en-US"}]}},"_links":{"self":[{"href":"https:\/\/www.tradissima.com\/en\/wp-json\/wp\/v2\/pages\/82","targetHints":{"allow":["GET"]}}],"collection":[{"href":"https:\/\/www.tradissima.com\/en\/wp-json\/wp\/v2\/pages"}],"about":[{"href":"https:\/\/www.tradissima.com\/en\/wp-json\/wp\/v2\/types\/page"}],"author":[{"embeddable":true,"href":"https:\/\/www.tradissima.com\/en\/wp-json\/wp\/v2\/users\/2"}],"replies":[{"embeddable":true,"href":"https:\/\/www.tradissima.com\/en\/wp-json\/wp\/v2\/comments?post=82"}],"version-history":[{"count":17,"href":"https:\/\/www.tradissima.com\/en\/wp-json\/wp\/v2\/pages\/82\/revisions"}],"predecessor-version":[{"id":546,"href":"https:\/\/www.tradissima.com\/en\/wp-json\/wp\/v2\/pages\/82\/revisions\/546"}],"wp:attachment":[{"href":"https:\/\/www.tradissima.com\/en\/wp-json\/wp\/v2\/media?parent=82"}],"curies":[{"name":"wp","href":"https:\/\/api.w.org\/{rel}","templated":true}]}}