{"id":73,"date":"2018-01-11T12:06:34","date_gmt":"2018-01-11T11:06:34","guid":{"rendered":"http:\/\/webgrapher.fr\/tradissima\/?page_id=73"},"modified":"2018-06-04T20:52:06","modified_gmt":"2018-06-04T18:52:06","slug":"sport","status":"publish","type":"page","link":"https:\/\/www.tradissima.com\/en\/domaines-de-specialisation\/sport\/","title":{"rendered":"Enthusiastic translation targeting the world of sports and leisure"},"content":{"rendered":"<p>In the face of globalisation and the constant growth of information and communication, the sports world is attracting universal appeal. Whether regulations, club or federation presentations, press releases, websites or even technical sportswear catalogues, the translation of documents related to this field will enable your company to target a greater audience worldwide.<\/p>\n<p>In the run-up to the major sporting events to be held in France in coming years, whether the Ryder Cup, the Paris Olympic Games in 2024 or the Rugby World Cup in 2023, we are excited to put our passion for all types of sports to good use in order to meet your translation needs in this demanding and attractive field, thus contributing to your victory.<\/p>\n<p>A few examples: press releases, rankings, sporting goods catalogues, websites of clubs or confederations, articles, regulations.<\/p>","protected":false},"excerpt":{"rendered":"<p>In the face of globalisation and the constant growth of information and communication, the sports world is attracting universal appeal. Whether regulations, club or federation presentations, press releases, websites or even technical sportswear catalogues, the translation of documents related to this field will enable your company to target a greater audience worldwide. In the run-up [&hellip;]<\/p>\n","protected":false},"author":2,"featured_media":126,"parent":37,"menu_order":0,"comment_status":"closed","ping_status":"closed","template":"","meta":{"_acf_changed":false,"footnotes":""},"class_list":["post-73","page","type-page","status-publish","has-post-thumbnail","hentry"],"acf":[],"yoast_head":"<!-- This site is optimized with the Yoast SEO plugin v27.6 - https:\/\/yoast.com\/product\/yoast-seo-wordpress\/ -->\n<title>La passion du sport au c\u0153ur de tous vos besoins en traduction<\/title>\n<meta name=\"description\" content=\"Tradissima souhaite vos accompagner sur la voie de la victoire en r\u00e9alisant avec passion toutes vos traductions associ\u00e9es \u00e0 l&#039;univers fascinant du sport\" \/>\n<meta name=\"robots\" content=\"index, follow, max-snippet:-1, max-image-preview:large, max-video-preview:-1\" \/>\n<link rel=\"canonical\" href=\"https:\/\/www.tradissima.com\/domaines-de-specialisation\/sport\/\" \/>\n<meta property=\"og:locale\" content=\"en_US\" \/>\n<meta property=\"og:type\" content=\"article\" \/>\n<meta property=\"og:title\" content=\"La passion du sport au c\u0153ur de tous vos besoins en traduction\" \/>\n<meta property=\"og:description\" content=\"Tradissima souhaite vos accompagner sur la voie de la victoire en r\u00e9alisant avec passion toutes vos traductions associ\u00e9es \u00e0 l&#039;univers fascinant du sport\" \/>\n<meta property=\"og:url\" content=\"https:\/\/www.tradissima.com\/domaines-de-specialisation\/sport\/\" \/>\n<meta property=\"og:site_name\" content=\"Traduction professionnelle multilingue de qualit\u00e9, devis en ligne\" \/>\n<meta property=\"article:modified_time\" content=\"2018-06-04T18:52:06+00:00\" \/>\n<meta property=\"og:image\" content=\"https:\/\/www.tradissima.com\/wp-content\/uploads\/2018\/01\/Sport-mon-sportif-e\u0301ve\u0301nements-e1516207588213.jpg\" \/>\n\t<meta property=\"og:image:width\" content=\"770\" \/>\n\t<meta property=\"og:image:height\" content=\"544\" \/>\n\t<meta property=\"og:image:type\" content=\"image\/jpeg\" \/>\n<meta name=\"twitter:card\" content=\"summary_large_image\" \/>\n<meta name=\"twitter:label1\" content=\"Est. reading time\" \/>\n\t<meta name=\"twitter:data1\" content=\"2 minutes\" \/>\n<script type=\"application\/ld+json\" class=\"yoast-schema-graph\">{\"@context\":\"https:\\\/\\\/schema.org\",\"@graph\":[{\"@type\":\"WebPage\",\"@id\":\"https:\\\/\\\/www.tradissima.com\\\/domaines-de-specialisation\\\/sport\\\/\",\"url\":\"https:\\\/\\\/www.tradissima.com\\\/domaines-de-specialisation\\\/sport\\\/\",\"name\":\"La passion du sport au c\u0153ur de tous vos besoins en traduction\",\"isPartOf\":{\"@id\":\"https:\\\/\\\/www.tradissima.com\\\/#website\"},\"primaryImageOfPage\":{\"@id\":\"https:\\\/\\\/www.tradissima.com\\\/domaines-de-specialisation\\\/sport\\\/#primaryimage\"},\"image\":{\"@id\":\"https:\\\/\\\/www.tradissima.com\\\/domaines-de-specialisation\\\/sport\\\/#primaryimage\"},\"thumbnailUrl\":\"https:\\\/\\\/www.tradissima.com\\\/wp-content\\\/uploads\\\/2018\\\/01\\\/Sport-mon-sportif-e\u0301ve\u0301nements-e1516207588213.jpg\",\"datePublished\":\"2018-01-11T11:06:34+00:00\",\"dateModified\":\"2018-06-04T18:52:06+00:00\",\"description\":\"Tradissima souhaite vos accompagner sur la voie de la victoire en r\u00e9alisant avec passion toutes vos traductions associ\u00e9es \u00e0 l'univers fascinant du sport\",\"breadcrumb\":{\"@id\":\"https:\\\/\\\/www.tradissima.com\\\/domaines-de-specialisation\\\/sport\\\/#breadcrumb\"},\"inLanguage\":\"en-US\",\"potentialAction\":[{\"@type\":\"ReadAction\",\"target\":[\"https:\\\/\\\/www.tradissima.com\\\/domaines-de-specialisation\\\/sport\\\/\"]}]},{\"@type\":\"ImageObject\",\"inLanguage\":\"en-US\",\"@id\":\"https:\\\/\\\/www.tradissima.com\\\/domaines-de-specialisation\\\/sport\\\/#primaryimage\",\"url\":\"https:\\\/\\\/www.tradissima.com\\\/wp-content\\\/uploads\\\/2018\\\/01\\\/Sport-mon-sportif-e\u0301ve\u0301nements-e1516207588213.jpg\",\"contentUrl\":\"https:\\\/\\\/www.tradissima.com\\\/wp-content\\\/uploads\\\/2018\\\/01\\\/Sport-mon-sportif-e\u0301ve\u0301nements-e1516207588213.jpg\",\"width\":770,\"height\":544},{\"@type\":\"BreadcrumbList\",\"@id\":\"https:\\\/\\\/www.tradissima.com\\\/domaines-de-specialisation\\\/sport\\\/#breadcrumb\",\"itemListElement\":[{\"@type\":\"ListItem\",\"position\":1,\"name\":\"Accueil\",\"item\":\"https:\\\/\\\/www.tradissima.com\\\/\"},{\"@type\":\"ListItem\",\"position\":2,\"name\":\"Our specialisations\",\"item\":\"https:\\\/\\\/www.tradissima.com\\\/en\\\/domaines-de-specialisation\\\/\"},{\"@type\":\"ListItem\",\"position\":3,\"name\":\"Traduction passionn\u00e9e destin\u00e9e au monde du sport et des loisirs\"}]},{\"@type\":\"WebSite\",\"@id\":\"https:\\\/\\\/www.tradissima.com\\\/#website\",\"url\":\"https:\\\/\\\/www.tradissima.com\\\/\",\"name\":\"Traduction professionnelle multilingue de qualit\u00e9, devis en ligne\",\"description\":\"Services de traduction et de relecture multilingues par des experts natifs sp\u00e9cialis\u00e9s dans de nombreux domaines, devis comp\u00e9titif adress\u00e9 sous 2 heures\",\"potentialAction\":[{\"@type\":\"SearchAction\",\"target\":{\"@type\":\"EntryPoint\",\"urlTemplate\":\"https:\\\/\\\/www.tradissima.com\\\/?s={search_term_string}\"},\"query-input\":{\"@type\":\"PropertyValueSpecification\",\"valueRequired\":true,\"valueName\":\"search_term_string\"}}],\"inLanguage\":\"en-US\"}]}<\/script>\n<!-- \/ Yoast SEO plugin. -->","yoast_head_json":{"title":"La passion du sport au c\u0153ur de tous vos besoins en traduction","description":"Tradissima souhaite vos accompagner sur la voie de la victoire en r\u00e9alisant avec passion toutes vos traductions associ\u00e9es \u00e0 l'univers fascinant du sport","robots":{"index":"index","follow":"follow","max-snippet":"max-snippet:-1","max-image-preview":"max-image-preview:large","max-video-preview":"max-video-preview:-1"},"canonical":"https:\/\/www.tradissima.com\/domaines-de-specialisation\/sport\/","og_locale":"en_US","og_type":"article","og_title":"La passion du sport au c\u0153ur de tous vos besoins en traduction","og_description":"Tradissima souhaite vos accompagner sur la voie de la victoire en r\u00e9alisant avec passion toutes vos traductions associ\u00e9es \u00e0 l'univers fascinant du sport","og_url":"https:\/\/www.tradissima.com\/domaines-de-specialisation\/sport\/","og_site_name":"Traduction professionnelle multilingue de qualit\u00e9, devis en ligne","article_modified_time":"2018-06-04T18:52:06+00:00","og_image":[{"width":770,"height":544,"url":"https:\/\/www.tradissima.com\/wp-content\/uploads\/2018\/01\/Sport-mon-sportif-e\u0301ve\u0301nements-e1516207588213.jpg","type":"image\/jpeg"}],"twitter_card":"summary_large_image","twitter_misc":{"Est. reading time":"2 minutes"},"schema":{"@context":"https:\/\/schema.org","@graph":[{"@type":"WebPage","@id":"https:\/\/www.tradissima.com\/domaines-de-specialisation\/sport\/","url":"https:\/\/www.tradissima.com\/domaines-de-specialisation\/sport\/","name":"La passion du sport au c\u0153ur de tous vos besoins en traduction","isPartOf":{"@id":"https:\/\/www.tradissima.com\/#website"},"primaryImageOfPage":{"@id":"https:\/\/www.tradissima.com\/domaines-de-specialisation\/sport\/#primaryimage"},"image":{"@id":"https:\/\/www.tradissima.com\/domaines-de-specialisation\/sport\/#primaryimage"},"thumbnailUrl":"https:\/\/www.tradissima.com\/wp-content\/uploads\/2018\/01\/Sport-mon-sportif-e\u0301ve\u0301nements-e1516207588213.jpg","datePublished":"2018-01-11T11:06:34+00:00","dateModified":"2018-06-04T18:52:06+00:00","description":"Tradissima souhaite vos accompagner sur la voie de la victoire en r\u00e9alisant avec passion toutes vos traductions associ\u00e9es \u00e0 l'univers fascinant du sport","breadcrumb":{"@id":"https:\/\/www.tradissima.com\/domaines-de-specialisation\/sport\/#breadcrumb"},"inLanguage":"en-US","potentialAction":[{"@type":"ReadAction","target":["https:\/\/www.tradissima.com\/domaines-de-specialisation\/sport\/"]}]},{"@type":"ImageObject","inLanguage":"en-US","@id":"https:\/\/www.tradissima.com\/domaines-de-specialisation\/sport\/#primaryimage","url":"https:\/\/www.tradissima.com\/wp-content\/uploads\/2018\/01\/Sport-mon-sportif-e\u0301ve\u0301nements-e1516207588213.jpg","contentUrl":"https:\/\/www.tradissima.com\/wp-content\/uploads\/2018\/01\/Sport-mon-sportif-e\u0301ve\u0301nements-e1516207588213.jpg","width":770,"height":544},{"@type":"BreadcrumbList","@id":"https:\/\/www.tradissima.com\/domaines-de-specialisation\/sport\/#breadcrumb","itemListElement":[{"@type":"ListItem","position":1,"name":"Accueil","item":"https:\/\/www.tradissima.com\/"},{"@type":"ListItem","position":2,"name":"Our specialisations","item":"https:\/\/www.tradissima.com\/en\/domaines-de-specialisation\/"},{"@type":"ListItem","position":3,"name":"Traduction passionn\u00e9e destin\u00e9e au monde du sport et des loisirs"}]},{"@type":"WebSite","@id":"https:\/\/www.tradissima.com\/#website","url":"https:\/\/www.tradissima.com\/","name":"Traduction professionnelle multilingue de qualit\u00e9, devis en ligne","description":"Services de traduction et de relecture multilingues par des experts natifs sp\u00e9cialis\u00e9s dans de nombreux domaines, devis comp\u00e9titif adress\u00e9 sous 2 heures","potentialAction":[{"@type":"SearchAction","target":{"@type":"EntryPoint","urlTemplate":"https:\/\/www.tradissima.com\/?s={search_term_string}"},"query-input":{"@type":"PropertyValueSpecification","valueRequired":true,"valueName":"search_term_string"}}],"inLanguage":"en-US"}]}},"_links":{"self":[{"href":"https:\/\/www.tradissima.com\/en\/wp-json\/wp\/v2\/pages\/73","targetHints":{"allow":["GET"]}}],"collection":[{"href":"https:\/\/www.tradissima.com\/en\/wp-json\/wp\/v2\/pages"}],"about":[{"href":"https:\/\/www.tradissima.com\/en\/wp-json\/wp\/v2\/types\/page"}],"author":[{"embeddable":true,"href":"https:\/\/www.tradissima.com\/en\/wp-json\/wp\/v2\/users\/2"}],"replies":[{"embeddable":true,"href":"https:\/\/www.tradissima.com\/en\/wp-json\/wp\/v2\/comments?post=73"}],"version-history":[{"count":6,"href":"https:\/\/www.tradissima.com\/en\/wp-json\/wp\/v2\/pages\/73\/revisions"}],"predecessor-version":[{"id":535,"href":"https:\/\/www.tradissima.com\/en\/wp-json\/wp\/v2\/pages\/73\/revisions\/535"}],"up":[{"embeddable":true,"href":"https:\/\/www.tradissima.com\/en\/wp-json\/wp\/v2\/pages\/37"}],"wp:featuredmedia":[{"embeddable":true,"href":"https:\/\/www.tradissima.com\/en\/wp-json\/wp\/v2\/media\/126"}],"wp:attachment":[{"href":"https:\/\/www.tradissima.com\/en\/wp-json\/wp\/v2\/media?parent=73"}],"curies":[{"name":"wp","href":"https:\/\/api.w.org\/{rel}","templated":true}]}}