{"id":71,"date":"2018-01-11T12:06:26","date_gmt":"2018-01-11T11:06:26","guid":{"rendered":"http:\/\/webgrapher.fr\/tradissima\/?page_id=71"},"modified":"2018-06-04T20:53:40","modified_gmt":"2018-06-04T18:53:40","slug":"arts","status":"publish","type":"page","link":"https:\/\/www.tradissima.com\/en\/domaines-de-specialisation\/arts\/","title":{"rendered":"Tradissima: translation dedicated to art and culture"},"content":{"rendered":"<p>The translation of literature, art-related or culturally themed documents is one of the most complex aspects of our profession.\u00a0The translator must be highly adaptable in order to remain faithful to the author\u2019s style. They also need good general knowledge along with creativity and imagination. A skilled translator remains true to the author\u2019s intent while gaining sufficient perspective to make the message their own and render it in the target language.<\/p>\n<p>The question of subjectivity is probably even stronger for literary translation than for any other type of document, as the level of quality can only be defined as a function of the various requirements and the appreciation of the readership or the public.<\/p>\n<p>Drawing on our passion for all forms of art and culture, we are delighted to provide our know-how and experience to translate scenarios, literary work as well as advertising content.<\/p>\n<p>A few examples: brochures, exhibition catalogues, short stories and literary work, plays, press releases, slogans.<\/p>","protected":false},"excerpt":{"rendered":"<p>The translation of literature, art-related or culturally themed documents is one of the most complex aspects of our profession.\u00a0The translator must be highly adaptable in order to remain faithful to the author\u2019s style. They also need good general knowledge along with creativity and imagination. A skilled translator remains true to the author\u2019s intent while gaining [&hellip;]<\/p>\n","protected":false},"author":2,"featured_media":124,"parent":37,"menu_order":0,"comment_status":"closed","ping_status":"closed","template":"","meta":{"_acf_changed":false,"footnotes":""},"class_list":["post-71","page","type-page","status-publish","has-post-thumbnail","hentry"],"acf":[],"yoast_head":"<!-- This site is optimized with the Yoast SEO plugin v27.5 - https:\/\/yoast.com\/product\/yoast-seo-wordpress\/ -->\n<title>Tradissima met sa plume \u00e0 votre service dans l&#039;univers de l&#039;art<\/title>\n<meta name=\"description\" content=\"Vous cherchez un prestataire pour traduire votre \u0153uvre artistique ou litt\u00e9raire ? Tradissima est \u00e0 votre \u00e9coute pour r\u00e9pondre \u00e0 toutes vos attentes.\" \/>\n<meta name=\"robots\" content=\"index, follow, max-snippet:-1, max-image-preview:large, max-video-preview:-1\" \/>\n<link rel=\"canonical\" href=\"https:\/\/www.tradissima.com\/domaines-de-specialisation\/arts\/\" \/>\n<meta property=\"og:locale\" content=\"en_US\" \/>\n<meta property=\"og:type\" content=\"article\" \/>\n<meta property=\"og:title\" content=\"Tradissima met sa plume \u00e0 votre service dans l&#039;univers de l&#039;art\" \/>\n<meta property=\"og:description\" content=\"Vous cherchez un prestataire pour traduire votre \u0153uvre artistique ou litt\u00e9raire ? Tradissima est \u00e0 votre \u00e9coute pour r\u00e9pondre \u00e0 toutes vos attentes.\" \/>\n<meta property=\"og:url\" content=\"https:\/\/www.tradissima.com\/domaines-de-specialisation\/arts\/\" \/>\n<meta property=\"og:site_name\" content=\"Traduction professionnelle multilingue de qualit\u00e9, devis en ligne\" \/>\n<meta property=\"article:modified_time\" content=\"2018-06-04T18:53:40+00:00\" \/>\n<meta property=\"og:image\" content=\"https:\/\/www.tradissima.com\/wp-content\/uploads\/2018\/01\/Monde-de-lart-e1516207401167.jpg\" \/>\n\t<meta property=\"og:image:width\" content=\"770\" \/>\n\t<meta property=\"og:image:height\" content=\"326\" \/>\n\t<meta property=\"og:image:type\" content=\"image\/jpeg\" \/>\n<meta name=\"twitter:card\" content=\"summary_large_image\" \/>\n<meta name=\"twitter:label1\" content=\"Est. reading time\" \/>\n\t<meta name=\"twitter:data1\" content=\"2 minutes\" \/>\n<script type=\"application\/ld+json\" class=\"yoast-schema-graph\">{\"@context\":\"https:\\\/\\\/schema.org\",\"@graph\":[{\"@type\":\"WebPage\",\"@id\":\"https:\\\/\\\/www.tradissima.com\\\/domaines-de-specialisation\\\/arts\\\/\",\"url\":\"https:\\\/\\\/www.tradissima.com\\\/domaines-de-specialisation\\\/arts\\\/\",\"name\":\"Tradissima met sa plume \u00e0 votre service dans l'univers de l'art\",\"isPartOf\":{\"@id\":\"https:\\\/\\\/www.tradissima.com\\\/#website\"},\"primaryImageOfPage\":{\"@id\":\"https:\\\/\\\/www.tradissima.com\\\/domaines-de-specialisation\\\/arts\\\/#primaryimage\"},\"image\":{\"@id\":\"https:\\\/\\\/www.tradissima.com\\\/domaines-de-specialisation\\\/arts\\\/#primaryimage\"},\"thumbnailUrl\":\"https:\\\/\\\/www.tradissima.com\\\/wp-content\\\/uploads\\\/2018\\\/01\\\/Monde-de-lart-e1516207401167.jpg\",\"datePublished\":\"2018-01-11T11:06:26+00:00\",\"dateModified\":\"2018-06-04T18:53:40+00:00\",\"description\":\"Vous cherchez un prestataire pour traduire votre \u0153uvre artistique ou litt\u00e9raire ? Tradissima est \u00e0 votre \u00e9coute pour r\u00e9pondre \u00e0 toutes vos attentes.\",\"breadcrumb\":{\"@id\":\"https:\\\/\\\/www.tradissima.com\\\/domaines-de-specialisation\\\/arts\\\/#breadcrumb\"},\"inLanguage\":\"en-US\",\"potentialAction\":[{\"@type\":\"ReadAction\",\"target\":[\"https:\\\/\\\/www.tradissima.com\\\/domaines-de-specialisation\\\/arts\\\/\"]}]},{\"@type\":\"ImageObject\",\"inLanguage\":\"en-US\",\"@id\":\"https:\\\/\\\/www.tradissima.com\\\/domaines-de-specialisation\\\/arts\\\/#primaryimage\",\"url\":\"https:\\\/\\\/www.tradissima.com\\\/wp-content\\\/uploads\\\/2018\\\/01\\\/Monde-de-lart-e1516207401167.jpg\",\"contentUrl\":\"https:\\\/\\\/www.tradissima.com\\\/wp-content\\\/uploads\\\/2018\\\/01\\\/Monde-de-lart-e1516207401167.jpg\",\"width\":770,\"height\":326},{\"@type\":\"BreadcrumbList\",\"@id\":\"https:\\\/\\\/www.tradissima.com\\\/domaines-de-specialisation\\\/arts\\\/#breadcrumb\",\"itemListElement\":[{\"@type\":\"ListItem\",\"position\":1,\"name\":\"Accueil\",\"item\":\"https:\\\/\\\/www.tradissima.com\\\/\"},{\"@type\":\"ListItem\",\"position\":2,\"name\":\"Our specialisations\",\"item\":\"https:\\\/\\\/www.tradissima.com\\\/en\\\/domaines-de-specialisation\\\/\"},{\"@type\":\"ListItem\",\"position\":3,\"name\":\"Tradissima, la traduction au service de l&rsquo;art et de la culture\"}]},{\"@type\":\"WebSite\",\"@id\":\"https:\\\/\\\/www.tradissima.com\\\/#website\",\"url\":\"https:\\\/\\\/www.tradissima.com\\\/\",\"name\":\"Traduction professionnelle multilingue de qualit\u00e9, devis en ligne\",\"description\":\"Services de traduction et de relecture multilingues par des experts natifs sp\u00e9cialis\u00e9s dans de nombreux domaines, devis comp\u00e9titif adress\u00e9 sous 2 heures\",\"potentialAction\":[{\"@type\":\"SearchAction\",\"target\":{\"@type\":\"EntryPoint\",\"urlTemplate\":\"https:\\\/\\\/www.tradissima.com\\\/?s={search_term_string}\"},\"query-input\":{\"@type\":\"PropertyValueSpecification\",\"valueRequired\":true,\"valueName\":\"search_term_string\"}}],\"inLanguage\":\"en-US\"}]}<\/script>\n<!-- \/ Yoast SEO plugin. -->","yoast_head_json":{"title":"Tradissima met sa plume \u00e0 votre service dans l'univers de l'art","description":"Vous cherchez un prestataire pour traduire votre \u0153uvre artistique ou litt\u00e9raire ? Tradissima est \u00e0 votre \u00e9coute pour r\u00e9pondre \u00e0 toutes vos attentes.","robots":{"index":"index","follow":"follow","max-snippet":"max-snippet:-1","max-image-preview":"max-image-preview:large","max-video-preview":"max-video-preview:-1"},"canonical":"https:\/\/www.tradissima.com\/domaines-de-specialisation\/arts\/","og_locale":"en_US","og_type":"article","og_title":"Tradissima met sa plume \u00e0 votre service dans l'univers de l'art","og_description":"Vous cherchez un prestataire pour traduire votre \u0153uvre artistique ou litt\u00e9raire ? Tradissima est \u00e0 votre \u00e9coute pour r\u00e9pondre \u00e0 toutes vos attentes.","og_url":"https:\/\/www.tradissima.com\/domaines-de-specialisation\/arts\/","og_site_name":"Traduction professionnelle multilingue de qualit\u00e9, devis en ligne","article_modified_time":"2018-06-04T18:53:40+00:00","og_image":[{"width":770,"height":326,"url":"https:\/\/www.tradissima.com\/wp-content\/uploads\/2018\/01\/Monde-de-lart-e1516207401167.jpg","type":"image\/jpeg"}],"twitter_card":"summary_large_image","twitter_misc":{"Est. reading time":"2 minutes"},"schema":{"@context":"https:\/\/schema.org","@graph":[{"@type":"WebPage","@id":"https:\/\/www.tradissima.com\/domaines-de-specialisation\/arts\/","url":"https:\/\/www.tradissima.com\/domaines-de-specialisation\/arts\/","name":"Tradissima met sa plume \u00e0 votre service dans l'univers de l'art","isPartOf":{"@id":"https:\/\/www.tradissima.com\/#website"},"primaryImageOfPage":{"@id":"https:\/\/www.tradissima.com\/domaines-de-specialisation\/arts\/#primaryimage"},"image":{"@id":"https:\/\/www.tradissima.com\/domaines-de-specialisation\/arts\/#primaryimage"},"thumbnailUrl":"https:\/\/www.tradissima.com\/wp-content\/uploads\/2018\/01\/Monde-de-lart-e1516207401167.jpg","datePublished":"2018-01-11T11:06:26+00:00","dateModified":"2018-06-04T18:53:40+00:00","description":"Vous cherchez un prestataire pour traduire votre \u0153uvre artistique ou litt\u00e9raire ? Tradissima est \u00e0 votre \u00e9coute pour r\u00e9pondre \u00e0 toutes vos attentes.","breadcrumb":{"@id":"https:\/\/www.tradissima.com\/domaines-de-specialisation\/arts\/#breadcrumb"},"inLanguage":"en-US","potentialAction":[{"@type":"ReadAction","target":["https:\/\/www.tradissima.com\/domaines-de-specialisation\/arts\/"]}]},{"@type":"ImageObject","inLanguage":"en-US","@id":"https:\/\/www.tradissima.com\/domaines-de-specialisation\/arts\/#primaryimage","url":"https:\/\/www.tradissima.com\/wp-content\/uploads\/2018\/01\/Monde-de-lart-e1516207401167.jpg","contentUrl":"https:\/\/www.tradissima.com\/wp-content\/uploads\/2018\/01\/Monde-de-lart-e1516207401167.jpg","width":770,"height":326},{"@type":"BreadcrumbList","@id":"https:\/\/www.tradissima.com\/domaines-de-specialisation\/arts\/#breadcrumb","itemListElement":[{"@type":"ListItem","position":1,"name":"Accueil","item":"https:\/\/www.tradissima.com\/"},{"@type":"ListItem","position":2,"name":"Our specialisations","item":"https:\/\/www.tradissima.com\/en\/domaines-de-specialisation\/"},{"@type":"ListItem","position":3,"name":"Tradissima, la traduction au service de l&rsquo;art et de la culture"}]},{"@type":"WebSite","@id":"https:\/\/www.tradissima.com\/#website","url":"https:\/\/www.tradissima.com\/","name":"Traduction professionnelle multilingue de qualit\u00e9, devis en ligne","description":"Services de traduction et de relecture multilingues par des experts natifs sp\u00e9cialis\u00e9s dans de nombreux domaines, devis comp\u00e9titif adress\u00e9 sous 2 heures","potentialAction":[{"@type":"SearchAction","target":{"@type":"EntryPoint","urlTemplate":"https:\/\/www.tradissima.com\/?s={search_term_string}"},"query-input":{"@type":"PropertyValueSpecification","valueRequired":true,"valueName":"search_term_string"}}],"inLanguage":"en-US"}]}},"_links":{"self":[{"href":"https:\/\/www.tradissima.com\/en\/wp-json\/wp\/v2\/pages\/71","targetHints":{"allow":["GET"]}}],"collection":[{"href":"https:\/\/www.tradissima.com\/en\/wp-json\/wp\/v2\/pages"}],"about":[{"href":"https:\/\/www.tradissima.com\/en\/wp-json\/wp\/v2\/types\/page"}],"author":[{"embeddable":true,"href":"https:\/\/www.tradissima.com\/en\/wp-json\/wp\/v2\/users\/2"}],"replies":[{"embeddable":true,"href":"https:\/\/www.tradissima.com\/en\/wp-json\/wp\/v2\/comments?post=71"}],"version-history":[{"count":8,"href":"https:\/\/www.tradissima.com\/en\/wp-json\/wp\/v2\/pages\/71\/revisions"}],"predecessor-version":[{"id":533,"href":"https:\/\/www.tradissima.com\/en\/wp-json\/wp\/v2\/pages\/71\/revisions\/533"}],"up":[{"embeddable":true,"href":"https:\/\/www.tradissima.com\/en\/wp-json\/wp\/v2\/pages\/37"}],"wp:featuredmedia":[{"embeddable":true,"href":"https:\/\/www.tradissima.com\/en\/wp-json\/wp\/v2\/media\/124"}],"wp:attachment":[{"href":"https:\/\/www.tradissima.com\/en\/wp-json\/wp\/v2\/media?parent=71"}],"curies":[{"name":"wp","href":"https:\/\/api.w.org\/{rel}","templated":true}]}}