{"id":7,"date":"2017-11-21T11:55:36","date_gmt":"2017-11-21T10:55:36","guid":{"rendered":"http:\/\/webgrapher.fr\/tradissima\/?page_id=7"},"modified":"2018-06-04T20:41:57","modified_gmt":"2018-06-04T18:41:57","slug":"revision","status":"publish","type":"page","link":"https:\/\/www.tradissima.com\/en\/prestations-services\/revision\/","title":{"rendered":"Multilingual linguistic revision and proofreading services"},"content":{"rendered":"<p><\/p>\n<h2>What is meant by revision in the field of translation?<\/h2>\n<p>Revision consists of proofreading a translation or a text to improve its linguistic quality, sometimes without referring to the source content. The linguist focuses entirely on terminology, meaning and consistency, also correcting possible typos, grammatical errors and spelling mistakes. Finally, they make any necessary changes in order to improve the text and make it lighter, more detailed, more impactful, more \u201ctrendy\u201d or more plain, depending on your needs.<\/p>\n<p>In the world of professional translation, revision matches this definition; the only difference being that it is carried out by another translator or reviewer, unlike proofreading, which the translators do themselves.<\/p>\n<h2>The key to a high-quality revision<\/h2>\n<p>The reviewer must compare the source and the target content in order to make sure no part of the text has been forgotten. Then they check for terminological consistency and proper use of linguistic register and style. They review all the details that are sometimes overlooked, such as typography. They rephrase repetitive or clumsy phrases, as well as expressions not suited to the theme of the document.<\/p>\n<p>The reviewer\u2019s main goal is to make sure the translated content is suited to the target audience: is it aimed towards the general public or experts in a given field? Moreover, they are responsible for ascertaining that the client\u2019s specific needs are met and that the text is perfectly intelligible.<\/p>\n<p>Translation always implies a degree of subjectivity. That is why there isn&#8217;t just one level of quality. A suitable check enables us to guarantee that the right people were chosen for the right type of service, based on their experience, skills and specialisation. At Tradissima, we offer partial deliveries. This way, the client has the opportunity to provide feedback and make recommendations for the rest of the project.<\/p>\n<p>The reviewer must have perfect knowledge of the various grammatical, spelling and typographical rules (which differ from French to English, for instance) as well as being vigilant and coherent throughout their mission. They are often required to work on several pages and to apply changes to the text as a whole. Although spelling and grammar checkers may be of help to the linguist, they aren\u2019t enough to guarantee the quality of a translation.<\/p>\n<h2>Unilingual and bilingual revision<\/h2>\n<p>The reviewer can choose to focus exclusively on the translated document and not refer to the original text: this is what we call unilingual revision. This has the advantage of enabling them to distance themselves from the original text in order to deliver extremely fluent and idiomatic content. The aim here is to guarantee the purely linguistic and informative quality of the translation, which must be perfectly in line with the client\u2019s expectations in terms of the conveyed message. This method is often used when a reviewer is short of time or works on the assumption that the translator does impeccable work and has no doubts as far as the accuracy of the translation is concerned.<\/p>\n<p>The purpose of bilingual revision, also known as comparative revision, is to compare the translated text and the original version. The reviewer\u2019s task is to check that the target translation is equivalent to the source. If they have any doubts, they can refer to the source document; reading a sentence or paragraph in language A first, then in language B, to make sure the intended message has been transposed accurately.<\/p>\n<p>The choice of a unilingual or bilingual revision will therefore depend on several factors: allocated revision time, initial quality of the translation, reliability of the chosen service provider, client expectations and guidelines, budget, etc.<\/p>","protected":false},"excerpt":{"rendered":"<p>What is meant by revision in the field of translation? Revision consists of proofreading a translation or a text to improve its linguistic quality, sometimes without referring to the source content. The linguist focuses entirely on terminology, meaning and consistency, also correcting possible typos, grammatical errors and spelling mistakes. Finally, they make any necessary changes [&hellip;]<\/p>\n","protected":false},"author":2,"featured_media":115,"parent":35,"menu_order":3,"comment_status":"closed","ping_status":"closed","template":"","meta":{"_acf_changed":false,"footnotes":""},"class_list":["post-7","page","type-page","status-publish","has-post-thumbnail","hentry"],"acf":[],"yoast_head":"<!-- This site is optimized with the Yoast SEO plugin v27.5 - https:\/\/yoast.com\/product\/yoast-seo-wordpress\/ -->\n<title>Tradissima vous propose une vaste gamme de solutions de r\u00e9vision<\/title>\n<meta name=\"description\" content=\"Tradissima vous offre diff\u00e9rentes solutions de r\u00e9vision linguistique, dans le respect de vos attentes et objectifs et selon un contr\u00f4le qualit\u00e9 strict.\" \/>\n<meta name=\"robots\" content=\"index, follow, max-snippet:-1, max-image-preview:large, max-video-preview:-1\" \/>\n<link rel=\"canonical\" href=\"https:\/\/www.tradissima.com\/prestations-services\/revision\/\" \/>\n<meta property=\"og:locale\" content=\"en_US\" \/>\n<meta property=\"og:type\" content=\"article\" \/>\n<meta property=\"og:title\" content=\"Tradissima vous propose une vaste gamme de solutions de r\u00e9vision\" \/>\n<meta property=\"og:description\" content=\"Tradissima vous offre diff\u00e9rentes solutions de r\u00e9vision linguistique, dans le respect de vos attentes et objectifs et selon un contr\u00f4le qualit\u00e9 strict.\" \/>\n<meta property=\"og:url\" content=\"https:\/\/www.tradissima.com\/prestations-services\/revision\/\" \/>\n<meta property=\"og:site_name\" content=\"Traduction professionnelle multilingue de qualit\u00e9, devis en ligne\" \/>\n<meta property=\"article:modified_time\" content=\"2018-06-04T18:41:57+00:00\" \/>\n<meta property=\"og:image\" content=\"https:\/\/www.tradissima.com\/wp-content\/uploads\/2018\/01\/Re\u0301vision-document-traduit-e1516205006134.jpg\" \/>\n\t<meta property=\"og:image:width\" content=\"770\" \/>\n\t<meta property=\"og:image:height\" content=\"513\" \/>\n\t<meta property=\"og:image:type\" content=\"image\/jpeg\" \/>\n<meta name=\"twitter:card\" content=\"summary_large_image\" \/>\n<meta name=\"twitter:label1\" content=\"Est. reading time\" \/>\n\t<meta name=\"twitter:data1\" content=\"7 minutes\" \/>\n<script type=\"application\/ld+json\" class=\"yoast-schema-graph\">{\"@context\":\"https:\\\/\\\/schema.org\",\"@graph\":[{\"@type\":\"WebPage\",\"@id\":\"https:\\\/\\\/www.tradissima.com\\\/prestations-services\\\/revision\\\/\",\"url\":\"https:\\\/\\\/www.tradissima.com\\\/prestations-services\\\/revision\\\/\",\"name\":\"Tradissima vous propose une vaste gamme de solutions de r\u00e9vision\",\"isPartOf\":{\"@id\":\"https:\\\/\\\/www.tradissima.com\\\/#website\"},\"primaryImageOfPage\":{\"@id\":\"https:\\\/\\\/www.tradissima.com\\\/prestations-services\\\/revision\\\/#primaryimage\"},\"image\":{\"@id\":\"https:\\\/\\\/www.tradissima.com\\\/prestations-services\\\/revision\\\/#primaryimage\"},\"thumbnailUrl\":\"https:\\\/\\\/www.tradissima.com\\\/wp-content\\\/uploads\\\/2018\\\/01\\\/Re\u0301vision-document-traduit-e1516205006134.jpg\",\"datePublished\":\"2017-11-21T10:55:36+00:00\",\"dateModified\":\"2018-06-04T18:41:57+00:00\",\"description\":\"Tradissima vous offre diff\u00e9rentes solutions de r\u00e9vision linguistique, dans le respect de vos attentes et objectifs et selon un contr\u00f4le qualit\u00e9 strict.\",\"breadcrumb\":{\"@id\":\"https:\\\/\\\/www.tradissima.com\\\/prestations-services\\\/revision\\\/#breadcrumb\"},\"inLanguage\":\"en-US\",\"potentialAction\":[{\"@type\":\"ReadAction\",\"target\":[\"https:\\\/\\\/www.tradissima.com\\\/prestations-services\\\/revision\\\/\"]}]},{\"@type\":\"ImageObject\",\"inLanguage\":\"en-US\",\"@id\":\"https:\\\/\\\/www.tradissima.com\\\/prestations-services\\\/revision\\\/#primaryimage\",\"url\":\"https:\\\/\\\/www.tradissima.com\\\/wp-content\\\/uploads\\\/2018\\\/01\\\/Re\u0301vision-document-traduit-e1516205006134.jpg\",\"contentUrl\":\"https:\\\/\\\/www.tradissima.com\\\/wp-content\\\/uploads\\\/2018\\\/01\\\/Re\u0301vision-document-traduit-e1516205006134.jpg\",\"width\":770,\"height\":513},{\"@type\":\"BreadcrumbList\",\"@id\":\"https:\\\/\\\/www.tradissima.com\\\/prestations-services\\\/revision\\\/#breadcrumb\",\"itemListElement\":[{\"@type\":\"ListItem\",\"position\":1,\"name\":\"Accueil\",\"item\":\"https:\\\/\\\/www.tradissima.com\\\/\"},{\"@type\":\"ListItem\",\"position\":2,\"name\":\"Prestations\\\/Services\",\"item\":\"https:\\\/\\\/www.tradissima.com\\\/prestations-services\\\/\"},{\"@type\":\"ListItem\",\"position\":3,\"name\":\"Services de r\u00e9vision et de correction linguistiques multilingues\"}]},{\"@type\":\"WebSite\",\"@id\":\"https:\\\/\\\/www.tradissima.com\\\/#website\",\"url\":\"https:\\\/\\\/www.tradissima.com\\\/\",\"name\":\"Traduction professionnelle multilingue de qualit\u00e9, devis en ligne\",\"description\":\"Services de traduction et de relecture multilingues par des experts natifs sp\u00e9cialis\u00e9s dans de nombreux domaines, devis comp\u00e9titif adress\u00e9 sous 2 heures\",\"potentialAction\":[{\"@type\":\"SearchAction\",\"target\":{\"@type\":\"EntryPoint\",\"urlTemplate\":\"https:\\\/\\\/www.tradissima.com\\\/?s={search_term_string}\"},\"query-input\":{\"@type\":\"PropertyValueSpecification\",\"valueRequired\":true,\"valueName\":\"search_term_string\"}}],\"inLanguage\":\"en-US\"}]}<\/script>\n<!-- \/ Yoast SEO plugin. -->","yoast_head_json":{"title":"Tradissima vous propose une vaste gamme de solutions de r\u00e9vision","description":"Tradissima vous offre diff\u00e9rentes solutions de r\u00e9vision linguistique, dans le respect de vos attentes et objectifs et selon un contr\u00f4le qualit\u00e9 strict.","robots":{"index":"index","follow":"follow","max-snippet":"max-snippet:-1","max-image-preview":"max-image-preview:large","max-video-preview":"max-video-preview:-1"},"canonical":"https:\/\/www.tradissima.com\/prestations-services\/revision\/","og_locale":"en_US","og_type":"article","og_title":"Tradissima vous propose une vaste gamme de solutions de r\u00e9vision","og_description":"Tradissima vous offre diff\u00e9rentes solutions de r\u00e9vision linguistique, dans le respect de vos attentes et objectifs et selon un contr\u00f4le qualit\u00e9 strict.","og_url":"https:\/\/www.tradissima.com\/prestations-services\/revision\/","og_site_name":"Traduction professionnelle multilingue de qualit\u00e9, devis en ligne","article_modified_time":"2018-06-04T18:41:57+00:00","og_image":[{"width":770,"height":513,"url":"https:\/\/www.tradissima.com\/wp-content\/uploads\/2018\/01\/Re\u0301vision-document-traduit-e1516205006134.jpg","type":"image\/jpeg"}],"twitter_card":"summary_large_image","twitter_misc":{"Est. reading time":"7 minutes"},"schema":{"@context":"https:\/\/schema.org","@graph":[{"@type":"WebPage","@id":"https:\/\/www.tradissima.com\/prestations-services\/revision\/","url":"https:\/\/www.tradissima.com\/prestations-services\/revision\/","name":"Tradissima vous propose une vaste gamme de solutions de r\u00e9vision","isPartOf":{"@id":"https:\/\/www.tradissima.com\/#website"},"primaryImageOfPage":{"@id":"https:\/\/www.tradissima.com\/prestations-services\/revision\/#primaryimage"},"image":{"@id":"https:\/\/www.tradissima.com\/prestations-services\/revision\/#primaryimage"},"thumbnailUrl":"https:\/\/www.tradissima.com\/wp-content\/uploads\/2018\/01\/Re\u0301vision-document-traduit-e1516205006134.jpg","datePublished":"2017-11-21T10:55:36+00:00","dateModified":"2018-06-04T18:41:57+00:00","description":"Tradissima vous offre diff\u00e9rentes solutions de r\u00e9vision linguistique, dans le respect de vos attentes et objectifs et selon un contr\u00f4le qualit\u00e9 strict.","breadcrumb":{"@id":"https:\/\/www.tradissima.com\/prestations-services\/revision\/#breadcrumb"},"inLanguage":"en-US","potentialAction":[{"@type":"ReadAction","target":["https:\/\/www.tradissima.com\/prestations-services\/revision\/"]}]},{"@type":"ImageObject","inLanguage":"en-US","@id":"https:\/\/www.tradissima.com\/prestations-services\/revision\/#primaryimage","url":"https:\/\/www.tradissima.com\/wp-content\/uploads\/2018\/01\/Re\u0301vision-document-traduit-e1516205006134.jpg","contentUrl":"https:\/\/www.tradissima.com\/wp-content\/uploads\/2018\/01\/Re\u0301vision-document-traduit-e1516205006134.jpg","width":770,"height":513},{"@type":"BreadcrumbList","@id":"https:\/\/www.tradissima.com\/prestations-services\/revision\/#breadcrumb","itemListElement":[{"@type":"ListItem","position":1,"name":"Accueil","item":"https:\/\/www.tradissima.com\/"},{"@type":"ListItem","position":2,"name":"Prestations\/Services","item":"https:\/\/www.tradissima.com\/prestations-services\/"},{"@type":"ListItem","position":3,"name":"Services de r\u00e9vision et de correction linguistiques multilingues"}]},{"@type":"WebSite","@id":"https:\/\/www.tradissima.com\/#website","url":"https:\/\/www.tradissima.com\/","name":"Traduction professionnelle multilingue de qualit\u00e9, devis en ligne","description":"Services de traduction et de relecture multilingues par des experts natifs sp\u00e9cialis\u00e9s dans de nombreux domaines, devis comp\u00e9titif adress\u00e9 sous 2 heures","potentialAction":[{"@type":"SearchAction","target":{"@type":"EntryPoint","urlTemplate":"https:\/\/www.tradissima.com\/?s={search_term_string}"},"query-input":{"@type":"PropertyValueSpecification","valueRequired":true,"valueName":"search_term_string"}}],"inLanguage":"en-US"}]}},"_links":{"self":[{"href":"https:\/\/www.tradissima.com\/en\/wp-json\/wp\/v2\/pages\/7","targetHints":{"allow":["GET"]}}],"collection":[{"href":"https:\/\/www.tradissima.com\/en\/wp-json\/wp\/v2\/pages"}],"about":[{"href":"https:\/\/www.tradissima.com\/en\/wp-json\/wp\/v2\/types\/page"}],"author":[{"embeddable":true,"href":"https:\/\/www.tradissima.com\/en\/wp-json\/wp\/v2\/users\/2"}],"replies":[{"embeddable":true,"href":"https:\/\/www.tradissima.com\/en\/wp-json\/wp\/v2\/comments?post=7"}],"version-history":[{"count":11,"href":"https:\/\/www.tradissima.com\/en\/wp-json\/wp\/v2\/pages\/7\/revisions"}],"predecessor-version":[{"id":523,"href":"https:\/\/www.tradissima.com\/en\/wp-json\/wp\/v2\/pages\/7\/revisions\/523"}],"up":[{"embeddable":true,"href":"https:\/\/www.tradissima.com\/en\/wp-json\/wp\/v2\/pages\/35"}],"wp:featuredmedia":[{"embeddable":true,"href":"https:\/\/www.tradissima.com\/en\/wp-json\/wp\/v2\/media\/115"}],"wp:attachment":[{"href":"https:\/\/www.tradissima.com\/en\/wp-json\/wp\/v2\/media?parent=7"}],"curies":[{"name":"wp","href":"https:\/\/api.w.org\/{rel}","templated":true}]}}