{"id":69,"date":"2018-01-11T12:06:19","date_gmt":"2018-01-11T11:06:19","guid":{"rendered":"http:\/\/webgrapher.fr\/tradissima\/?page_id=69"},"modified":"2018-06-04T20:51:43","modified_gmt":"2018-06-04T18:51:43","slug":"medical","status":"publish","type":"page","link":"https:\/\/www.tradissima.com\/en\/domaines-de-specialisation\/medical\/","title":{"rendered":"Services suited to the highly specialised medical sector"},"content":{"rendered":"<p>The medical sector plays an essential economic and social role each year, both in terms of peoples\u2019 health and scientific progress. Translation in the medical, pharmaceutical and research sector involves specific technical and scientific knowledge with no room for error.<\/p>\n<p>For over ten years now, we have been offering translation services in this constantly evolving field, whether in relation to medical devices, pharmaceuticals, labels or clinical research reports. We are fully equipped to offer personalised responses to all your needs, in keeping with the various regulations specific to this field.<\/p>\n<p>A few examples: standards and patents, clinical trials, instructions, descriptions of medical devices, websites, press releases, sales brochures, reports.<\/p>","protected":false},"excerpt":{"rendered":"<p>The medical sector plays an essential economic and social role each year, both in terms of peoples\u2019 health and scientific progress. Translation in the medical, pharmaceutical and research sector involves specific technical and scientific knowledge with no room for error. For over ten years now, we have been offering translation services in this constantly evolving [&hellip;]<\/p>\n","protected":false},"author":2,"featured_media":122,"parent":37,"menu_order":0,"comment_status":"closed","ping_status":"closed","template":"","meta":{"_acf_changed":false,"footnotes":""},"class_list":["post-69","page","type-page","status-publish","has-post-thumbnail","hentry"],"acf":[],"yoast_head":"<!-- This site is optimized with the Yoast SEO plugin v27.6 - https:\/\/yoast.com\/product\/yoast-seo-wordpress\/ -->\n<title>Services suited to the highly specialised medical sector<\/title>\n<meta name=\"description\" content=\"At Tradissima, we will examine all your requests in the medical field to offer translations that are perfect as well as compliant with regulations\" \/>\n<meta name=\"robots\" content=\"index, follow, max-snippet:-1, max-image-preview:large, max-video-preview:-1\" \/>\n<link rel=\"canonical\" href=\"https:\/\/www.tradissima.com\/en\/domaines-de-specialisation\/medical\/\" \/>\n<meta property=\"og:locale\" content=\"en_US\" \/>\n<meta property=\"og:type\" content=\"article\" \/>\n<meta property=\"og:title\" content=\"Services suited to the highly specialised medical sector\" \/>\n<meta property=\"og:description\" content=\"At Tradissima, we will examine all your requests in the medical field to offer translations that are perfect as well as compliant with regulations\" \/>\n<meta property=\"og:url\" content=\"https:\/\/www.tradissima.com\/en\/domaines-de-specialisation\/medical\/\" \/>\n<meta property=\"og:site_name\" content=\"Traduction professionnelle multilingue de qualit\u00e9, devis en ligne\" \/>\n<meta property=\"article:modified_time\" content=\"2018-06-04T18:51:43+00:00\" \/>\n<meta property=\"og:image\" content=\"https:\/\/www.tradissima.com\/wp-content\/uploads\/2018\/01\/traduire-document-me\u0301dical-e1516207193435.jpg\" \/>\n\t<meta property=\"og:image:width\" content=\"770\" \/>\n\t<meta property=\"og:image:height\" content=\"343\" \/>\n\t<meta property=\"og:image:type\" content=\"image\/jpeg\" \/>\n<meta name=\"twitter:card\" content=\"summary_large_image\" \/>\n<meta name=\"twitter:label1\" content=\"Est. reading time\" \/>\n\t<meta name=\"twitter:data1\" content=\"1 minute\" \/>\n<script type=\"application\/ld+json\" class=\"yoast-schema-graph\">{\"@context\":\"https:\\\/\\\/schema.org\",\"@graph\":[{\"@type\":\"WebPage\",\"@id\":\"https:\\\/\\\/www.tradissima.com\\\/en\\\/domaines-de-specialisation\\\/medical\\\/\",\"url\":\"https:\\\/\\\/www.tradissima.com\\\/en\\\/domaines-de-specialisation\\\/medical\\\/\",\"name\":\"Services suited to the highly specialised medical sector\",\"isPartOf\":{\"@id\":\"https:\\\/\\\/www.tradissima.com\\\/#website\"},\"primaryImageOfPage\":{\"@id\":\"https:\\\/\\\/www.tradissima.com\\\/en\\\/domaines-de-specialisation\\\/medical\\\/#primaryimage\"},\"image\":{\"@id\":\"https:\\\/\\\/www.tradissima.com\\\/en\\\/domaines-de-specialisation\\\/medical\\\/#primaryimage\"},\"thumbnailUrl\":\"https:\\\/\\\/www.tradissima.com\\\/wp-content\\\/uploads\\\/2018\\\/01\\\/traduire-document-me\u0301dical-e1516207193435.jpg\",\"datePublished\":\"2018-01-11T11:06:19+00:00\",\"dateModified\":\"2018-06-04T18:51:43+00:00\",\"description\":\"At Tradissima, we will examine all your requests in the medical field to offer translations that are perfect as well as compliant with regulations\",\"breadcrumb\":{\"@id\":\"https:\\\/\\\/www.tradissima.com\\\/en\\\/domaines-de-specialisation\\\/medical\\\/#breadcrumb\"},\"inLanguage\":\"en-US\",\"potentialAction\":[{\"@type\":\"ReadAction\",\"target\":[\"https:\\\/\\\/www.tradissima.com\\\/en\\\/domaines-de-specialisation\\\/medical\\\/\"]}]},{\"@type\":\"ImageObject\",\"inLanguage\":\"en-US\",\"@id\":\"https:\\\/\\\/www.tradissima.com\\\/en\\\/domaines-de-specialisation\\\/medical\\\/#primaryimage\",\"url\":\"https:\\\/\\\/www.tradissima.com\\\/wp-content\\\/uploads\\\/2018\\\/01\\\/traduire-document-me\u0301dical-e1516207193435.jpg\",\"contentUrl\":\"https:\\\/\\\/www.tradissima.com\\\/wp-content\\\/uploads\\\/2018\\\/01\\\/traduire-document-me\u0301dical-e1516207193435.jpg\",\"width\":770,\"height\":343},{\"@type\":\"BreadcrumbList\",\"@id\":\"https:\\\/\\\/www.tradissima.com\\\/en\\\/domaines-de-specialisation\\\/medical\\\/#breadcrumb\",\"itemListElement\":[{\"@type\":\"ListItem\",\"position\":1,\"name\":\"Accueil\",\"item\":\"https:\\\/\\\/www.tradissima.com\\\/\"},{\"@type\":\"ListItem\",\"position\":2,\"name\":\"Our specialisations\",\"item\":\"https:\\\/\\\/www.tradissima.com\\\/en\\\/domaines-de-specialisation\\\/\"},{\"@type\":\"ListItem\",\"position\":3,\"name\":\"Services suited to the highly specialised medical sector\"}]},{\"@type\":\"WebSite\",\"@id\":\"https:\\\/\\\/www.tradissima.com\\\/#website\",\"url\":\"https:\\\/\\\/www.tradissima.com\\\/\",\"name\":\"Traduction professionnelle multilingue de qualit\u00e9, devis en ligne\",\"description\":\"Services de traduction et de relecture multilingues par des experts natifs sp\u00e9cialis\u00e9s dans de nombreux domaines, devis comp\u00e9titif adress\u00e9 sous 2 heures\",\"potentialAction\":[{\"@type\":\"SearchAction\",\"target\":{\"@type\":\"EntryPoint\",\"urlTemplate\":\"https:\\\/\\\/www.tradissima.com\\\/?s={search_term_string}\"},\"query-input\":{\"@type\":\"PropertyValueSpecification\",\"valueRequired\":true,\"valueName\":\"search_term_string\"}}],\"inLanguage\":\"en-US\"}]}<\/script>\n<!-- \/ Yoast SEO plugin. -->","yoast_head_json":{"title":"Services suited to the highly specialised medical sector","description":"At Tradissima, we will examine all your requests in the medical field to offer translations that are perfect as well as compliant with regulations","robots":{"index":"index","follow":"follow","max-snippet":"max-snippet:-1","max-image-preview":"max-image-preview:large","max-video-preview":"max-video-preview:-1"},"canonical":"https:\/\/www.tradissima.com\/en\/domaines-de-specialisation\/medical\/","og_locale":"en_US","og_type":"article","og_title":"Services suited to the highly specialised medical sector","og_description":"At Tradissima, we will examine all your requests in the medical field to offer translations that are perfect as well as compliant with regulations","og_url":"https:\/\/www.tradissima.com\/en\/domaines-de-specialisation\/medical\/","og_site_name":"Traduction professionnelle multilingue de qualit\u00e9, devis en ligne","article_modified_time":"2018-06-04T18:51:43+00:00","og_image":[{"width":770,"height":343,"url":"https:\/\/www.tradissima.com\/wp-content\/uploads\/2018\/01\/traduire-document-me\u0301dical-e1516207193435.jpg","type":"image\/jpeg"}],"twitter_card":"summary_large_image","twitter_misc":{"Est. reading time":"1 minute"},"schema":{"@context":"https:\/\/schema.org","@graph":[{"@type":"WebPage","@id":"https:\/\/www.tradissima.com\/en\/domaines-de-specialisation\/medical\/","url":"https:\/\/www.tradissima.com\/en\/domaines-de-specialisation\/medical\/","name":"Services suited to the highly specialised medical sector","isPartOf":{"@id":"https:\/\/www.tradissima.com\/#website"},"primaryImageOfPage":{"@id":"https:\/\/www.tradissima.com\/en\/domaines-de-specialisation\/medical\/#primaryimage"},"image":{"@id":"https:\/\/www.tradissima.com\/en\/domaines-de-specialisation\/medical\/#primaryimage"},"thumbnailUrl":"https:\/\/www.tradissima.com\/wp-content\/uploads\/2018\/01\/traduire-document-me\u0301dical-e1516207193435.jpg","datePublished":"2018-01-11T11:06:19+00:00","dateModified":"2018-06-04T18:51:43+00:00","description":"At Tradissima, we will examine all your requests in the medical field to offer translations that are perfect as well as compliant with regulations","breadcrumb":{"@id":"https:\/\/www.tradissima.com\/en\/domaines-de-specialisation\/medical\/#breadcrumb"},"inLanguage":"en-US","potentialAction":[{"@type":"ReadAction","target":["https:\/\/www.tradissima.com\/en\/domaines-de-specialisation\/medical\/"]}]},{"@type":"ImageObject","inLanguage":"en-US","@id":"https:\/\/www.tradissima.com\/en\/domaines-de-specialisation\/medical\/#primaryimage","url":"https:\/\/www.tradissima.com\/wp-content\/uploads\/2018\/01\/traduire-document-me\u0301dical-e1516207193435.jpg","contentUrl":"https:\/\/www.tradissima.com\/wp-content\/uploads\/2018\/01\/traduire-document-me\u0301dical-e1516207193435.jpg","width":770,"height":343},{"@type":"BreadcrumbList","@id":"https:\/\/www.tradissima.com\/en\/domaines-de-specialisation\/medical\/#breadcrumb","itemListElement":[{"@type":"ListItem","position":1,"name":"Accueil","item":"https:\/\/www.tradissima.com\/"},{"@type":"ListItem","position":2,"name":"Our specialisations","item":"https:\/\/www.tradissima.com\/en\/domaines-de-specialisation\/"},{"@type":"ListItem","position":3,"name":"Services suited to the highly specialised medical sector"}]},{"@type":"WebSite","@id":"https:\/\/www.tradissima.com\/#website","url":"https:\/\/www.tradissima.com\/","name":"Traduction professionnelle multilingue de qualit\u00e9, devis en ligne","description":"Services de traduction et de relecture multilingues par des experts natifs sp\u00e9cialis\u00e9s dans de nombreux domaines, devis comp\u00e9titif adress\u00e9 sous 2 heures","potentialAction":[{"@type":"SearchAction","target":{"@type":"EntryPoint","urlTemplate":"https:\/\/www.tradissima.com\/?s={search_term_string}"},"query-input":{"@type":"PropertyValueSpecification","valueRequired":true,"valueName":"search_term_string"}}],"inLanguage":"en-US"}]}},"_links":{"self":[{"href":"https:\/\/www.tradissima.com\/en\/wp-json\/wp\/v2\/pages\/69","targetHints":{"allow":["GET"]}}],"collection":[{"href":"https:\/\/www.tradissima.com\/en\/wp-json\/wp\/v2\/pages"}],"about":[{"href":"https:\/\/www.tradissima.com\/en\/wp-json\/wp\/v2\/types\/page"}],"author":[{"embeddable":true,"href":"https:\/\/www.tradissima.com\/en\/wp-json\/wp\/v2\/users\/2"}],"replies":[{"embeddable":true,"href":"https:\/\/www.tradissima.com\/en\/wp-json\/wp\/v2\/comments?post=69"}],"version-history":[{"count":9,"href":"https:\/\/www.tradissima.com\/en\/wp-json\/wp\/v2\/pages\/69\/revisions"}],"predecessor-version":[{"id":531,"href":"https:\/\/www.tradissima.com\/en\/wp-json\/wp\/v2\/pages\/69\/revisions\/531"}],"up":[{"embeddable":true,"href":"https:\/\/www.tradissima.com\/en\/wp-json\/wp\/v2\/pages\/37"}],"wp:featuredmedia":[{"embeddable":true,"href":"https:\/\/www.tradissima.com\/en\/wp-json\/wp\/v2\/media\/122"}],"wp:attachment":[{"href":"https:\/\/www.tradissima.com\/en\/wp-json\/wp\/v2\/media?parent=69"}],"curies":[{"name":"wp","href":"https:\/\/api.w.org\/{rel}","templated":true}]}}