{"id":68,"date":"2018-01-11T12:06:16","date_gmt":"2018-01-11T11:06:16","guid":{"rendered":"http:\/\/webgrapher.fr\/tradissima\/?page_id=68"},"modified":"2018-06-04T20:52:42","modified_gmt":"2018-06-04T18:52:42","slug":"assurance","status":"publish","type":"page","link":"https:\/\/www.tradissima.com\/en\/domaines-de-specialisation\/assurance\/","title":{"rendered":"Translations specific to the needs of the insurance sector"},"content":{"rendered":"<p>The translation of documents linked to the insurance sector can be related to various aspects of an individual\u2019s personal or work life. Insurance and civil liability records are generally fairly technical and include many phrases specific to this line of work. That is why it is essential to call upon a trained professional to translate this type of content.<\/p>\n<p>Indeed, this type of text will not allow the slightest approximation, at the risk of limiting one\u2019s damages or rights to compensation in relation to the damage sustained. Every single word is important and this type of litigation requires the most accurate of translations.<\/p>\n<p>A simple friendly accident report between two car drivers with different nationalities may, for instance, lead to confusion in terms of responsibility and compensation. At Tradissima, we have the experience and the skills required to adapt the content of your documents to your needs as well as to the various local markets in this field.<\/p>\n<p>A few examples: insurance documents, damage claims, insurance policies and contracts, brochures, expert reports.<\/p>","protected":false},"excerpt":{"rendered":"<p>The translation of documents linked to the insurance sector can be related to various aspects of an individual\u2019s personal or work life. Insurance and civil liability records are generally fairly technical and include many phrases specific to this line of work. That is why it is essential to call upon a trained professional to translate [&hellip;]<\/p>\n","protected":false},"author":2,"featured_media":121,"parent":37,"menu_order":0,"comment_status":"closed","ping_status":"closed","template":"","meta":{"_acf_changed":false,"footnotes":""},"class_list":["post-68","page","type-page","status-publish","has-post-thumbnail","hentry"],"acf":[],"yoast_head":"<!-- This site is optimized with the Yoast SEO plugin v27.3 - https:\/\/yoast.com\/product\/yoast-seo-wordpress\/ -->\n<title>Translations specific to the needs of the insurance sector<\/title>\n<meta name=\"description\" content=\"We have the skills required to provide our assistance along each step of the way in the demanding and diverse field of insurance\" \/>\n<meta name=\"robots\" content=\"index, follow, max-snippet:-1, max-image-preview:large, max-video-preview:-1\" \/>\n<link rel=\"canonical\" href=\"https:\/\/www.tradissima.com\/en\/domaines-de-specialisation\/assurance\/\" \/>\n<meta property=\"og:locale\" content=\"en_US\" \/>\n<meta property=\"og:type\" content=\"article\" \/>\n<meta property=\"og:title\" content=\"Translations specific to the needs of the insurance sector\" \/>\n<meta property=\"og:description\" content=\"We have the skills required to provide our assistance along each step of the way in the demanding and diverse field of insurance\" \/>\n<meta property=\"og:url\" content=\"https:\/\/www.tradissima.com\/en\/domaines-de-specialisation\/assurance\/\" \/>\n<meta property=\"og:site_name\" content=\"Traduction professionnelle multilingue de qualit\u00e9, devis en ligne\" \/>\n<meta property=\"article:modified_time\" content=\"2018-06-04T18:52:42+00:00\" \/>\n<meta property=\"og:image\" content=\"https:\/\/www.tradissima.com\/wp-content\/uploads\/2018\/01\/traduction-pour-assurance-e1516207104992.jpg\" \/>\n\t<meta property=\"og:image:width\" content=\"770\" \/>\n\t<meta property=\"og:image:height\" content=\"513\" \/>\n\t<meta property=\"og:image:type\" content=\"image\/jpeg\" \/>\n<meta name=\"twitter:card\" content=\"summary_large_image\" \/>\n<meta name=\"twitter:label1\" content=\"Est. reading time\" \/>\n\t<meta name=\"twitter:data1\" content=\"2 minutes\" \/>\n<script type=\"application\/ld+json\" class=\"yoast-schema-graph\">{\"@context\":\"https:\\\/\\\/schema.org\",\"@graph\":[{\"@type\":\"WebPage\",\"@id\":\"https:\\\/\\\/www.tradissima.com\\\/en\\\/domaines-de-specialisation\\\/assurance\\\/\",\"url\":\"https:\\\/\\\/www.tradissima.com\\\/en\\\/domaines-de-specialisation\\\/assurance\\\/\",\"name\":\"Translations specific to the needs of the insurance sector\",\"isPartOf\":{\"@id\":\"https:\\\/\\\/www.tradissima.com\\\/#website\"},\"primaryImageOfPage\":{\"@id\":\"https:\\\/\\\/www.tradissima.com\\\/en\\\/domaines-de-specialisation\\\/assurance\\\/#primaryimage\"},\"image\":{\"@id\":\"https:\\\/\\\/www.tradissima.com\\\/en\\\/domaines-de-specialisation\\\/assurance\\\/#primaryimage\"},\"thumbnailUrl\":\"https:\\\/\\\/www.tradissima.com\\\/wp-content\\\/uploads\\\/2018\\\/01\\\/traduction-pour-assurance-e1516207104992.jpg\",\"datePublished\":\"2018-01-11T11:06:16+00:00\",\"dateModified\":\"2018-06-04T18:52:42+00:00\",\"description\":\"We have the skills required to provide our assistance along each step of the way in the demanding and diverse field of insurance\",\"breadcrumb\":{\"@id\":\"https:\\\/\\\/www.tradissima.com\\\/en\\\/domaines-de-specialisation\\\/assurance\\\/#breadcrumb\"},\"inLanguage\":\"en-US\",\"potentialAction\":[{\"@type\":\"ReadAction\",\"target\":[\"https:\\\/\\\/www.tradissima.com\\\/en\\\/domaines-de-specialisation\\\/assurance\\\/\"]}]},{\"@type\":\"ImageObject\",\"inLanguage\":\"en-US\",\"@id\":\"https:\\\/\\\/www.tradissima.com\\\/en\\\/domaines-de-specialisation\\\/assurance\\\/#primaryimage\",\"url\":\"https:\\\/\\\/www.tradissima.com\\\/wp-content\\\/uploads\\\/2018\\\/01\\\/traduction-pour-assurance-e1516207104992.jpg\",\"contentUrl\":\"https:\\\/\\\/www.tradissima.com\\\/wp-content\\\/uploads\\\/2018\\\/01\\\/traduction-pour-assurance-e1516207104992.jpg\",\"width\":770,\"height\":513},{\"@type\":\"BreadcrumbList\",\"@id\":\"https:\\\/\\\/www.tradissima.com\\\/en\\\/domaines-de-specialisation\\\/assurance\\\/#breadcrumb\",\"itemListElement\":[{\"@type\":\"ListItem\",\"position\":1,\"name\":\"Accueil\",\"item\":\"https:\\\/\\\/www.tradissima.com\\\/\"},{\"@type\":\"ListItem\",\"position\":2,\"name\":\"Our specialisations\",\"item\":\"https:\\\/\\\/www.tradissima.com\\\/en\\\/domaines-de-specialisation\\\/\"},{\"@type\":\"ListItem\",\"position\":3,\"name\":\"Translations specific to the needs of the insurance sector\"}]},{\"@type\":\"WebSite\",\"@id\":\"https:\\\/\\\/www.tradissima.com\\\/#website\",\"url\":\"https:\\\/\\\/www.tradissima.com\\\/\",\"name\":\"Traduction professionnelle multilingue de qualit\u00e9, devis en ligne\",\"description\":\"Services de traduction et de relecture multilingues par des experts natifs sp\u00e9cialis\u00e9s dans de nombreux domaines, devis comp\u00e9titif adress\u00e9 sous 2 heures\",\"potentialAction\":[{\"@type\":\"SearchAction\",\"target\":{\"@type\":\"EntryPoint\",\"urlTemplate\":\"https:\\\/\\\/www.tradissima.com\\\/?s={search_term_string}\"},\"query-input\":{\"@type\":\"PropertyValueSpecification\",\"valueRequired\":true,\"valueName\":\"search_term_string\"}}],\"inLanguage\":\"en-US\"}]}<\/script>\n<!-- \/ Yoast SEO plugin. -->","yoast_head_json":{"title":"Translations specific to the needs of the insurance sector","description":"We have the skills required to provide our assistance along each step of the way in the demanding and diverse field of insurance","robots":{"index":"index","follow":"follow","max-snippet":"max-snippet:-1","max-image-preview":"max-image-preview:large","max-video-preview":"max-video-preview:-1"},"canonical":"https:\/\/www.tradissima.com\/en\/domaines-de-specialisation\/assurance\/","og_locale":"en_US","og_type":"article","og_title":"Translations specific to the needs of the insurance sector","og_description":"We have the skills required to provide our assistance along each step of the way in the demanding and diverse field of insurance","og_url":"https:\/\/www.tradissima.com\/en\/domaines-de-specialisation\/assurance\/","og_site_name":"Traduction professionnelle multilingue de qualit\u00e9, devis en ligne","article_modified_time":"2018-06-04T18:52:42+00:00","og_image":[{"width":770,"height":513,"url":"https:\/\/www.tradissima.com\/wp-content\/uploads\/2018\/01\/traduction-pour-assurance-e1516207104992.jpg","type":"image\/jpeg"}],"twitter_card":"summary_large_image","twitter_misc":{"Est. reading time":"2 minutes"},"schema":{"@context":"https:\/\/schema.org","@graph":[{"@type":"WebPage","@id":"https:\/\/www.tradissima.com\/en\/domaines-de-specialisation\/assurance\/","url":"https:\/\/www.tradissima.com\/en\/domaines-de-specialisation\/assurance\/","name":"Translations specific to the needs of the insurance sector","isPartOf":{"@id":"https:\/\/www.tradissima.com\/#website"},"primaryImageOfPage":{"@id":"https:\/\/www.tradissima.com\/en\/domaines-de-specialisation\/assurance\/#primaryimage"},"image":{"@id":"https:\/\/www.tradissima.com\/en\/domaines-de-specialisation\/assurance\/#primaryimage"},"thumbnailUrl":"https:\/\/www.tradissima.com\/wp-content\/uploads\/2018\/01\/traduction-pour-assurance-e1516207104992.jpg","datePublished":"2018-01-11T11:06:16+00:00","dateModified":"2018-06-04T18:52:42+00:00","description":"We have the skills required to provide our assistance along each step of the way in the demanding and diverse field of insurance","breadcrumb":{"@id":"https:\/\/www.tradissima.com\/en\/domaines-de-specialisation\/assurance\/#breadcrumb"},"inLanguage":"en-US","potentialAction":[{"@type":"ReadAction","target":["https:\/\/www.tradissima.com\/en\/domaines-de-specialisation\/assurance\/"]}]},{"@type":"ImageObject","inLanguage":"en-US","@id":"https:\/\/www.tradissima.com\/en\/domaines-de-specialisation\/assurance\/#primaryimage","url":"https:\/\/www.tradissima.com\/wp-content\/uploads\/2018\/01\/traduction-pour-assurance-e1516207104992.jpg","contentUrl":"https:\/\/www.tradissima.com\/wp-content\/uploads\/2018\/01\/traduction-pour-assurance-e1516207104992.jpg","width":770,"height":513},{"@type":"BreadcrumbList","@id":"https:\/\/www.tradissima.com\/en\/domaines-de-specialisation\/assurance\/#breadcrumb","itemListElement":[{"@type":"ListItem","position":1,"name":"Accueil","item":"https:\/\/www.tradissima.com\/"},{"@type":"ListItem","position":2,"name":"Our specialisations","item":"https:\/\/www.tradissima.com\/en\/domaines-de-specialisation\/"},{"@type":"ListItem","position":3,"name":"Translations specific to the needs of the insurance sector"}]},{"@type":"WebSite","@id":"https:\/\/www.tradissima.com\/#website","url":"https:\/\/www.tradissima.com\/","name":"Traduction professionnelle multilingue de qualit\u00e9, devis en ligne","description":"Services de traduction et de relecture multilingues par des experts natifs sp\u00e9cialis\u00e9s dans de nombreux domaines, devis comp\u00e9titif adress\u00e9 sous 2 heures","potentialAction":[{"@type":"SearchAction","target":{"@type":"EntryPoint","urlTemplate":"https:\/\/www.tradissima.com\/?s={search_term_string}"},"query-input":{"@type":"PropertyValueSpecification","valueRequired":true,"valueName":"search_term_string"}}],"inLanguage":"en-US"}]}},"_links":{"self":[{"href":"https:\/\/www.tradissima.com\/en\/wp-json\/wp\/v2\/pages\/68","targetHints":{"allow":["GET"]}}],"collection":[{"href":"https:\/\/www.tradissima.com\/en\/wp-json\/wp\/v2\/pages"}],"about":[{"href":"https:\/\/www.tradissima.com\/en\/wp-json\/wp\/v2\/types\/page"}],"author":[{"embeddable":true,"href":"https:\/\/www.tradissima.com\/en\/wp-json\/wp\/v2\/users\/2"}],"replies":[{"embeddable":true,"href":"https:\/\/www.tradissima.com\/en\/wp-json\/wp\/v2\/comments?post=68"}],"version-history":[{"count":9,"href":"https:\/\/www.tradissima.com\/en\/wp-json\/wp\/v2\/pages\/68\/revisions"}],"predecessor-version":[{"id":530,"href":"https:\/\/www.tradissima.com\/en\/wp-json\/wp\/v2\/pages\/68\/revisions\/530"}],"up":[{"embeddable":true,"href":"https:\/\/www.tradissima.com\/en\/wp-json\/wp\/v2\/pages\/37"}],"wp:featuredmedia":[{"embeddable":true,"href":"https:\/\/www.tradissima.com\/en\/wp-json\/wp\/v2\/media\/121"}],"wp:attachment":[{"href":"https:\/\/www.tradissima.com\/en\/wp-json\/wp\/v2\/media?parent=68"}],"curies":[{"name":"wp","href":"https:\/\/api.w.org\/{rel}","templated":true}]}}