{"id":67,"date":"2018-01-11T12:06:13","date_gmt":"2018-01-11T11:06:13","guid":{"rendered":"http:\/\/webgrapher.fr\/tradissima\/?page_id=67"},"modified":"2018-06-04T20:50:14","modified_gmt":"2018-06-04T18:50:14","slug":"technologie-it","status":"publish","type":"page","link":"https:\/\/www.tradissima.com\/en\/domaines-de-specialisation\/technologie-it\/","title":{"rendered":"Translation specialising in IT and new technologies"},"content":{"rendered":"<p>IT, telecommunications and new technologies are complex technical fields that are constantly evolving. This line of business is thriving at the moment, and the various players competing with each other must continuously broaden their international presence. This is why they need real experts to assist them in their approach.<\/p>\n<p>In order to offer accurate translations in this field, linguists need technological expertise (software, networks and operating systems, IT security, graphic applications, etc.) as well as the best language skills. Not only do your products and services need to be well-suited to your target audience, they also need to be perfectly understood by the users.<\/p>\n<p>Drawing on our passion for new technologies, our experience in this field and our linguistic expertise, we will be sure to satisfy all your requirements and meet all your needs. At Tradissima, we pride ourselves on using technological tools on a daily basis, as well as monitoring technological developments. This sound basis enables us to give you the support you need throughout your projects.<\/p>\n<p>A few examples: interfaces and content, software, websites, technical and user guidelines, applications.<\/p>","protected":false},"excerpt":{"rendered":"<p>IT, telecommunications and new technologies are complex technical fields that are constantly evolving. This line of business is thriving at the moment, and the various players competing with each other must continuously broaden their international presence. This is why they need real experts to assist them in their approach. In order to offer accurate translations [&hellip;]<\/p>\n","protected":false},"author":2,"featured_media":120,"parent":37,"menu_order":0,"comment_status":"closed","ping_status":"closed","template":"","meta":{"_acf_changed":false,"footnotes":""},"class_list":["post-67","page","type-page","status-publish","has-post-thumbnail","hentry"],"acf":[],"yoast_head":"<!-- This site is optimized with the Yoast SEO plugin v27.4 - https:\/\/yoast.com\/product\/yoast-seo-wordpress\/ -->\n<title>Translation specialising in IT and new technologies<\/title>\n<meta name=\"description\" content=\"We are on a constant quest for innovation and are thrilled to provide you with our experience and expertise in the fields of IT and new technologies\" \/>\n<meta name=\"robots\" content=\"index, follow, max-snippet:-1, max-image-preview:large, max-video-preview:-1\" \/>\n<link rel=\"canonical\" href=\"https:\/\/www.tradissima.com\/en\/domaines-de-specialisation\/technologie-it\/\" \/>\n<meta property=\"og:locale\" content=\"en_US\" \/>\n<meta property=\"og:type\" content=\"article\" \/>\n<meta property=\"og:title\" content=\"Translation specialising in IT and new technologies\" \/>\n<meta property=\"og:description\" content=\"We are on a constant quest for innovation and are thrilled to provide you with our experience and expertise in the fields of IT and new technologies\" \/>\n<meta property=\"og:url\" content=\"https:\/\/www.tradissima.com\/en\/domaines-de-specialisation\/technologie-it\/\" \/>\n<meta property=\"og:site_name\" content=\"Traduction professionnelle multilingue de qualit\u00e9, devis en ligne\" \/>\n<meta property=\"article:modified_time\" content=\"2018-06-04T18:50:14+00:00\" \/>\n<meta property=\"og:image\" content=\"https:\/\/www.tradissima.com\/wp-content\/uploads\/2018\/01\/Technologie-IT-et-besoin-traduction-e1516206930147.jpg\" \/>\n\t<meta property=\"og:image:width\" content=\"770\" \/>\n\t<meta property=\"og:image:height\" content=\"466\" \/>\n\t<meta property=\"og:image:type\" content=\"image\/jpeg\" \/>\n<meta name=\"twitter:card\" content=\"summary_large_image\" \/>\n<meta name=\"twitter:label1\" content=\"Est. reading time\" \/>\n\t<meta name=\"twitter:data1\" content=\"2 minutes\" \/>\n<script type=\"application\/ld+json\" class=\"yoast-schema-graph\">{\"@context\":\"https:\\\/\\\/schema.org\",\"@graph\":[{\"@type\":\"WebPage\",\"@id\":\"https:\\\/\\\/www.tradissima.com\\\/en\\\/domaines-de-specialisation\\\/technologie-it\\\/\",\"url\":\"https:\\\/\\\/www.tradissima.com\\\/en\\\/domaines-de-specialisation\\\/technologie-it\\\/\",\"name\":\"Translation specialising in IT and new technologies\",\"isPartOf\":{\"@id\":\"https:\\\/\\\/www.tradissima.com\\\/#website\"},\"primaryImageOfPage\":{\"@id\":\"https:\\\/\\\/www.tradissima.com\\\/en\\\/domaines-de-specialisation\\\/technologie-it\\\/#primaryimage\"},\"image\":{\"@id\":\"https:\\\/\\\/www.tradissima.com\\\/en\\\/domaines-de-specialisation\\\/technologie-it\\\/#primaryimage\"},\"thumbnailUrl\":\"https:\\\/\\\/www.tradissima.com\\\/wp-content\\\/uploads\\\/2018\\\/01\\\/Technologie-IT-et-besoin-traduction-e1516206930147.jpg\",\"datePublished\":\"2018-01-11T11:06:13+00:00\",\"dateModified\":\"2018-06-04T18:50:14+00:00\",\"description\":\"We are on a constant quest for innovation and are thrilled to provide you with our experience and expertise in the fields of IT and new technologies\",\"breadcrumb\":{\"@id\":\"https:\\\/\\\/www.tradissima.com\\\/en\\\/domaines-de-specialisation\\\/technologie-it\\\/#breadcrumb\"},\"inLanguage\":\"en-US\",\"potentialAction\":[{\"@type\":\"ReadAction\",\"target\":[\"https:\\\/\\\/www.tradissima.com\\\/en\\\/domaines-de-specialisation\\\/technologie-it\\\/\"]}]},{\"@type\":\"ImageObject\",\"inLanguage\":\"en-US\",\"@id\":\"https:\\\/\\\/www.tradissima.com\\\/en\\\/domaines-de-specialisation\\\/technologie-it\\\/#primaryimage\",\"url\":\"https:\\\/\\\/www.tradissima.com\\\/wp-content\\\/uploads\\\/2018\\\/01\\\/Technologie-IT-et-besoin-traduction-e1516206930147.jpg\",\"contentUrl\":\"https:\\\/\\\/www.tradissima.com\\\/wp-content\\\/uploads\\\/2018\\\/01\\\/Technologie-IT-et-besoin-traduction-e1516206930147.jpg\",\"width\":770,\"height\":466},{\"@type\":\"BreadcrumbList\",\"@id\":\"https:\\\/\\\/www.tradissima.com\\\/en\\\/domaines-de-specialisation\\\/technologie-it\\\/#breadcrumb\",\"itemListElement\":[{\"@type\":\"ListItem\",\"position\":1,\"name\":\"Accueil\",\"item\":\"https:\\\/\\\/www.tradissima.com\\\/\"},{\"@type\":\"ListItem\",\"position\":2,\"name\":\"Our specialisations\",\"item\":\"https:\\\/\\\/www.tradissima.com\\\/en\\\/domaines-de-specialisation\\\/\"},{\"@type\":\"ListItem\",\"position\":3,\"name\":\"Translation specialising in IT and new technologies\"}]},{\"@type\":\"WebSite\",\"@id\":\"https:\\\/\\\/www.tradissima.com\\\/#website\",\"url\":\"https:\\\/\\\/www.tradissima.com\\\/\",\"name\":\"Traduction professionnelle multilingue de qualit\u00e9, devis en ligne\",\"description\":\"Services de traduction et de relecture multilingues par des experts natifs sp\u00e9cialis\u00e9s dans de nombreux domaines, devis comp\u00e9titif adress\u00e9 sous 2 heures\",\"potentialAction\":[{\"@type\":\"SearchAction\",\"target\":{\"@type\":\"EntryPoint\",\"urlTemplate\":\"https:\\\/\\\/www.tradissima.com\\\/?s={search_term_string}\"},\"query-input\":{\"@type\":\"PropertyValueSpecification\",\"valueRequired\":true,\"valueName\":\"search_term_string\"}}],\"inLanguage\":\"en-US\"}]}<\/script>\n<!-- \/ Yoast SEO plugin. -->","yoast_head_json":{"title":"Translation specialising in IT and new technologies","description":"We are on a constant quest for innovation and are thrilled to provide you with our experience and expertise in the fields of IT and new technologies","robots":{"index":"index","follow":"follow","max-snippet":"max-snippet:-1","max-image-preview":"max-image-preview:large","max-video-preview":"max-video-preview:-1"},"canonical":"https:\/\/www.tradissima.com\/en\/domaines-de-specialisation\/technologie-it\/","og_locale":"en_US","og_type":"article","og_title":"Translation specialising in IT and new technologies","og_description":"We are on a constant quest for innovation and are thrilled to provide you with our experience and expertise in the fields of IT and new technologies","og_url":"https:\/\/www.tradissima.com\/en\/domaines-de-specialisation\/technologie-it\/","og_site_name":"Traduction professionnelle multilingue de qualit\u00e9, devis en ligne","article_modified_time":"2018-06-04T18:50:14+00:00","og_image":[{"width":770,"height":466,"url":"https:\/\/www.tradissima.com\/wp-content\/uploads\/2018\/01\/Technologie-IT-et-besoin-traduction-e1516206930147.jpg","type":"image\/jpeg"}],"twitter_card":"summary_large_image","twitter_misc":{"Est. reading time":"2 minutes"},"schema":{"@context":"https:\/\/schema.org","@graph":[{"@type":"WebPage","@id":"https:\/\/www.tradissima.com\/en\/domaines-de-specialisation\/technologie-it\/","url":"https:\/\/www.tradissima.com\/en\/domaines-de-specialisation\/technologie-it\/","name":"Translation specialising in IT and new technologies","isPartOf":{"@id":"https:\/\/www.tradissima.com\/#website"},"primaryImageOfPage":{"@id":"https:\/\/www.tradissima.com\/en\/domaines-de-specialisation\/technologie-it\/#primaryimage"},"image":{"@id":"https:\/\/www.tradissima.com\/en\/domaines-de-specialisation\/technologie-it\/#primaryimage"},"thumbnailUrl":"https:\/\/www.tradissima.com\/wp-content\/uploads\/2018\/01\/Technologie-IT-et-besoin-traduction-e1516206930147.jpg","datePublished":"2018-01-11T11:06:13+00:00","dateModified":"2018-06-04T18:50:14+00:00","description":"We are on a constant quest for innovation and are thrilled to provide you with our experience and expertise in the fields of IT and new technologies","breadcrumb":{"@id":"https:\/\/www.tradissima.com\/en\/domaines-de-specialisation\/technologie-it\/#breadcrumb"},"inLanguage":"en-US","potentialAction":[{"@type":"ReadAction","target":["https:\/\/www.tradissima.com\/en\/domaines-de-specialisation\/technologie-it\/"]}]},{"@type":"ImageObject","inLanguage":"en-US","@id":"https:\/\/www.tradissima.com\/en\/domaines-de-specialisation\/technologie-it\/#primaryimage","url":"https:\/\/www.tradissima.com\/wp-content\/uploads\/2018\/01\/Technologie-IT-et-besoin-traduction-e1516206930147.jpg","contentUrl":"https:\/\/www.tradissima.com\/wp-content\/uploads\/2018\/01\/Technologie-IT-et-besoin-traduction-e1516206930147.jpg","width":770,"height":466},{"@type":"BreadcrumbList","@id":"https:\/\/www.tradissima.com\/en\/domaines-de-specialisation\/technologie-it\/#breadcrumb","itemListElement":[{"@type":"ListItem","position":1,"name":"Accueil","item":"https:\/\/www.tradissima.com\/"},{"@type":"ListItem","position":2,"name":"Our specialisations","item":"https:\/\/www.tradissima.com\/en\/domaines-de-specialisation\/"},{"@type":"ListItem","position":3,"name":"Translation specialising in IT and new technologies"}]},{"@type":"WebSite","@id":"https:\/\/www.tradissima.com\/#website","url":"https:\/\/www.tradissima.com\/","name":"Traduction professionnelle multilingue de qualit\u00e9, devis en ligne","description":"Services de traduction et de relecture multilingues par des experts natifs sp\u00e9cialis\u00e9s dans de nombreux domaines, devis comp\u00e9titif adress\u00e9 sous 2 heures","potentialAction":[{"@type":"SearchAction","target":{"@type":"EntryPoint","urlTemplate":"https:\/\/www.tradissima.com\/?s={search_term_string}"},"query-input":{"@type":"PropertyValueSpecification","valueRequired":true,"valueName":"search_term_string"}}],"inLanguage":"en-US"}]}},"_links":{"self":[{"href":"https:\/\/www.tradissima.com\/en\/wp-json\/wp\/v2\/pages\/67","targetHints":{"allow":["GET"]}}],"collection":[{"href":"https:\/\/www.tradissima.com\/en\/wp-json\/wp\/v2\/pages"}],"about":[{"href":"https:\/\/www.tradissima.com\/en\/wp-json\/wp\/v2\/types\/page"}],"author":[{"embeddable":true,"href":"https:\/\/www.tradissima.com\/en\/wp-json\/wp\/v2\/users\/2"}],"replies":[{"embeddable":true,"href":"https:\/\/www.tradissima.com\/en\/wp-json\/wp\/v2\/comments?post=67"}],"version-history":[{"count":8,"href":"https:\/\/www.tradissima.com\/en\/wp-json\/wp\/v2\/pages\/67\/revisions"}],"predecessor-version":[{"id":529,"href":"https:\/\/www.tradissima.com\/en\/wp-json\/wp\/v2\/pages\/67\/revisions\/529"}],"up":[{"embeddable":true,"href":"https:\/\/www.tradissima.com\/en\/wp-json\/wp\/v2\/pages\/37"}],"wp:featuredmedia":[{"embeddable":true,"href":"https:\/\/www.tradissima.com\/en\/wp-json\/wp\/v2\/media\/120"}],"wp:attachment":[{"href":"https:\/\/www.tradissima.com\/en\/wp-json\/wp\/v2\/media?parent=67"}],"curies":[{"name":"wp","href":"https:\/\/api.w.org\/{rel}","templated":true}]}}