{"id":6,"date":"2017-11-21T11:55:27","date_gmt":"2017-11-21T10:55:27","guid":{"rendered":"http:\/\/webgrapher.fr\/tradissima\/?page_id=6"},"modified":"2018-06-04T20:41:28","modified_gmt":"2018-06-04T18:41:28","slug":"traduction","status":"publish","type":"page","link":"https:\/\/www.tradissima.com\/en\/prestations-services\/traduction\/","title":{"rendered":"Guaranteed professional and native translators"},"content":{"rendered":"<p>Translation is often misjudged as a line of work and even disregarded by the general public. Translating isn\u2019t limited to replacing one word with another. It isn&#8217;t simply about calling upon individuals who have a good understanding of English or German, who are bilingual or, even worse, using online and automatic translation tools. Translation isn&#8217;t a skill you can just pick up, it is a real craft, some may even say it is an art form!<\/p>\n<p>The golden rule to be complied with in this field is the following: high-quality translations can only be produced by professionals translating into their mother tongue. Native French speakers therefore translate into French, from whichever source language they are qualified in: English, Spanish, Italian, Chinese, etc. Breaking from this rule poses a number of risks, in particular that of missing certain subtleties and of \u201coffending\u201d one\u2019s readers and counterparts. Professional native translators have perfect understanding of grammatical, terminological and cultural subtleties as well as mastering localisation techniques, and deliver reliable and successful translations.<\/p>\n<h2>Translation: true precision work at the service of the French language<\/h2>\n<p>Being a translator requires great intellectual and literary abilities, experience and a good dose of patience, not to mention good analytical and research skills. Working as real linguistic artists and craftsmen, professional translators analyse texts, carry out extensive research and select precise and perfectly suited expressions.<\/p>\n<p>In this sense, they are there to guarantee the meaning and the various ideas put forth in a document, and consequentially, the quality of their own translation projects. A good translator is in fact a real author: the fruit of their labour must be at once perfectly understandable, fluent and even elegant in the case of editorial or literary work. They bridge the gap between two dialects, rendering the essence of the original message thanks to their know-how and their linguistic, terminological, stylistic and spelling skills.<\/p>\n<h2>Multi-lingual adaptation to the many areas of specialisation in the translation world<\/h2>\n<p>Being a translator doesn&#8217;t necessarily mean being in a position to translate all types of texts. Each professional translator takes on projects in line with their field of expertise. Technical documents are also a challenge: they require extreme terminological accuracy and do not allow for the slightest imprecision. This is also one of the reasons why at Tradissima, we favour a constant dialogue with our clients from France and elsewhere, so as to be in a position to rely on glossaries, terminology bases and reference documents.<\/p>\n<p>Drawing on our ten-year experience in the business, we will support you throughout a wide range of services and areas of specialisation, from marketing to industry, from insurance to the medical field, not to mention tourism, art and sports. By carefully choosing our fields of work, we are investing in our passion for linguistics to increase our level of precision and efficiency even further.<\/p>\n<h2>Skills and attributes of a good translator<\/h2>\n<p>The number one ingredient: a passion for languages and terminology. Being fluent in a language isn&#8217;t enough. It\u2019s essential to master all of its subtleties! Wordplay, idioms, sayings, humorous particularities can be real headaches to translate. The more passionate a translator is, the higher their commitment to the task and the more the excellence of their translation will shine through.<\/p>\n<p>When you make the decision to become a professional translator, curiosity is far from being a flaw, on the contrary! In fact, it is a prerequisite: linguists need extensive general knowledge and must add to it continuously through reading, keeping up-to-date with the news as well as the most diverse subjects.<\/p>\n<p>Moreover, professional linguists must show rigour and patience. Rigour, because they need to correctly analyse the source text in order to step away from it and render the message in the target language precisely and skilfully, while adapting to the target audience. Patience, because some projects are extremely involved, because text layouts can be complex, and because understanding a text that is badly written or deciphering the author\u2019s intent can be challenging. In these cases, the translator must carry out in-depth research.<\/p>\n<p>Good translators, in particular freelance translators, need to be both flexible and extremely punctual. A lot of the time, they have little visibility in terms of work bandwidth, with projects potentially presenting themselves out of the blue. This is why they tend to forfeit \u201cstandard\u201d working hours in order to be able to meet these various translation challenges. However, they do have to combine this great ability to adjust with an always timely delivery. At Tradissima, we commit to being quick to react and punctual. We see these elements as a token of professionalism and confidence for our customers, whether they are in France or elsewhere.<\/p>\n<p>Finally, translation inherently implies an excellent ability to engage and communicate. The more a translator exchanges with their client, the better they will understand the company as well as its goals, products and needs. This, in turn, will improve the quality of their translations even further. That is why, at Tradissima, we strive to establish close relationships with our clients from the get-go, based on trust, dialogue, feedback and our experience translating a wide range of content.<\/p>","protected":false},"excerpt":{"rendered":"<p>Translation is often misjudged as a line of work and even disregarded by the general public. Translating isn\u2019t limited to replacing one word with another. It isn&#8217;t simply about calling upon individuals who have a good understanding of English or German, who are bilingual or, even worse, using online and automatic translation tools. Translation isn&#8217;t [&hellip;]<\/p>\n","protected":false},"author":2,"featured_media":113,"parent":35,"menu_order":1,"comment_status":"closed","ping_status":"closed","template":"","meta":{"_acf_changed":false,"footnotes":""},"class_list":["post-6","page","type-page","status-publish","has-post-thumbnail","hentry"],"acf":[],"yoast_head":"<!-- This site is optimized with the Yoast SEO plugin v27.4 - https:\/\/yoast.com\/product\/yoast-seo-wordpress\/ -->\n<title>Des traducteurs experts \u00e0 votre disposition dans tous les domaines<\/title>\n<meta name=\"description\" content=\"Prestations de traduction soign\u00e9es, gr\u00e2ce \u00e0 la passion de la langue fran\u00e7aise, \u00e0 un dialogue constant avec le client et dans les domaines les plus vari\u00e9s.\" \/>\n<meta name=\"robots\" content=\"index, follow, max-snippet:-1, max-image-preview:large, max-video-preview:-1\" \/>\n<link rel=\"canonical\" href=\"https:\/\/www.tradissima.com\/prestations-services\/traduction\/\" \/>\n<meta property=\"og:locale\" content=\"en_US\" \/>\n<meta property=\"og:type\" content=\"article\" \/>\n<meta property=\"og:title\" content=\"Des traducteurs experts \u00e0 votre disposition dans tous les domaines\" \/>\n<meta property=\"og:description\" content=\"Prestations de traduction soign\u00e9es, gr\u00e2ce \u00e0 la passion de la langue fran\u00e7aise, \u00e0 un dialogue constant avec le client et dans les domaines les plus vari\u00e9s.\" \/>\n<meta property=\"og:url\" content=\"https:\/\/www.tradissima.com\/prestations-services\/traduction\/\" \/>\n<meta property=\"og:site_name\" content=\"Traduction professionnelle multilingue de qualit\u00e9, devis en ligne\" \/>\n<meta property=\"article:modified_time\" content=\"2018-06-04T18:41:28+00:00\" \/>\n<meta property=\"og:image\" content=\"https:\/\/www.tradissima.com\/wp-content\/uploads\/2018\/01\/Traduction-me\u0301tier-e1516204863687.jpg\" \/>\n\t<meta property=\"og:image:width\" content=\"770\" \/>\n\t<meta property=\"og:image:height\" content=\"322\" \/>\n\t<meta property=\"og:image:type\" content=\"image\/jpeg\" \/>\n<meta name=\"twitter:card\" content=\"summary_large_image\" \/>\n<meta name=\"twitter:label1\" content=\"Est. reading time\" \/>\n\t<meta name=\"twitter:data1\" content=\"9 minutes\" \/>\n<script type=\"application\/ld+json\" class=\"yoast-schema-graph\">{\"@context\":\"https:\\\/\\\/schema.org\",\"@graph\":[{\"@type\":\"WebPage\",\"@id\":\"https:\\\/\\\/www.tradissima.com\\\/prestations-services\\\/traduction\\\/\",\"url\":\"https:\\\/\\\/www.tradissima.com\\\/prestations-services\\\/traduction\\\/\",\"name\":\"Des traducteurs experts \u00e0 votre disposition dans tous les domaines\",\"isPartOf\":{\"@id\":\"https:\\\/\\\/www.tradissima.com\\\/#website\"},\"primaryImageOfPage\":{\"@id\":\"https:\\\/\\\/www.tradissima.com\\\/prestations-services\\\/traduction\\\/#primaryimage\"},\"image\":{\"@id\":\"https:\\\/\\\/www.tradissima.com\\\/prestations-services\\\/traduction\\\/#primaryimage\"},\"thumbnailUrl\":\"https:\\\/\\\/www.tradissima.com\\\/wp-content\\\/uploads\\\/2018\\\/01\\\/Traduction-me\u0301tier-e1516204863687.jpg\",\"datePublished\":\"2017-11-21T10:55:27+00:00\",\"dateModified\":\"2018-06-04T18:41:28+00:00\",\"description\":\"Prestations de traduction soign\u00e9es, gr\u00e2ce \u00e0 la passion de la langue fran\u00e7aise, \u00e0 un dialogue constant avec le client et dans les domaines les plus vari\u00e9s.\",\"breadcrumb\":{\"@id\":\"https:\\\/\\\/www.tradissima.com\\\/prestations-services\\\/traduction\\\/#breadcrumb\"},\"inLanguage\":\"en-US\",\"potentialAction\":[{\"@type\":\"ReadAction\",\"target\":[\"https:\\\/\\\/www.tradissima.com\\\/prestations-services\\\/traduction\\\/\"]}]},{\"@type\":\"ImageObject\",\"inLanguage\":\"en-US\",\"@id\":\"https:\\\/\\\/www.tradissima.com\\\/prestations-services\\\/traduction\\\/#primaryimage\",\"url\":\"https:\\\/\\\/www.tradissima.com\\\/wp-content\\\/uploads\\\/2018\\\/01\\\/Traduction-me\u0301tier-e1516204863687.jpg\",\"contentUrl\":\"https:\\\/\\\/www.tradissima.com\\\/wp-content\\\/uploads\\\/2018\\\/01\\\/Traduction-me\u0301tier-e1516204863687.jpg\",\"width\":770,\"height\":322},{\"@type\":\"BreadcrumbList\",\"@id\":\"https:\\\/\\\/www.tradissima.com\\\/prestations-services\\\/traduction\\\/#breadcrumb\",\"itemListElement\":[{\"@type\":\"ListItem\",\"position\":1,\"name\":\"Accueil\",\"item\":\"https:\\\/\\\/www.tradissima.com\\\/\"},{\"@type\":\"ListItem\",\"position\":2,\"name\":\"Prestations\\\/Services\",\"item\":\"https:\\\/\\\/www.tradissima.com\\\/prestations-services\\\/\"},{\"@type\":\"ListItem\",\"position\":3,\"name\":\"La garantie d\u2019un traducteur professionnel et natif\"}]},{\"@type\":\"WebSite\",\"@id\":\"https:\\\/\\\/www.tradissima.com\\\/#website\",\"url\":\"https:\\\/\\\/www.tradissima.com\\\/\",\"name\":\"Traduction professionnelle multilingue de qualit\u00e9, devis en ligne\",\"description\":\"Services de traduction et de relecture multilingues par des experts natifs sp\u00e9cialis\u00e9s dans de nombreux domaines, devis comp\u00e9titif adress\u00e9 sous 2 heures\",\"potentialAction\":[{\"@type\":\"SearchAction\",\"target\":{\"@type\":\"EntryPoint\",\"urlTemplate\":\"https:\\\/\\\/www.tradissima.com\\\/?s={search_term_string}\"},\"query-input\":{\"@type\":\"PropertyValueSpecification\",\"valueRequired\":true,\"valueName\":\"search_term_string\"}}],\"inLanguage\":\"en-US\"}]}<\/script>\n<!-- \/ Yoast SEO plugin. -->","yoast_head_json":{"title":"Des traducteurs experts \u00e0 votre disposition dans tous les domaines","description":"Prestations de traduction soign\u00e9es, gr\u00e2ce \u00e0 la passion de la langue fran\u00e7aise, \u00e0 un dialogue constant avec le client et dans les domaines les plus vari\u00e9s.","robots":{"index":"index","follow":"follow","max-snippet":"max-snippet:-1","max-image-preview":"max-image-preview:large","max-video-preview":"max-video-preview:-1"},"canonical":"https:\/\/www.tradissima.com\/prestations-services\/traduction\/","og_locale":"en_US","og_type":"article","og_title":"Des traducteurs experts \u00e0 votre disposition dans tous les domaines","og_description":"Prestations de traduction soign\u00e9es, gr\u00e2ce \u00e0 la passion de la langue fran\u00e7aise, \u00e0 un dialogue constant avec le client et dans les domaines les plus vari\u00e9s.","og_url":"https:\/\/www.tradissima.com\/prestations-services\/traduction\/","og_site_name":"Traduction professionnelle multilingue de qualit\u00e9, devis en ligne","article_modified_time":"2018-06-04T18:41:28+00:00","og_image":[{"width":770,"height":322,"url":"https:\/\/www.tradissima.com\/wp-content\/uploads\/2018\/01\/Traduction-me\u0301tier-e1516204863687.jpg","type":"image\/jpeg"}],"twitter_card":"summary_large_image","twitter_misc":{"Est. reading time":"9 minutes"},"schema":{"@context":"https:\/\/schema.org","@graph":[{"@type":"WebPage","@id":"https:\/\/www.tradissima.com\/prestations-services\/traduction\/","url":"https:\/\/www.tradissima.com\/prestations-services\/traduction\/","name":"Des traducteurs experts \u00e0 votre disposition dans tous les domaines","isPartOf":{"@id":"https:\/\/www.tradissima.com\/#website"},"primaryImageOfPage":{"@id":"https:\/\/www.tradissima.com\/prestations-services\/traduction\/#primaryimage"},"image":{"@id":"https:\/\/www.tradissima.com\/prestations-services\/traduction\/#primaryimage"},"thumbnailUrl":"https:\/\/www.tradissima.com\/wp-content\/uploads\/2018\/01\/Traduction-me\u0301tier-e1516204863687.jpg","datePublished":"2017-11-21T10:55:27+00:00","dateModified":"2018-06-04T18:41:28+00:00","description":"Prestations de traduction soign\u00e9es, gr\u00e2ce \u00e0 la passion de la langue fran\u00e7aise, \u00e0 un dialogue constant avec le client et dans les domaines les plus vari\u00e9s.","breadcrumb":{"@id":"https:\/\/www.tradissima.com\/prestations-services\/traduction\/#breadcrumb"},"inLanguage":"en-US","potentialAction":[{"@type":"ReadAction","target":["https:\/\/www.tradissima.com\/prestations-services\/traduction\/"]}]},{"@type":"ImageObject","inLanguage":"en-US","@id":"https:\/\/www.tradissima.com\/prestations-services\/traduction\/#primaryimage","url":"https:\/\/www.tradissima.com\/wp-content\/uploads\/2018\/01\/Traduction-me\u0301tier-e1516204863687.jpg","contentUrl":"https:\/\/www.tradissima.com\/wp-content\/uploads\/2018\/01\/Traduction-me\u0301tier-e1516204863687.jpg","width":770,"height":322},{"@type":"BreadcrumbList","@id":"https:\/\/www.tradissima.com\/prestations-services\/traduction\/#breadcrumb","itemListElement":[{"@type":"ListItem","position":1,"name":"Accueil","item":"https:\/\/www.tradissima.com\/"},{"@type":"ListItem","position":2,"name":"Prestations\/Services","item":"https:\/\/www.tradissima.com\/prestations-services\/"},{"@type":"ListItem","position":3,"name":"La garantie d\u2019un traducteur professionnel et natif"}]},{"@type":"WebSite","@id":"https:\/\/www.tradissima.com\/#website","url":"https:\/\/www.tradissima.com\/","name":"Traduction professionnelle multilingue de qualit\u00e9, devis en ligne","description":"Services de traduction et de relecture multilingues par des experts natifs sp\u00e9cialis\u00e9s dans de nombreux domaines, devis comp\u00e9titif adress\u00e9 sous 2 heures","potentialAction":[{"@type":"SearchAction","target":{"@type":"EntryPoint","urlTemplate":"https:\/\/www.tradissima.com\/?s={search_term_string}"},"query-input":{"@type":"PropertyValueSpecification","valueRequired":true,"valueName":"search_term_string"}}],"inLanguage":"en-US"}]}},"_links":{"self":[{"href":"https:\/\/www.tradissima.com\/en\/wp-json\/wp\/v2\/pages\/6","targetHints":{"allow":["GET"]}}],"collection":[{"href":"https:\/\/www.tradissima.com\/en\/wp-json\/wp\/v2\/pages"}],"about":[{"href":"https:\/\/www.tradissima.com\/en\/wp-json\/wp\/v2\/types\/page"}],"author":[{"embeddable":true,"href":"https:\/\/www.tradissima.com\/en\/wp-json\/wp\/v2\/users\/2"}],"replies":[{"embeddable":true,"href":"https:\/\/www.tradissima.com\/en\/wp-json\/wp\/v2\/comments?post=6"}],"version-history":[{"count":15,"href":"https:\/\/www.tradissima.com\/en\/wp-json\/wp\/v2\/pages\/6\/revisions"}],"predecessor-version":[{"id":522,"href":"https:\/\/www.tradissima.com\/en\/wp-json\/wp\/v2\/pages\/6\/revisions\/522"}],"up":[{"embeddable":true,"href":"https:\/\/www.tradissima.com\/en\/wp-json\/wp\/v2\/pages\/35"}],"wp:featuredmedia":[{"embeddable":true,"href":"https:\/\/www.tradissima.com\/en\/wp-json\/wp\/v2\/media\/113"}],"wp:attachment":[{"href":"https:\/\/www.tradissima.com\/en\/wp-json\/wp\/v2\/media?parent=6"}],"curies":[{"name":"wp","href":"https:\/\/api.w.org\/{rel}","templated":true}]}}