{"id":50,"date":"2017-11-29T14:56:35","date_gmt":"2017-11-29T13:56:35","guid":{"rendered":"http:\/\/webgrapher.fr\/tradissima\/?page_id=50"},"modified":"2018-06-04T20:56:07","modified_gmt":"2018-06-04T18:56:07","slug":"transcription","status":"publish","type":"page","link":"https:\/\/www.tradissima.com\/en\/prestations-services\/transcription\/","title":{"rendered":"Multilingual transcription services for various mediums"},"content":{"rendered":"<p><\/p>\n<h2>What is transcription?<\/h2>\n<p>In the field of linguistics, transcription is defined as \u201cthe systematic representation of a text in written form\u201d. The transcription of audio or video documents requires two skills: being a native speaker of the language and either having excellent general knowledge or being familiar with the topic at hand. From a practical point of view, professional transcribers listen to an audio or video recording in their mother tongue before rendering it in written form, in the same language.<\/p>\n<p>This mission, which may appear simple at first glance and comparable to a dictation, is very time consuming (1 hour of audio takes an average of 1 day\u2019s work to process) and is often carried out prior to translation and followed by dubbing or sub-titling, depending on the case.<\/p>\n<p>&nbsp;<\/p>\n<h2>The various types of transcription<\/h2>\n<p>We offer several types of services depending on your expectations and needs:<\/p>\n<ul>\n<li>Literal transcription: the full audio or video (sound) content is rendered word for word, without any changes. The transcriber will not correct any grammatical mistakes or any improper, awkward or informal expression. This method is often used for interviews, legal hearings and sensitive meetings, where the weight of words is of utmost importance.<\/li>\n<li>Improved transcription: here again, the aim is to render all of the content provided by the client, still word for word, but leaving out any hesitations and repetitions.<\/li>\n<li>Revised transcription: this involves a full-on adjustment of the content to make away with hesitations, awkwardness, grammatical errors and to guarantee a smoother style. This type of task is often suited to the fields of marketing, medicine and science, as well as conference material.<\/li>\n<\/ul>\n<h2>Pricing and work methods at Tradissima<\/h2>\n<p>The work time and the cost of a service depend on the duration of the file to be transcribed, the type of transcription, the quality of the file provided by the client, the timeframe, etc.<\/p>\n<p>At Tradissima, we deliver professional, time-stamped transcriptions in the form of tables, which enable easier tracking with the audio or video file. If the transcribed content is destined to be translated, we add another column: the first one is for the timestamp, where we indicate the beginning of each sentence down to the second, the second column contains the transcription, and the third column contains the translation in the target language requested by the client.<\/p>\n<p>The final quality of this service is guaranteed by the dual approval principle: a transcriber is in charge of rendering the content of the recording, while a native translator then works on the consistency of the file and transposes the message into the desired language.<\/p>","protected":false},"excerpt":{"rendered":"<p>What is transcription? In the field of linguistics, transcription is defined as \u201cthe systematic representation of a text in written form\u201d. The transcription of audio or video documents requires two skills: being a native speaker of the language and either having excellent general knowledge or being familiar with the topic at hand. From a practical [&hellip;]<\/p>\n","protected":false},"author":2,"featured_media":117,"parent":35,"menu_order":4,"comment_status":"closed","ping_status":"closed","template":"","meta":{"_acf_changed":false,"footnotes":""},"class_list":["post-50","page","type-page","status-publish","has-post-thumbnail","hentry"],"acf":[],"yoast_head":"<!-- This site is optimized with the Yoast SEO plugin v27.6 - https:\/\/yoast.com\/product\/yoast-seo-wordpress\/ -->\n<title>Un large \u00e9ventail de transcriptions sur mesure avec Tradissima<\/title>\n<meta name=\"description\" content=\"Tradissima vous propose diff\u00e9rentes solutions de transcription, afin de r\u00e9pondre \u00e0 vos besoins les plus divers dans ce domaine et \u00e0 des tarifs comp\u00e9titifs\" \/>\n<meta name=\"robots\" content=\"index, follow, max-snippet:-1, max-image-preview:large, max-video-preview:-1\" \/>\n<link rel=\"canonical\" href=\"https:\/\/www.tradissima.com\/prestations-services\/transcription\/\" \/>\n<meta property=\"og:locale\" content=\"en_US\" \/>\n<meta property=\"og:type\" content=\"article\" \/>\n<meta property=\"og:title\" content=\"Un large \u00e9ventail de transcriptions sur mesure avec Tradissima\" \/>\n<meta property=\"og:description\" content=\"Tradissima vous propose diff\u00e9rentes solutions de transcription, afin de r\u00e9pondre \u00e0 vos besoins les plus divers dans ce domaine et \u00e0 des tarifs comp\u00e9titifs\" \/>\n<meta property=\"og:url\" content=\"https:\/\/www.tradissima.com\/prestations-services\/transcription\/\" \/>\n<meta property=\"og:site_name\" content=\"Traduction professionnelle multilingue de qualit\u00e9, devis en ligne\" \/>\n<meta property=\"article:modified_time\" content=\"2018-06-04T18:56:07+00:00\" \/>\n<meta property=\"og:image\" content=\"https:\/\/www.tradissima.com\/wp-content\/uploads\/2018\/01\/Transcription-agence-traduction-e1516205410698.jpg\" \/>\n\t<meta property=\"og:image:width\" content=\"770\" \/>\n\t<meta property=\"og:image:height\" content=\"512\" \/>\n\t<meta property=\"og:image:type\" content=\"image\/jpeg\" \/>\n<meta name=\"twitter:card\" content=\"summary_large_image\" \/>\n<meta name=\"twitter:label1\" content=\"Est. reading time\" \/>\n\t<meta name=\"twitter:data1\" content=\"5 minutes\" \/>\n<script type=\"application\/ld+json\" class=\"yoast-schema-graph\">{\"@context\":\"https:\\\/\\\/schema.org\",\"@graph\":[{\"@type\":\"WebPage\",\"@id\":\"https:\\\/\\\/www.tradissima.com\\\/prestations-services\\\/transcription\\\/\",\"url\":\"https:\\\/\\\/www.tradissima.com\\\/prestations-services\\\/transcription\\\/\",\"name\":\"Un large \u00e9ventail de transcriptions sur mesure avec Tradissima\",\"isPartOf\":{\"@id\":\"https:\\\/\\\/www.tradissima.com\\\/#website\"},\"primaryImageOfPage\":{\"@id\":\"https:\\\/\\\/www.tradissima.com\\\/prestations-services\\\/transcription\\\/#primaryimage\"},\"image\":{\"@id\":\"https:\\\/\\\/www.tradissima.com\\\/prestations-services\\\/transcription\\\/#primaryimage\"},\"thumbnailUrl\":\"https:\\\/\\\/www.tradissima.com\\\/wp-content\\\/uploads\\\/2018\\\/01\\\/Transcription-agence-traduction-e1516205410698.jpg\",\"datePublished\":\"2017-11-29T13:56:35+00:00\",\"dateModified\":\"2018-06-04T18:56:07+00:00\",\"description\":\"Tradissima vous propose diff\u00e9rentes solutions de transcription, afin de r\u00e9pondre \u00e0 vos besoins les plus divers dans ce domaine et \u00e0 des tarifs comp\u00e9titifs\",\"breadcrumb\":{\"@id\":\"https:\\\/\\\/www.tradissima.com\\\/prestations-services\\\/transcription\\\/#breadcrumb\"},\"inLanguage\":\"en-US\",\"potentialAction\":[{\"@type\":\"ReadAction\",\"target\":[\"https:\\\/\\\/www.tradissima.com\\\/prestations-services\\\/transcription\\\/\"]}]},{\"@type\":\"ImageObject\",\"inLanguage\":\"en-US\",\"@id\":\"https:\\\/\\\/www.tradissima.com\\\/prestations-services\\\/transcription\\\/#primaryimage\",\"url\":\"https:\\\/\\\/www.tradissima.com\\\/wp-content\\\/uploads\\\/2018\\\/01\\\/Transcription-agence-traduction-e1516205410698.jpg\",\"contentUrl\":\"https:\\\/\\\/www.tradissima.com\\\/wp-content\\\/uploads\\\/2018\\\/01\\\/Transcription-agence-traduction-e1516205410698.jpg\",\"width\":770,\"height\":512},{\"@type\":\"BreadcrumbList\",\"@id\":\"https:\\\/\\\/www.tradissima.com\\\/prestations-services\\\/transcription\\\/#breadcrumb\",\"itemListElement\":[{\"@type\":\"ListItem\",\"position\":1,\"name\":\"Accueil\",\"item\":\"https:\\\/\\\/www.tradissima.com\\\/\"},{\"@type\":\"ListItem\",\"position\":2,\"name\":\"Prestations\\\/Services\",\"item\":\"https:\\\/\\\/www.tradissima.com\\\/prestations-services\\\/\"},{\"@type\":\"ListItem\",\"position\":3,\"name\":\"Services de transcription multilingue sur diff\u00e9rents supports\"}]},{\"@type\":\"WebSite\",\"@id\":\"https:\\\/\\\/www.tradissima.com\\\/#website\",\"url\":\"https:\\\/\\\/www.tradissima.com\\\/\",\"name\":\"Traduction professionnelle multilingue de qualit\u00e9, devis en ligne\",\"description\":\"Services de traduction et de relecture multilingues par des experts natifs sp\u00e9cialis\u00e9s dans de nombreux domaines, devis comp\u00e9titif adress\u00e9 sous 2 heures\",\"potentialAction\":[{\"@type\":\"SearchAction\",\"target\":{\"@type\":\"EntryPoint\",\"urlTemplate\":\"https:\\\/\\\/www.tradissima.com\\\/?s={search_term_string}\"},\"query-input\":{\"@type\":\"PropertyValueSpecification\",\"valueRequired\":true,\"valueName\":\"search_term_string\"}}],\"inLanguage\":\"en-US\"}]}<\/script>\n<!-- \/ Yoast SEO plugin. -->","yoast_head_json":{"title":"Un large \u00e9ventail de transcriptions sur mesure avec Tradissima","description":"Tradissima vous propose diff\u00e9rentes solutions de transcription, afin de r\u00e9pondre \u00e0 vos besoins les plus divers dans ce domaine et \u00e0 des tarifs comp\u00e9titifs","robots":{"index":"index","follow":"follow","max-snippet":"max-snippet:-1","max-image-preview":"max-image-preview:large","max-video-preview":"max-video-preview:-1"},"canonical":"https:\/\/www.tradissima.com\/prestations-services\/transcription\/","og_locale":"en_US","og_type":"article","og_title":"Un large \u00e9ventail de transcriptions sur mesure avec Tradissima","og_description":"Tradissima vous propose diff\u00e9rentes solutions de transcription, afin de r\u00e9pondre \u00e0 vos besoins les plus divers dans ce domaine et \u00e0 des tarifs comp\u00e9titifs","og_url":"https:\/\/www.tradissima.com\/prestations-services\/transcription\/","og_site_name":"Traduction professionnelle multilingue de qualit\u00e9, devis en ligne","article_modified_time":"2018-06-04T18:56:07+00:00","og_image":[{"width":770,"height":512,"url":"https:\/\/www.tradissima.com\/wp-content\/uploads\/2018\/01\/Transcription-agence-traduction-e1516205410698.jpg","type":"image\/jpeg"}],"twitter_card":"summary_large_image","twitter_misc":{"Est. reading time":"5 minutes"},"schema":{"@context":"https:\/\/schema.org","@graph":[{"@type":"WebPage","@id":"https:\/\/www.tradissima.com\/prestations-services\/transcription\/","url":"https:\/\/www.tradissima.com\/prestations-services\/transcription\/","name":"Un large \u00e9ventail de transcriptions sur mesure avec Tradissima","isPartOf":{"@id":"https:\/\/www.tradissima.com\/#website"},"primaryImageOfPage":{"@id":"https:\/\/www.tradissima.com\/prestations-services\/transcription\/#primaryimage"},"image":{"@id":"https:\/\/www.tradissima.com\/prestations-services\/transcription\/#primaryimage"},"thumbnailUrl":"https:\/\/www.tradissima.com\/wp-content\/uploads\/2018\/01\/Transcription-agence-traduction-e1516205410698.jpg","datePublished":"2017-11-29T13:56:35+00:00","dateModified":"2018-06-04T18:56:07+00:00","description":"Tradissima vous propose diff\u00e9rentes solutions de transcription, afin de r\u00e9pondre \u00e0 vos besoins les plus divers dans ce domaine et \u00e0 des tarifs comp\u00e9titifs","breadcrumb":{"@id":"https:\/\/www.tradissima.com\/prestations-services\/transcription\/#breadcrumb"},"inLanguage":"en-US","potentialAction":[{"@type":"ReadAction","target":["https:\/\/www.tradissima.com\/prestations-services\/transcription\/"]}]},{"@type":"ImageObject","inLanguage":"en-US","@id":"https:\/\/www.tradissima.com\/prestations-services\/transcription\/#primaryimage","url":"https:\/\/www.tradissima.com\/wp-content\/uploads\/2018\/01\/Transcription-agence-traduction-e1516205410698.jpg","contentUrl":"https:\/\/www.tradissima.com\/wp-content\/uploads\/2018\/01\/Transcription-agence-traduction-e1516205410698.jpg","width":770,"height":512},{"@type":"BreadcrumbList","@id":"https:\/\/www.tradissima.com\/prestations-services\/transcription\/#breadcrumb","itemListElement":[{"@type":"ListItem","position":1,"name":"Accueil","item":"https:\/\/www.tradissima.com\/"},{"@type":"ListItem","position":2,"name":"Prestations\/Services","item":"https:\/\/www.tradissima.com\/prestations-services\/"},{"@type":"ListItem","position":3,"name":"Services de transcription multilingue sur diff\u00e9rents supports"}]},{"@type":"WebSite","@id":"https:\/\/www.tradissima.com\/#website","url":"https:\/\/www.tradissima.com\/","name":"Traduction professionnelle multilingue de qualit\u00e9, devis en ligne","description":"Services de traduction et de relecture multilingues par des experts natifs sp\u00e9cialis\u00e9s dans de nombreux domaines, devis comp\u00e9titif adress\u00e9 sous 2 heures","potentialAction":[{"@type":"SearchAction","target":{"@type":"EntryPoint","urlTemplate":"https:\/\/www.tradissima.com\/?s={search_term_string}"},"query-input":{"@type":"PropertyValueSpecification","valueRequired":true,"valueName":"search_term_string"}}],"inLanguage":"en-US"}]}},"_links":{"self":[{"href":"https:\/\/www.tradissima.com\/en\/wp-json\/wp\/v2\/pages\/50","targetHints":{"allow":["GET"]}}],"collection":[{"href":"https:\/\/www.tradissima.com\/en\/wp-json\/wp\/v2\/pages"}],"about":[{"href":"https:\/\/www.tradissima.com\/en\/wp-json\/wp\/v2\/types\/page"}],"author":[{"embeddable":true,"href":"https:\/\/www.tradissima.com\/en\/wp-json\/wp\/v2\/users\/2"}],"replies":[{"embeddable":true,"href":"https:\/\/www.tradissima.com\/en\/wp-json\/wp\/v2\/comments?post=50"}],"version-history":[{"count":13,"href":"https:\/\/www.tradissima.com\/en\/wp-json\/wp\/v2\/pages\/50\/revisions"}],"predecessor-version":[{"id":525,"href":"https:\/\/www.tradissima.com\/en\/wp-json\/wp\/v2\/pages\/50\/revisions\/525"}],"up":[{"embeddable":true,"href":"https:\/\/www.tradissima.com\/en\/wp-json\/wp\/v2\/pages\/35"}],"wp:featuredmedia":[{"embeddable":true,"href":"https:\/\/www.tradissima.com\/en\/wp-json\/wp\/v2\/media\/117"}],"wp:attachment":[{"href":"https:\/\/www.tradissima.com\/en\/wp-json\/wp\/v2\/media?parent=50"}],"curies":[{"name":"wp","href":"https:\/\/api.w.org\/{rel}","templated":true}]}}