{"id":18,"date":"2017-11-21T11:56:55","date_gmt":"2017-11-21T10:56:55","guid":{"rendered":"http:\/\/webgrapher.fr\/tradissima\/?page_id=18"},"modified":"2018-06-04T20:44:39","modified_gmt":"2018-06-04T18:44:39","slug":"contact","status":"publish","type":"page","link":"https:\/\/www.tradissima.com\/en\/contact\/","title":{"rendered":"For more information or to request a quote, contact us now"},"content":{"rendered":"<p><\/p>\n<h2>Translation quote<\/h2>\n<p>Every translation request is unique and the final quote must take a number of criteria into account, such as:<\/p>\n<ul>\n<li>the source language,<\/li>\n<li>the target language,<\/li>\n<li>the number of words,<\/li>\n<li>your specific requirements,<\/li>\n<\/ul>\n<p>and much more. At Tradissima, we offer fair and competitive prices, suited to the specific needs of the translation project at hand.<\/p>\n<p>All our quotes are personalised, drafted following an in-depth analysis of your documents and sent to you within 2 hours following your request.<br \/>\nOur last-generation IT tools along with our interactive website enable us to be outstandingly responsive.<\/p>\n<p>For more information on our language services or to ask us about a translation project, contact us via our online form and we promise to get back to you within 2 hours.<\/p>","protected":false},"excerpt":{"rendered":"<p>Translation quote Every translation request is unique and the final quote must take a number of criteria into account, such as: the source language, the target language, the number of words, your specific requirements, and much more. At Tradissima, we offer fair and competitive prices, suited to the specific needs of the translation project at [&hellip;]<\/p>\n","protected":false},"author":2,"featured_media":135,"parent":0,"menu_order":0,"comment_status":"closed","ping_status":"closed","template":"","meta":{"_acf_changed":false,"footnotes":""},"class_list":["post-18","page","type-page","status-publish","has-post-thumbnail","hentry"],"acf":[],"yoast_head":"<!-- This site is optimized with the Yoast SEO plugin v27.5 - https:\/\/yoast.com\/product\/yoast-seo-wordpress\/ -->\n<title>Recevez votre devis de traduction personnalis\u00e9 sous 2 heures<\/title>\n<meta name=\"description\" content=\"Tradissima s&#039;engage \u00e0 r\u00e9pondre \u00e0 toutes vos demandes de traduction sous 2 heures et \u00e0 vous adresser un devis sur mesure offrant des tarifs comp\u00e9titifs\" \/>\n<meta name=\"robots\" content=\"index, follow, max-snippet:-1, max-image-preview:large, max-video-preview:-1\" \/>\n<link rel=\"canonical\" href=\"https:\/\/www.tradissima.com\/contact\/\" \/>\n<meta property=\"og:locale\" content=\"en_US\" \/>\n<meta property=\"og:type\" content=\"article\" \/>\n<meta property=\"og:title\" content=\"Recevez votre devis de traduction personnalis\u00e9 sous 2 heures\" \/>\n<meta property=\"og:description\" content=\"Tradissima s&#039;engage \u00e0 r\u00e9pondre \u00e0 toutes vos demandes de traduction sous 2 heures et \u00e0 vous adresser un devis sur mesure offrant des tarifs comp\u00e9titifs\" \/>\n<meta property=\"og:url\" content=\"https:\/\/www.tradissima.com\/contact\/\" \/>\n<meta property=\"og:site_name\" content=\"Traduction professionnelle multilingue de qualit\u00e9, devis en ligne\" \/>\n<meta property=\"article:modified_time\" content=\"2018-06-04T18:44:39+00:00\" \/>\n<meta property=\"og:image\" content=\"https:\/\/www.tradissima.com\/wp-content\/uploads\/2018\/01\/Fotolia_168859601_S-e1516953494757.jpg\" \/>\n\t<meta property=\"og:image:width\" content=\"770\" \/>\n\t<meta property=\"og:image:height\" content=\"256\" \/>\n\t<meta property=\"og:image:type\" content=\"image\/jpeg\" \/>\n<meta name=\"twitter:card\" content=\"summary_large_image\" \/>\n<meta name=\"twitter:label1\" content=\"Est. reading time\" \/>\n\t<meta name=\"twitter:data1\" content=\"1 minute\" \/>\n<script type=\"application\/ld+json\" class=\"yoast-schema-graph\">{\"@context\":\"https:\\\/\\\/schema.org\",\"@graph\":[{\"@type\":\"WebPage\",\"@id\":\"https:\\\/\\\/www.tradissima.com\\\/contact\\\/\",\"url\":\"https:\\\/\\\/www.tradissima.com\\\/contact\\\/\",\"name\":\"Recevez votre devis de traduction personnalis\u00e9 sous 2 heures\",\"isPartOf\":{\"@id\":\"https:\\\/\\\/www.tradissima.com\\\/#website\"},\"primaryImageOfPage\":{\"@id\":\"https:\\\/\\\/www.tradissima.com\\\/contact\\\/#primaryimage\"},\"image\":{\"@id\":\"https:\\\/\\\/www.tradissima.com\\\/contact\\\/#primaryimage\"},\"thumbnailUrl\":\"https:\\\/\\\/www.tradissima.com\\\/wp-content\\\/uploads\\\/2018\\\/01\\\/Fotolia_168859601_S-e1516953494757.jpg\",\"datePublished\":\"2017-11-21T10:56:55+00:00\",\"dateModified\":\"2018-06-04T18:44:39+00:00\",\"description\":\"Tradissima s'engage \u00e0 r\u00e9pondre \u00e0 toutes vos demandes de traduction sous 2 heures et \u00e0 vous adresser un devis sur mesure offrant des tarifs comp\u00e9titifs\",\"breadcrumb\":{\"@id\":\"https:\\\/\\\/www.tradissima.com\\\/contact\\\/#breadcrumb\"},\"inLanguage\":\"en-US\",\"potentialAction\":[{\"@type\":\"ReadAction\",\"target\":[\"https:\\\/\\\/www.tradissima.com\\\/contact\\\/\"]}]},{\"@type\":\"ImageObject\",\"inLanguage\":\"en-US\",\"@id\":\"https:\\\/\\\/www.tradissima.com\\\/contact\\\/#primaryimage\",\"url\":\"https:\\\/\\\/www.tradissima.com\\\/wp-content\\\/uploads\\\/2018\\\/01\\\/Fotolia_168859601_S-e1516953494757.jpg\",\"contentUrl\":\"https:\\\/\\\/www.tradissima.com\\\/wp-content\\\/uploads\\\/2018\\\/01\\\/Fotolia_168859601_S-e1516953494757.jpg\",\"width\":770,\"height\":256},{\"@type\":\"BreadcrumbList\",\"@id\":\"https:\\\/\\\/www.tradissima.com\\\/contact\\\/#breadcrumb\",\"itemListElement\":[{\"@type\":\"ListItem\",\"position\":1,\"name\":\"Accueil\",\"item\":\"https:\\\/\\\/www.tradissima.com\\\/\"},{\"@type\":\"ListItem\",\"position\":2,\"name\":\"Contactez-nous d\u00e8s maintenant pour des informations ou un devis\"}]},{\"@type\":\"WebSite\",\"@id\":\"https:\\\/\\\/www.tradissima.com\\\/#website\",\"url\":\"https:\\\/\\\/www.tradissima.com\\\/\",\"name\":\"Traduction professionnelle multilingue de qualit\u00e9, devis en ligne\",\"description\":\"Services de traduction et de relecture multilingues par des experts natifs sp\u00e9cialis\u00e9s dans de nombreux domaines, devis comp\u00e9titif adress\u00e9 sous 2 heures\",\"potentialAction\":[{\"@type\":\"SearchAction\",\"target\":{\"@type\":\"EntryPoint\",\"urlTemplate\":\"https:\\\/\\\/www.tradissima.com\\\/?s={search_term_string}\"},\"query-input\":{\"@type\":\"PropertyValueSpecification\",\"valueRequired\":true,\"valueName\":\"search_term_string\"}}],\"inLanguage\":\"en-US\"}]}<\/script>\n<!-- \/ Yoast SEO plugin. -->","yoast_head_json":{"title":"Recevez votre devis de traduction personnalis\u00e9 sous 2 heures","description":"Tradissima s'engage \u00e0 r\u00e9pondre \u00e0 toutes vos demandes de traduction sous 2 heures et \u00e0 vous adresser un devis sur mesure offrant des tarifs comp\u00e9titifs","robots":{"index":"index","follow":"follow","max-snippet":"max-snippet:-1","max-image-preview":"max-image-preview:large","max-video-preview":"max-video-preview:-1"},"canonical":"https:\/\/www.tradissima.com\/contact\/","og_locale":"en_US","og_type":"article","og_title":"Recevez votre devis de traduction personnalis\u00e9 sous 2 heures","og_description":"Tradissima s'engage \u00e0 r\u00e9pondre \u00e0 toutes vos demandes de traduction sous 2 heures et \u00e0 vous adresser un devis sur mesure offrant des tarifs comp\u00e9titifs","og_url":"https:\/\/www.tradissima.com\/contact\/","og_site_name":"Traduction professionnelle multilingue de qualit\u00e9, devis en ligne","article_modified_time":"2018-06-04T18:44:39+00:00","og_image":[{"width":770,"height":256,"url":"https:\/\/www.tradissima.com\/wp-content\/uploads\/2018\/01\/Fotolia_168859601_S-e1516953494757.jpg","type":"image\/jpeg"}],"twitter_card":"summary_large_image","twitter_misc":{"Est. reading time":"1 minute"},"schema":{"@context":"https:\/\/schema.org","@graph":[{"@type":"WebPage","@id":"https:\/\/www.tradissima.com\/contact\/","url":"https:\/\/www.tradissima.com\/contact\/","name":"Recevez votre devis de traduction personnalis\u00e9 sous 2 heures","isPartOf":{"@id":"https:\/\/www.tradissima.com\/#website"},"primaryImageOfPage":{"@id":"https:\/\/www.tradissima.com\/contact\/#primaryimage"},"image":{"@id":"https:\/\/www.tradissima.com\/contact\/#primaryimage"},"thumbnailUrl":"https:\/\/www.tradissima.com\/wp-content\/uploads\/2018\/01\/Fotolia_168859601_S-e1516953494757.jpg","datePublished":"2017-11-21T10:56:55+00:00","dateModified":"2018-06-04T18:44:39+00:00","description":"Tradissima s'engage \u00e0 r\u00e9pondre \u00e0 toutes vos demandes de traduction sous 2 heures et \u00e0 vous adresser un devis sur mesure offrant des tarifs comp\u00e9titifs","breadcrumb":{"@id":"https:\/\/www.tradissima.com\/contact\/#breadcrumb"},"inLanguage":"en-US","potentialAction":[{"@type":"ReadAction","target":["https:\/\/www.tradissima.com\/contact\/"]}]},{"@type":"ImageObject","inLanguage":"en-US","@id":"https:\/\/www.tradissima.com\/contact\/#primaryimage","url":"https:\/\/www.tradissima.com\/wp-content\/uploads\/2018\/01\/Fotolia_168859601_S-e1516953494757.jpg","contentUrl":"https:\/\/www.tradissima.com\/wp-content\/uploads\/2018\/01\/Fotolia_168859601_S-e1516953494757.jpg","width":770,"height":256},{"@type":"BreadcrumbList","@id":"https:\/\/www.tradissima.com\/contact\/#breadcrumb","itemListElement":[{"@type":"ListItem","position":1,"name":"Accueil","item":"https:\/\/www.tradissima.com\/"},{"@type":"ListItem","position":2,"name":"Contactez-nous d\u00e8s maintenant pour des informations ou un devis"}]},{"@type":"WebSite","@id":"https:\/\/www.tradissima.com\/#website","url":"https:\/\/www.tradissima.com\/","name":"Traduction professionnelle multilingue de qualit\u00e9, devis en ligne","description":"Services de traduction et de relecture multilingues par des experts natifs sp\u00e9cialis\u00e9s dans de nombreux domaines, devis comp\u00e9titif adress\u00e9 sous 2 heures","potentialAction":[{"@type":"SearchAction","target":{"@type":"EntryPoint","urlTemplate":"https:\/\/www.tradissima.com\/?s={search_term_string}"},"query-input":{"@type":"PropertyValueSpecification","valueRequired":true,"valueName":"search_term_string"}}],"inLanguage":"en-US"}]}},"_links":{"self":[{"href":"https:\/\/www.tradissima.com\/en\/wp-json\/wp\/v2\/pages\/18","targetHints":{"allow":["GET"]}}],"collection":[{"href":"https:\/\/www.tradissima.com\/en\/wp-json\/wp\/v2\/pages"}],"about":[{"href":"https:\/\/www.tradissima.com\/en\/wp-json\/wp\/v2\/types\/page"}],"author":[{"embeddable":true,"href":"https:\/\/www.tradissima.com\/en\/wp-json\/wp\/v2\/users\/2"}],"replies":[{"embeddable":true,"href":"https:\/\/www.tradissima.com\/en\/wp-json\/wp\/v2\/comments?post=18"}],"version-history":[{"count":19,"href":"https:\/\/www.tradissima.com\/en\/wp-json\/wp\/v2\/pages\/18\/revisions"}],"predecessor-version":[{"id":541,"href":"https:\/\/www.tradissima.com\/en\/wp-json\/wp\/v2\/pages\/18\/revisions\/541"}],"wp:featuredmedia":[{"embeddable":true,"href":"https:\/\/www.tradissima.com\/en\/wp-json\/wp\/v2\/media\/135"}],"wp:attachment":[{"href":"https:\/\/www.tradissima.com\/en\/wp-json\/wp\/v2\/media?parent=18"}],"curies":[{"name":"wp","href":"https:\/\/api.w.org\/{rel}","templated":true}]}}