{"id":17,"date":"2017-11-21T11:56:52","date_gmt":"2017-11-21T10:56:52","guid":{"rendered":"http:\/\/webgrapher.fr\/tradissima\/?page_id=17"},"modified":"2018-06-04T20:45:12","modified_gmt":"2018-06-04T18:45:12","slug":"societe","status":"publish","type":"page","link":"https:\/\/www.tradissima.com\/en\/societe\/","title":{"rendered":"A translation company offering high-quality services"},"content":{"rendered":"<p><\/p>\n<h2>A translation company unlike any other!<\/h2>\n<p>Tradissima was founded in 2013 by C\u00e9lia Ramain, a passionate translator with ten years experience in the most diverse areas of specialisation. She drew on her University training that focused strongly on literature and foreign languages, as well as a line of successful professional endeavours among major players of the business.<\/p>\n<p>Professional translation, passion, unswerving adaptability, high quality, responsiveness and unwavering commitment to clients are the watchwords of Tradissima\u2019s philosophy. More than ever, we strive to build bridges between cultures, to make away with language barriers and facilitate exchanges between nations, businesses and individuals.<\/p>\n<p>At this time of strong digitalisation, we are devoted to riding the wave of new technologies to find the optimal solutions that will meet all your needs, by offering a wide range of services such a translation, proofreading and transcription. In addition to this, as a number of major international gatherings are to be held in France in coming years, our ambition is to help you meet all your challenges and to lay down your development-related projects within this most stimulating and fascinating context.<\/p>\n<p>&nbsp;<\/p>\n<h2>Translation: challenges and issues<\/h2>\n<p>In the current context of globalisation and exponential growth of international exchanges, we are more connected than ever, and translation plays a major role in this form of communication. Indeed, this escalation of information sharing is sometimes limited by language and cultural barriers, which translators can help take down by bringing cultures and businesses together despite their differences.<\/p>\n<p>Translation means transposing written content from one (source) language to another (target language). This task requires all sorts of knowledge, which is acquired through sound training and years of experience.<\/p>\n<p>Contrary to common belief, being a translator is a profession in its own right and requires:<\/p>\n<ul>\n<li>Rigour: strict compliance with deadlines, organisation, adaptability<\/li>\n<li>Precision: in-depth research, ability to make the perfect word choice<\/li>\n<li>Vigilance: careful proofreading to eliminate spelling mistakes and mistranslations<\/li>\n<li>General knowledge: diversity of the topics covered<\/li>\n<li>Curiosity and thirst for discovery: essential in the translation trade<\/li>\n<\/ul>\n<p>&nbsp;<\/p>\n<h2>Translation and interpretation<\/h2>\n<p>The general public often confuses interpretation and translation.<\/p>\n<p>Despite having many things in common, these two disciplines each require specific skills. The main difference lies in the communication channel used: interpretation relates to spoken communication, while translation focuses exclusively on written content.<\/p>","protected":false},"excerpt":{"rendered":"<p>A translation company unlike any other! Tradissima was founded in 2013 by C\u00e9lia Ramain, a passionate translator with ten years experience in the most diverse areas of specialisation. She drew on her University training that focused strongly on literature and foreign languages, as well as a line of successful professional endeavours among major players of [&hellip;]<\/p>\n","protected":false},"author":2,"featured_media":137,"parent":0,"menu_order":0,"comment_status":"closed","ping_status":"closed","template":"","meta":{"_acf_changed":false,"footnotes":""},"class_list":["post-17","page","type-page","status-publish","has-post-thumbnail","hentry"],"acf":[],"yoast_head":"<!-- This site is optimized with the Yoast SEO plugin v27.6 - https:\/\/yoast.com\/product\/yoast-seo-wordpress\/ -->\n<title>Soci\u00e9t\u00e9 de traduction en mesure de r\u00e9pondre \u00e0 toutes vos exigences<\/title>\n<meta name=\"description\" content=\"Tradissima r\u00e9pond aux besoins en traduction d&#039;entreprises de tout secteur, avec rigueur, passion et dans le respect de vos exigences et de vos d\u00e9lais.\" \/>\n<meta name=\"robots\" content=\"index, follow, max-snippet:-1, max-image-preview:large, max-video-preview:-1\" \/>\n<link rel=\"canonical\" href=\"https:\/\/www.tradissima.com\/societe\/\" \/>\n<meta property=\"og:locale\" content=\"en_US\" \/>\n<meta property=\"og:type\" content=\"article\" \/>\n<meta property=\"og:title\" content=\"Soci\u00e9t\u00e9 de traduction en mesure de r\u00e9pondre \u00e0 toutes vos exigences\" \/>\n<meta property=\"og:description\" content=\"Tradissima r\u00e9pond aux besoins en traduction d&#039;entreprises de tout secteur, avec rigueur, passion et dans le respect de vos exigences et de vos d\u00e9lais.\" \/>\n<meta property=\"og:url\" content=\"https:\/\/www.tradissima.com\/societe\/\" \/>\n<meta property=\"og:site_name\" content=\"Traduction professionnelle multilingue de qualit\u00e9, devis en ligne\" \/>\n<meta property=\"article:modified_time\" content=\"2018-06-04T18:45:12+00:00\" \/>\n<meta property=\"og:image\" content=\"https:\/\/www.tradissima.com\/wp-content\/uploads\/2018\/01\/unnamed-5.png\" \/>\n\t<meta property=\"og:image:width\" content=\"1124\" \/>\n\t<meta property=\"og:image:height\" content=\"182\" \/>\n\t<meta property=\"og:image:type\" content=\"image\/png\" \/>\n<meta name=\"twitter:card\" content=\"summary_large_image\" \/>\n<meta name=\"twitter:label1\" content=\"Est. reading time\" \/>\n\t<meta name=\"twitter:data1\" content=\"4 minutes\" \/>\n<script type=\"application\/ld+json\" class=\"yoast-schema-graph\">{\"@context\":\"https:\\\/\\\/schema.org\",\"@graph\":[{\"@type\":\"WebPage\",\"@id\":\"https:\\\/\\\/www.tradissima.com\\\/societe\\\/\",\"url\":\"https:\\\/\\\/www.tradissima.com\\\/societe\\\/\",\"name\":\"Soci\u00e9t\u00e9 de traduction en mesure de r\u00e9pondre \u00e0 toutes vos exigences\",\"isPartOf\":{\"@id\":\"https:\\\/\\\/www.tradissima.com\\\/#website\"},\"primaryImageOfPage\":{\"@id\":\"https:\\\/\\\/www.tradissima.com\\\/societe\\\/#primaryimage\"},\"image\":{\"@id\":\"https:\\\/\\\/www.tradissima.com\\\/societe\\\/#primaryimage\"},\"thumbnailUrl\":\"https:\\\/\\\/www.tradissima.com\\\/wp-content\\\/uploads\\\/2018\\\/01\\\/unnamed-5.png\",\"datePublished\":\"2017-11-21T10:56:52+00:00\",\"dateModified\":\"2018-06-04T18:45:12+00:00\",\"description\":\"Tradissima r\u00e9pond aux besoins en traduction d'entreprises de tout secteur, avec rigueur, passion et dans le respect de vos exigences et de vos d\u00e9lais.\",\"breadcrumb\":{\"@id\":\"https:\\\/\\\/www.tradissima.com\\\/societe\\\/#breadcrumb\"},\"inLanguage\":\"en-US\",\"potentialAction\":[{\"@type\":\"ReadAction\",\"target\":[\"https:\\\/\\\/www.tradissima.com\\\/societe\\\/\"]}]},{\"@type\":\"ImageObject\",\"inLanguage\":\"en-US\",\"@id\":\"https:\\\/\\\/www.tradissima.com\\\/societe\\\/#primaryimage\",\"url\":\"https:\\\/\\\/www.tradissima.com\\\/wp-content\\\/uploads\\\/2018\\\/01\\\/unnamed-5.png\",\"contentUrl\":\"https:\\\/\\\/www.tradissima.com\\\/wp-content\\\/uploads\\\/2018\\\/01\\\/unnamed-5.png\",\"width\":1124,\"height\":182,\"caption\":\"logo tradissima\"},{\"@type\":\"BreadcrumbList\",\"@id\":\"https:\\\/\\\/www.tradissima.com\\\/societe\\\/#breadcrumb\",\"itemListElement\":[{\"@type\":\"ListItem\",\"position\":1,\"name\":\"Accueil\",\"item\":\"https:\\\/\\\/www.tradissima.com\\\/\"},{\"@type\":\"ListItem\",\"position\":2,\"name\":\"Soci\u00e9t\u00e9 de traduction offrant des prestations de qualit\u00e9\"}]},{\"@type\":\"WebSite\",\"@id\":\"https:\\\/\\\/www.tradissima.com\\\/#website\",\"url\":\"https:\\\/\\\/www.tradissima.com\\\/\",\"name\":\"Traduction professionnelle multilingue de qualit\u00e9, devis en ligne\",\"description\":\"Services de traduction et de relecture multilingues par des experts natifs sp\u00e9cialis\u00e9s dans de nombreux domaines, devis comp\u00e9titif adress\u00e9 sous 2 heures\",\"potentialAction\":[{\"@type\":\"SearchAction\",\"target\":{\"@type\":\"EntryPoint\",\"urlTemplate\":\"https:\\\/\\\/www.tradissima.com\\\/?s={search_term_string}\"},\"query-input\":{\"@type\":\"PropertyValueSpecification\",\"valueRequired\":true,\"valueName\":\"search_term_string\"}}],\"inLanguage\":\"en-US\"}]}<\/script>\n<!-- \/ Yoast SEO plugin. -->","yoast_head_json":{"title":"Soci\u00e9t\u00e9 de traduction en mesure de r\u00e9pondre \u00e0 toutes vos exigences","description":"Tradissima r\u00e9pond aux besoins en traduction d'entreprises de tout secteur, avec rigueur, passion et dans le respect de vos exigences et de vos d\u00e9lais.","robots":{"index":"index","follow":"follow","max-snippet":"max-snippet:-1","max-image-preview":"max-image-preview:large","max-video-preview":"max-video-preview:-1"},"canonical":"https:\/\/www.tradissima.com\/societe\/","og_locale":"en_US","og_type":"article","og_title":"Soci\u00e9t\u00e9 de traduction en mesure de r\u00e9pondre \u00e0 toutes vos exigences","og_description":"Tradissima r\u00e9pond aux besoins en traduction d'entreprises de tout secteur, avec rigueur, passion et dans le respect de vos exigences et de vos d\u00e9lais.","og_url":"https:\/\/www.tradissima.com\/societe\/","og_site_name":"Traduction professionnelle multilingue de qualit\u00e9, devis en ligne","article_modified_time":"2018-06-04T18:45:12+00:00","og_image":[{"width":1124,"height":182,"url":"https:\/\/www.tradissima.com\/wp-content\/uploads\/2018\/01\/unnamed-5.png","type":"image\/png"}],"twitter_card":"summary_large_image","twitter_misc":{"Est. reading time":"4 minutes"},"schema":{"@context":"https:\/\/schema.org","@graph":[{"@type":"WebPage","@id":"https:\/\/www.tradissima.com\/societe\/","url":"https:\/\/www.tradissima.com\/societe\/","name":"Soci\u00e9t\u00e9 de traduction en mesure de r\u00e9pondre \u00e0 toutes vos exigences","isPartOf":{"@id":"https:\/\/www.tradissima.com\/#website"},"primaryImageOfPage":{"@id":"https:\/\/www.tradissima.com\/societe\/#primaryimage"},"image":{"@id":"https:\/\/www.tradissima.com\/societe\/#primaryimage"},"thumbnailUrl":"https:\/\/www.tradissima.com\/wp-content\/uploads\/2018\/01\/unnamed-5.png","datePublished":"2017-11-21T10:56:52+00:00","dateModified":"2018-06-04T18:45:12+00:00","description":"Tradissima r\u00e9pond aux besoins en traduction d'entreprises de tout secteur, avec rigueur, passion et dans le respect de vos exigences et de vos d\u00e9lais.","breadcrumb":{"@id":"https:\/\/www.tradissima.com\/societe\/#breadcrumb"},"inLanguage":"en-US","potentialAction":[{"@type":"ReadAction","target":["https:\/\/www.tradissima.com\/societe\/"]}]},{"@type":"ImageObject","inLanguage":"en-US","@id":"https:\/\/www.tradissima.com\/societe\/#primaryimage","url":"https:\/\/www.tradissima.com\/wp-content\/uploads\/2018\/01\/unnamed-5.png","contentUrl":"https:\/\/www.tradissima.com\/wp-content\/uploads\/2018\/01\/unnamed-5.png","width":1124,"height":182,"caption":"logo tradissima"},{"@type":"BreadcrumbList","@id":"https:\/\/www.tradissima.com\/societe\/#breadcrumb","itemListElement":[{"@type":"ListItem","position":1,"name":"Accueil","item":"https:\/\/www.tradissima.com\/"},{"@type":"ListItem","position":2,"name":"Soci\u00e9t\u00e9 de traduction offrant des prestations de qualit\u00e9"}]},{"@type":"WebSite","@id":"https:\/\/www.tradissima.com\/#website","url":"https:\/\/www.tradissima.com\/","name":"Traduction professionnelle multilingue de qualit\u00e9, devis en ligne","description":"Services de traduction et de relecture multilingues par des experts natifs sp\u00e9cialis\u00e9s dans de nombreux domaines, devis comp\u00e9titif adress\u00e9 sous 2 heures","potentialAction":[{"@type":"SearchAction","target":{"@type":"EntryPoint","urlTemplate":"https:\/\/www.tradissima.com\/?s={search_term_string}"},"query-input":{"@type":"PropertyValueSpecification","valueRequired":true,"valueName":"search_term_string"}}],"inLanguage":"en-US"}]}},"_links":{"self":[{"href":"https:\/\/www.tradissima.com\/en\/wp-json\/wp\/v2\/pages\/17","targetHints":{"allow":["GET"]}}],"collection":[{"href":"https:\/\/www.tradissima.com\/en\/wp-json\/wp\/v2\/pages"}],"about":[{"href":"https:\/\/www.tradissima.com\/en\/wp-json\/wp\/v2\/types\/page"}],"author":[{"embeddable":true,"href":"https:\/\/www.tradissima.com\/en\/wp-json\/wp\/v2\/users\/2"}],"replies":[{"embeddable":true,"href":"https:\/\/www.tradissima.com\/en\/wp-json\/wp\/v2\/comments?post=17"}],"version-history":[{"count":12,"href":"https:\/\/www.tradissima.com\/en\/wp-json\/wp\/v2\/pages\/17\/revisions"}],"predecessor-version":[{"id":538,"href":"https:\/\/www.tradissima.com\/en\/wp-json\/wp\/v2\/pages\/17\/revisions\/538"}],"wp:featuredmedia":[{"embeddable":true,"href":"https:\/\/www.tradissima.com\/en\/wp-json\/wp\/v2\/media\/137"}],"wp:attachment":[{"href":"https:\/\/www.tradissima.com\/en\/wp-json\/wp\/v2\/media?parent=17"}],"curies":[{"name":"wp","href":"https:\/\/api.w.org\/{rel}","templated":true}]}}