{"id":12,"date":"2017-11-21T11:56:21","date_gmt":"2017-11-21T10:56:21","guid":{"rendered":"http:\/\/webgrapher.fr\/tradissima\/?page_id=12"},"modified":"2018-06-04T20:54:53","modified_gmt":"2018-06-04T18:54:53","slug":"juridique","status":"publish","type":"page","link":"https:\/\/www.tradissima.com\/en\/domaines-de-specialisation\/juridique\/","title":{"rendered":"Legal translation services relying on experts"},"content":{"rendered":"<p>Legal translation is a particularly sensitive area and translators working in this field require excellent linguistic and legal skills: sound legal knowledge, ability to carry out in-depth research and to guarantee terminological accuracy. This is why it is imperative to call upon a specialised professional.<\/p>\n<p>The stakes of this type of translation are very high, due to the fact that a single word can have a significant impact. In addition to matching legal principles between two systems, legal translation must guarantee comprehension by two parties, often of different origin and culture. At Tradissima, we exclusively call upon the services of highly specialised translators who maintain the utmost confidentiality, thus providing excellent quality and tailored services.<\/p>\n<p>A few examples: civil status records, minutes of proceedings, summons, conclusions, judgements.<\/p>","protected":false},"excerpt":{"rendered":"<p>Legal translation is a particularly sensitive area and translators working in this field require excellent linguistic and legal skills: sound legal knowledge, ability to carry out in-depth research and to guarantee terminological accuracy. This is why it is imperative to call upon a specialised professional. The stakes of this type of translation are very high, [&hellip;]<\/p>\n","protected":false},"author":2,"featured_media":118,"parent":37,"menu_order":0,"comment_status":"closed","ping_status":"closed","template":"","meta":{"_acf_changed":false,"footnotes":""},"class_list":["post-12","page","type-page","status-publish","has-post-thumbnail","hentry"],"acf":[],"yoast_head":"<!-- This site is optimized with the Yoast SEO plugin v27.6 - https:\/\/yoast.com\/product\/yoast-seo-wordpress\/ -->\n<title>L&#039;expertise de traducteurs sp\u00e9cialis\u00e9s dans le domaine juridique<\/title>\n<meta name=\"description\" content=\"Tradissima s&#039;appuie sur un r\u00e9seau de traducteurs experts ma\u00eetrisant le jargon juridique d&#039;un secteur on ne peut plus sensible et pointu et ne tol\u00e9rant aucune faille\" \/>\n<meta name=\"robots\" content=\"index, follow, max-snippet:-1, max-image-preview:large, max-video-preview:-1\" \/>\n<link rel=\"canonical\" href=\"https:\/\/www.tradissima.com\/domaines-de-specialisation\/juridique\/\" \/>\n<meta property=\"og:locale\" content=\"en_US\" \/>\n<meta property=\"og:type\" content=\"article\" \/>\n<meta property=\"og:title\" content=\"L&#039;expertise de traducteurs sp\u00e9cialis\u00e9s dans le domaine juridique\" \/>\n<meta property=\"og:description\" content=\"Tradissima s&#039;appuie sur un r\u00e9seau de traducteurs experts ma\u00eetrisant le jargon juridique d&#039;un secteur on ne peut plus sensible et pointu et ne tol\u00e9rant aucune faille\" \/>\n<meta property=\"og:url\" content=\"https:\/\/www.tradissima.com\/domaines-de-specialisation\/juridique\/\" \/>\n<meta property=\"og:site_name\" content=\"Traduction professionnelle multilingue de qualit\u00e9, devis en ligne\" \/>\n<meta property=\"article:modified_time\" content=\"2018-06-04T18:54:53+00:00\" \/>\n<meta property=\"og:image\" content=\"https:\/\/www.tradissima.com\/wp-content\/uploads\/2018\/01\/traduction-juridique-e1516205544147.jpg\" \/>\n\t<meta property=\"og:image:width\" content=\"770\" \/>\n\t<meta property=\"og:image:height\" content=\"520\" \/>\n\t<meta property=\"og:image:type\" content=\"image\/jpeg\" \/>\n<meta name=\"twitter:card\" content=\"summary_large_image\" \/>\n<meta name=\"twitter:label1\" content=\"Est. reading time\" \/>\n\t<meta name=\"twitter:data1\" content=\"1 minute\" \/>\n<script type=\"application\/ld+json\" class=\"yoast-schema-graph\">{\"@context\":\"https:\\\/\\\/schema.org\",\"@graph\":[{\"@type\":\"WebPage\",\"@id\":\"https:\\\/\\\/www.tradissima.com\\\/domaines-de-specialisation\\\/juridique\\\/\",\"url\":\"https:\\\/\\\/www.tradissima.com\\\/domaines-de-specialisation\\\/juridique\\\/\",\"name\":\"L'expertise de traducteurs sp\u00e9cialis\u00e9s dans le domaine juridique\",\"isPartOf\":{\"@id\":\"https:\\\/\\\/www.tradissima.com\\\/#website\"},\"primaryImageOfPage\":{\"@id\":\"https:\\\/\\\/www.tradissima.com\\\/domaines-de-specialisation\\\/juridique\\\/#primaryimage\"},\"image\":{\"@id\":\"https:\\\/\\\/www.tradissima.com\\\/domaines-de-specialisation\\\/juridique\\\/#primaryimage\"},\"thumbnailUrl\":\"https:\\\/\\\/www.tradissima.com\\\/wp-content\\\/uploads\\\/2018\\\/01\\\/traduction-juridique-e1516205544147.jpg\",\"datePublished\":\"2017-11-21T10:56:21+00:00\",\"dateModified\":\"2018-06-04T18:54:53+00:00\",\"description\":\"Tradissima s'appuie sur un r\u00e9seau de traducteurs experts ma\u00eetrisant le jargon juridique d'un secteur on ne peut plus sensible et pointu et ne tol\u00e9rant aucune faille\",\"breadcrumb\":{\"@id\":\"https:\\\/\\\/www.tradissima.com\\\/domaines-de-specialisation\\\/juridique\\\/#breadcrumb\"},\"inLanguage\":\"en-US\",\"potentialAction\":[{\"@type\":\"ReadAction\",\"target\":[\"https:\\\/\\\/www.tradissima.com\\\/domaines-de-specialisation\\\/juridique\\\/\"]}]},{\"@type\":\"ImageObject\",\"inLanguage\":\"en-US\",\"@id\":\"https:\\\/\\\/www.tradissima.com\\\/domaines-de-specialisation\\\/juridique\\\/#primaryimage\",\"url\":\"https:\\\/\\\/www.tradissima.com\\\/wp-content\\\/uploads\\\/2018\\\/01\\\/traduction-juridique-e1516205544147.jpg\",\"contentUrl\":\"https:\\\/\\\/www.tradissima.com\\\/wp-content\\\/uploads\\\/2018\\\/01\\\/traduction-juridique-e1516205544147.jpg\",\"width\":770,\"height\":520},{\"@type\":\"BreadcrumbList\",\"@id\":\"https:\\\/\\\/www.tradissima.com\\\/domaines-de-specialisation\\\/juridique\\\/#breadcrumb\",\"itemListElement\":[{\"@type\":\"ListItem\",\"position\":1,\"name\":\"Accueil\",\"item\":\"https:\\\/\\\/www.tradissima.com\\\/\"},{\"@type\":\"ListItem\",\"position\":2,\"name\":\"Our specialisations\",\"item\":\"https:\\\/\\\/www.tradissima.com\\\/en\\\/domaines-de-specialisation\\\/\"},{\"@type\":\"ListItem\",\"position\":3,\"name\":\"Services de traduction juridique faisant appel \u00e0 des experts\"}]},{\"@type\":\"WebSite\",\"@id\":\"https:\\\/\\\/www.tradissima.com\\\/#website\",\"url\":\"https:\\\/\\\/www.tradissima.com\\\/\",\"name\":\"Traduction professionnelle multilingue de qualit\u00e9, devis en ligne\",\"description\":\"Services de traduction et de relecture multilingues par des experts natifs sp\u00e9cialis\u00e9s dans de nombreux domaines, devis comp\u00e9titif adress\u00e9 sous 2 heures\",\"potentialAction\":[{\"@type\":\"SearchAction\",\"target\":{\"@type\":\"EntryPoint\",\"urlTemplate\":\"https:\\\/\\\/www.tradissima.com\\\/?s={search_term_string}\"},\"query-input\":{\"@type\":\"PropertyValueSpecification\",\"valueRequired\":true,\"valueName\":\"search_term_string\"}}],\"inLanguage\":\"en-US\"}]}<\/script>\n<!-- \/ Yoast SEO plugin. -->","yoast_head_json":{"title":"L'expertise de traducteurs sp\u00e9cialis\u00e9s dans le domaine juridique","description":"Tradissima s'appuie sur un r\u00e9seau de traducteurs experts ma\u00eetrisant le jargon juridique d'un secteur on ne peut plus sensible et pointu et ne tol\u00e9rant aucune faille","robots":{"index":"index","follow":"follow","max-snippet":"max-snippet:-1","max-image-preview":"max-image-preview:large","max-video-preview":"max-video-preview:-1"},"canonical":"https:\/\/www.tradissima.com\/domaines-de-specialisation\/juridique\/","og_locale":"en_US","og_type":"article","og_title":"L'expertise de traducteurs sp\u00e9cialis\u00e9s dans le domaine juridique","og_description":"Tradissima s'appuie sur un r\u00e9seau de traducteurs experts ma\u00eetrisant le jargon juridique d'un secteur on ne peut plus sensible et pointu et ne tol\u00e9rant aucune faille","og_url":"https:\/\/www.tradissima.com\/domaines-de-specialisation\/juridique\/","og_site_name":"Traduction professionnelle multilingue de qualit\u00e9, devis en ligne","article_modified_time":"2018-06-04T18:54:53+00:00","og_image":[{"width":770,"height":520,"url":"https:\/\/www.tradissima.com\/wp-content\/uploads\/2018\/01\/traduction-juridique-e1516205544147.jpg","type":"image\/jpeg"}],"twitter_card":"summary_large_image","twitter_misc":{"Est. reading time":"1 minute"},"schema":{"@context":"https:\/\/schema.org","@graph":[{"@type":"WebPage","@id":"https:\/\/www.tradissima.com\/domaines-de-specialisation\/juridique\/","url":"https:\/\/www.tradissima.com\/domaines-de-specialisation\/juridique\/","name":"L'expertise de traducteurs sp\u00e9cialis\u00e9s dans le domaine juridique","isPartOf":{"@id":"https:\/\/www.tradissima.com\/#website"},"primaryImageOfPage":{"@id":"https:\/\/www.tradissima.com\/domaines-de-specialisation\/juridique\/#primaryimage"},"image":{"@id":"https:\/\/www.tradissima.com\/domaines-de-specialisation\/juridique\/#primaryimage"},"thumbnailUrl":"https:\/\/www.tradissima.com\/wp-content\/uploads\/2018\/01\/traduction-juridique-e1516205544147.jpg","datePublished":"2017-11-21T10:56:21+00:00","dateModified":"2018-06-04T18:54:53+00:00","description":"Tradissima s'appuie sur un r\u00e9seau de traducteurs experts ma\u00eetrisant le jargon juridique d'un secteur on ne peut plus sensible et pointu et ne tol\u00e9rant aucune faille","breadcrumb":{"@id":"https:\/\/www.tradissima.com\/domaines-de-specialisation\/juridique\/#breadcrumb"},"inLanguage":"en-US","potentialAction":[{"@type":"ReadAction","target":["https:\/\/www.tradissima.com\/domaines-de-specialisation\/juridique\/"]}]},{"@type":"ImageObject","inLanguage":"en-US","@id":"https:\/\/www.tradissima.com\/domaines-de-specialisation\/juridique\/#primaryimage","url":"https:\/\/www.tradissima.com\/wp-content\/uploads\/2018\/01\/traduction-juridique-e1516205544147.jpg","contentUrl":"https:\/\/www.tradissima.com\/wp-content\/uploads\/2018\/01\/traduction-juridique-e1516205544147.jpg","width":770,"height":520},{"@type":"BreadcrumbList","@id":"https:\/\/www.tradissima.com\/domaines-de-specialisation\/juridique\/#breadcrumb","itemListElement":[{"@type":"ListItem","position":1,"name":"Accueil","item":"https:\/\/www.tradissima.com\/"},{"@type":"ListItem","position":2,"name":"Our specialisations","item":"https:\/\/www.tradissima.com\/en\/domaines-de-specialisation\/"},{"@type":"ListItem","position":3,"name":"Services de traduction juridique faisant appel \u00e0 des experts"}]},{"@type":"WebSite","@id":"https:\/\/www.tradissima.com\/#website","url":"https:\/\/www.tradissima.com\/","name":"Traduction professionnelle multilingue de qualit\u00e9, devis en ligne","description":"Services de traduction et de relecture multilingues par des experts natifs sp\u00e9cialis\u00e9s dans de nombreux domaines, devis comp\u00e9titif adress\u00e9 sous 2 heures","potentialAction":[{"@type":"SearchAction","target":{"@type":"EntryPoint","urlTemplate":"https:\/\/www.tradissima.com\/?s={search_term_string}"},"query-input":{"@type":"PropertyValueSpecification","valueRequired":true,"valueName":"search_term_string"}}],"inLanguage":"en-US"}]}},"_links":{"self":[{"href":"https:\/\/www.tradissima.com\/en\/wp-json\/wp\/v2\/pages\/12","targetHints":{"allow":["GET"]}}],"collection":[{"href":"https:\/\/www.tradissima.com\/en\/wp-json\/wp\/v2\/pages"}],"about":[{"href":"https:\/\/www.tradissima.com\/en\/wp-json\/wp\/v2\/types\/page"}],"author":[{"embeddable":true,"href":"https:\/\/www.tradissima.com\/en\/wp-json\/wp\/v2\/users\/2"}],"replies":[{"embeddable":true,"href":"https:\/\/www.tradissima.com\/en\/wp-json\/wp\/v2\/comments?post=12"}],"version-history":[{"count":9,"href":"https:\/\/www.tradissima.com\/en\/wp-json\/wp\/v2\/pages\/12\/revisions"}],"predecessor-version":[{"id":527,"href":"https:\/\/www.tradissima.com\/en\/wp-json\/wp\/v2\/pages\/12\/revisions\/527"}],"up":[{"embeddable":true,"href":"https:\/\/www.tradissima.com\/en\/wp-json\/wp\/v2\/pages\/37"}],"wp:featuredmedia":[{"embeddable":true,"href":"https:\/\/www.tradissima.com\/en\/wp-json\/wp\/v2\/media\/118"}],"wp:attachment":[{"href":"https:\/\/www.tradissima.com\/en\/wp-json\/wp\/v2\/media?parent=12"}],"curies":[{"name":"wp","href":"https:\/\/api.w.org\/{rel}","templated":true}]}}