{"id":11,"date":"2017-11-21T11:56:14","date_gmt":"2017-11-21T10:56:14","guid":{"rendered":"http:\/\/webgrapher.fr\/tradissima\/?page_id=11"},"modified":"2018-06-04T20:52:25","modified_gmt":"2018-06-04T18:52:25","slug":"marketing","status":"publish","type":"page","link":"https:\/\/www.tradissima.com\/en\/domaines-de-specialisation\/marketing\/","title":{"rendered":"Commercial translation services suited to all sectors"},"content":{"rendered":"<p>In today\u2019s economic context, any company wanting to branch out internationally needs to use translation services. Not only does the translation of sales and marketing documents require expertise in this field, the work also needs to be precise and accurate, creative and relevant in order to broadcast your company\u2019s message.<\/p>\n<p>A good linguist has perfect knowledge of the business world and knows how to adopt a positive and attractive style to communicate the values that are important to your organisation. This work method requires excellent writing skills, as the translated content will be your business showcase abroad. At Tradissima, we provide our know-how and experience of business communication to support the growth and expansion of your activities.<\/p>\n<p>A few examples: newsletters, calls for tenders, sales brochures, business presentations, annual reports, catalogues, advertisements, press releases.<\/p>","protected":false},"excerpt":{"rendered":"<p>In today\u2019s economic context, any company wanting to branch out internationally needs to use translation services. Not only does the translation of sales and marketing documents require expertise in this field, the work also needs to be precise and accurate, creative and relevant in order to broadcast your company\u2019s message. A good linguist has perfect [&hellip;]<\/p>\n","protected":false},"author":2,"featured_media":119,"parent":37,"menu_order":0,"comment_status":"closed","ping_status":"closed","template":"","meta":{"_acf_changed":false,"footnotes":""},"class_list":["post-11","page","type-page","status-publish","has-post-thumbnail","hentry"],"acf":[],"yoast_head":"<!-- This site is optimized with the Yoast SEO plugin v27.5 - https:\/\/yoast.com\/product\/yoast-seo-wordpress\/ -->\n<title>Savoir-faire adapt\u00e9 \u00e0 vos contenus marketing et publicitaires<\/title>\n<meta name=\"description\" content=\"Tradissima est sp\u00e9cialis\u00e9e dans la traduction de contenus marketing et puiblicitaires, qui requiert justesse, flexibilit\u00e9 et respect absolu des d\u00e9lais\" \/>\n<meta name=\"robots\" content=\"index, follow, max-snippet:-1, max-image-preview:large, max-video-preview:-1\" \/>\n<link rel=\"canonical\" href=\"https:\/\/www.tradissima.com\/domaines-de-specialisation\/marketing\/\" \/>\n<meta property=\"og:locale\" content=\"en_US\" \/>\n<meta property=\"og:type\" content=\"article\" \/>\n<meta property=\"og:title\" content=\"Savoir-faire adapt\u00e9 \u00e0 vos contenus marketing et publicitaires\" \/>\n<meta property=\"og:description\" content=\"Tradissima est sp\u00e9cialis\u00e9e dans la traduction de contenus marketing et puiblicitaires, qui requiert justesse, flexibilit\u00e9 et respect absolu des d\u00e9lais\" \/>\n<meta property=\"og:url\" content=\"https:\/\/www.tradissima.com\/domaines-de-specialisation\/marketing\/\" \/>\n<meta property=\"og:site_name\" content=\"Traduction professionnelle multilingue de qualit\u00e9, devis en ligne\" \/>\n<meta property=\"article:modified_time\" content=\"2018-06-04T18:52:25+00:00\" \/>\n<meta property=\"og:image\" content=\"https:\/\/www.tradissima.com\/wp-content\/uploads\/2018\/01\/traducteur-marketing-e1516206771143.jpg\" \/>\n\t<meta property=\"og:image:width\" content=\"770\" \/>\n\t<meta property=\"og:image:height\" content=\"514\" \/>\n\t<meta property=\"og:image:type\" content=\"image\/jpeg\" \/>\n<meta name=\"twitter:card\" content=\"summary_large_image\" \/>\n<meta name=\"twitter:label1\" content=\"Est. reading time\" \/>\n\t<meta name=\"twitter:data1\" content=\"2 minutes\" \/>\n<script type=\"application\/ld+json\" class=\"yoast-schema-graph\">{\"@context\":\"https:\\\/\\\/schema.org\",\"@graph\":[{\"@type\":\"WebPage\",\"@id\":\"https:\\\/\\\/www.tradissima.com\\\/domaines-de-specialisation\\\/marketing\\\/\",\"url\":\"https:\\\/\\\/www.tradissima.com\\\/domaines-de-specialisation\\\/marketing\\\/\",\"name\":\"Savoir-faire adapt\u00e9 \u00e0 vos contenus marketing et publicitaires\",\"isPartOf\":{\"@id\":\"https:\\\/\\\/www.tradissima.com\\\/#website\"},\"primaryImageOfPage\":{\"@id\":\"https:\\\/\\\/www.tradissima.com\\\/domaines-de-specialisation\\\/marketing\\\/#primaryimage\"},\"image\":{\"@id\":\"https:\\\/\\\/www.tradissima.com\\\/domaines-de-specialisation\\\/marketing\\\/#primaryimage\"},\"thumbnailUrl\":\"https:\\\/\\\/www.tradissima.com\\\/wp-content\\\/uploads\\\/2018\\\/01\\\/traducteur-marketing-e1516206771143.jpg\",\"datePublished\":\"2017-11-21T10:56:14+00:00\",\"dateModified\":\"2018-06-04T18:52:25+00:00\",\"description\":\"Tradissima est sp\u00e9cialis\u00e9e dans la traduction de contenus marketing et puiblicitaires, qui requiert justesse, flexibilit\u00e9 et respect absolu des d\u00e9lais\",\"breadcrumb\":{\"@id\":\"https:\\\/\\\/www.tradissima.com\\\/domaines-de-specialisation\\\/marketing\\\/#breadcrumb\"},\"inLanguage\":\"en-US\",\"potentialAction\":[{\"@type\":\"ReadAction\",\"target\":[\"https:\\\/\\\/www.tradissima.com\\\/domaines-de-specialisation\\\/marketing\\\/\"]}]},{\"@type\":\"ImageObject\",\"inLanguage\":\"en-US\",\"@id\":\"https:\\\/\\\/www.tradissima.com\\\/domaines-de-specialisation\\\/marketing\\\/#primaryimage\",\"url\":\"https:\\\/\\\/www.tradissima.com\\\/wp-content\\\/uploads\\\/2018\\\/01\\\/traducteur-marketing-e1516206771143.jpg\",\"contentUrl\":\"https:\\\/\\\/www.tradissima.com\\\/wp-content\\\/uploads\\\/2018\\\/01\\\/traducteur-marketing-e1516206771143.jpg\",\"width\":770,\"height\":514},{\"@type\":\"BreadcrumbList\",\"@id\":\"https:\\\/\\\/www.tradissima.com\\\/domaines-de-specialisation\\\/marketing\\\/#breadcrumb\",\"itemListElement\":[{\"@type\":\"ListItem\",\"position\":1,\"name\":\"Accueil\",\"item\":\"https:\\\/\\\/www.tradissima.com\\\/\"},{\"@type\":\"ListItem\",\"position\":2,\"name\":\"Our specialisations\",\"item\":\"https:\\\/\\\/www.tradissima.com\\\/en\\\/domaines-de-specialisation\\\/\"},{\"@type\":\"ListItem\",\"position\":3,\"name\":\"Services de traduction commerciale adapt\u00e9s \u00e0 tous les secteurs\"}]},{\"@type\":\"WebSite\",\"@id\":\"https:\\\/\\\/www.tradissima.com\\\/#website\",\"url\":\"https:\\\/\\\/www.tradissima.com\\\/\",\"name\":\"Traduction professionnelle multilingue de qualit\u00e9, devis en ligne\",\"description\":\"Services de traduction et de relecture multilingues par des experts natifs sp\u00e9cialis\u00e9s dans de nombreux domaines, devis comp\u00e9titif adress\u00e9 sous 2 heures\",\"potentialAction\":[{\"@type\":\"SearchAction\",\"target\":{\"@type\":\"EntryPoint\",\"urlTemplate\":\"https:\\\/\\\/www.tradissima.com\\\/?s={search_term_string}\"},\"query-input\":{\"@type\":\"PropertyValueSpecification\",\"valueRequired\":true,\"valueName\":\"search_term_string\"}}],\"inLanguage\":\"en-US\"}]}<\/script>\n<!-- \/ Yoast SEO plugin. -->","yoast_head_json":{"title":"Savoir-faire adapt\u00e9 \u00e0 vos contenus marketing et publicitaires","description":"Tradissima est sp\u00e9cialis\u00e9e dans la traduction de contenus marketing et puiblicitaires, qui requiert justesse, flexibilit\u00e9 et respect absolu des d\u00e9lais","robots":{"index":"index","follow":"follow","max-snippet":"max-snippet:-1","max-image-preview":"max-image-preview:large","max-video-preview":"max-video-preview:-1"},"canonical":"https:\/\/www.tradissima.com\/domaines-de-specialisation\/marketing\/","og_locale":"en_US","og_type":"article","og_title":"Savoir-faire adapt\u00e9 \u00e0 vos contenus marketing et publicitaires","og_description":"Tradissima est sp\u00e9cialis\u00e9e dans la traduction de contenus marketing et puiblicitaires, qui requiert justesse, flexibilit\u00e9 et respect absolu des d\u00e9lais","og_url":"https:\/\/www.tradissima.com\/domaines-de-specialisation\/marketing\/","og_site_name":"Traduction professionnelle multilingue de qualit\u00e9, devis en ligne","article_modified_time":"2018-06-04T18:52:25+00:00","og_image":[{"width":770,"height":514,"url":"https:\/\/www.tradissima.com\/wp-content\/uploads\/2018\/01\/traducteur-marketing-e1516206771143.jpg","type":"image\/jpeg"}],"twitter_card":"summary_large_image","twitter_misc":{"Est. reading time":"2 minutes"},"schema":{"@context":"https:\/\/schema.org","@graph":[{"@type":"WebPage","@id":"https:\/\/www.tradissima.com\/domaines-de-specialisation\/marketing\/","url":"https:\/\/www.tradissima.com\/domaines-de-specialisation\/marketing\/","name":"Savoir-faire adapt\u00e9 \u00e0 vos contenus marketing et publicitaires","isPartOf":{"@id":"https:\/\/www.tradissima.com\/#website"},"primaryImageOfPage":{"@id":"https:\/\/www.tradissima.com\/domaines-de-specialisation\/marketing\/#primaryimage"},"image":{"@id":"https:\/\/www.tradissima.com\/domaines-de-specialisation\/marketing\/#primaryimage"},"thumbnailUrl":"https:\/\/www.tradissima.com\/wp-content\/uploads\/2018\/01\/traducteur-marketing-e1516206771143.jpg","datePublished":"2017-11-21T10:56:14+00:00","dateModified":"2018-06-04T18:52:25+00:00","description":"Tradissima est sp\u00e9cialis\u00e9e dans la traduction de contenus marketing et puiblicitaires, qui requiert justesse, flexibilit\u00e9 et respect absolu des d\u00e9lais","breadcrumb":{"@id":"https:\/\/www.tradissima.com\/domaines-de-specialisation\/marketing\/#breadcrumb"},"inLanguage":"en-US","potentialAction":[{"@type":"ReadAction","target":["https:\/\/www.tradissima.com\/domaines-de-specialisation\/marketing\/"]}]},{"@type":"ImageObject","inLanguage":"en-US","@id":"https:\/\/www.tradissima.com\/domaines-de-specialisation\/marketing\/#primaryimage","url":"https:\/\/www.tradissima.com\/wp-content\/uploads\/2018\/01\/traducteur-marketing-e1516206771143.jpg","contentUrl":"https:\/\/www.tradissima.com\/wp-content\/uploads\/2018\/01\/traducteur-marketing-e1516206771143.jpg","width":770,"height":514},{"@type":"BreadcrumbList","@id":"https:\/\/www.tradissima.com\/domaines-de-specialisation\/marketing\/#breadcrumb","itemListElement":[{"@type":"ListItem","position":1,"name":"Accueil","item":"https:\/\/www.tradissima.com\/"},{"@type":"ListItem","position":2,"name":"Our specialisations","item":"https:\/\/www.tradissima.com\/en\/domaines-de-specialisation\/"},{"@type":"ListItem","position":3,"name":"Services de traduction commerciale adapt\u00e9s \u00e0 tous les secteurs"}]},{"@type":"WebSite","@id":"https:\/\/www.tradissima.com\/#website","url":"https:\/\/www.tradissima.com\/","name":"Traduction professionnelle multilingue de qualit\u00e9, devis en ligne","description":"Services de traduction et de relecture multilingues par des experts natifs sp\u00e9cialis\u00e9s dans de nombreux domaines, devis comp\u00e9titif adress\u00e9 sous 2 heures","potentialAction":[{"@type":"SearchAction","target":{"@type":"EntryPoint","urlTemplate":"https:\/\/www.tradissima.com\/?s={search_term_string}"},"query-input":{"@type":"PropertyValueSpecification","valueRequired":true,"valueName":"search_term_string"}}],"inLanguage":"en-US"}]}},"_links":{"self":[{"href":"https:\/\/www.tradissima.com\/en\/wp-json\/wp\/v2\/pages\/11","targetHints":{"allow":["GET"]}}],"collection":[{"href":"https:\/\/www.tradissima.com\/en\/wp-json\/wp\/v2\/pages"}],"about":[{"href":"https:\/\/www.tradissima.com\/en\/wp-json\/wp\/v2\/types\/page"}],"author":[{"embeddable":true,"href":"https:\/\/www.tradissima.com\/en\/wp-json\/wp\/v2\/users\/2"}],"replies":[{"embeddable":true,"href":"https:\/\/www.tradissima.com\/en\/wp-json\/wp\/v2\/comments?post=11"}],"version-history":[{"count":7,"href":"https:\/\/www.tradissima.com\/en\/wp-json\/wp\/v2\/pages\/11\/revisions"}],"predecessor-version":[{"id":528,"href":"https:\/\/www.tradissima.com\/en\/wp-json\/wp\/v2\/pages\/11\/revisions\/528"}],"up":[{"embeddable":true,"href":"https:\/\/www.tradissima.com\/en\/wp-json\/wp\/v2\/pages\/37"}],"wp:featuredmedia":[{"embeddable":true,"href":"https:\/\/www.tradissima.com\/en\/wp-json\/wp\/v2\/media\/119"}],"wp:attachment":[{"href":"https:\/\/www.tradissima.com\/en\/wp-json\/wp\/v2\/media?parent=11"}],"curies":[{"name":"wp","href":"https:\/\/api.w.org\/{rel}","templated":true}]}}